{"id":733055,"date":"2025-08-27T22:02:44","date_gmt":"2025-08-27T19:02:44","guid":{"rendered":"https:\/\/roveyayinevi.com.tr\/index.php\/urun\/mevut-hukum\/"},"modified":"2026-04-16T02:40:49","modified_gmt":"2026-04-15T23:40:49","slug":"mevut-hukum","status":"publish","type":"product","link":"https:\/\/roveyayinevi.com.tr\/index.php\/urun\/mevut-hukum\/","title":{"rendered":"Mevut H\u00fck\u00fcm"},"content":{"rendered":"<p>Sanat\u0131n\u0131n, ilminin vezaifini her \u015feyden mukaddes bilen Kas\u0131m! \u015eimdi a\u015fk ve merhametin kar\u015f\u0131s\u0131nda, hi\u00e7bir insan\u0131n a\u015fk\u0131 i\u00e7in hususi bir aleti olamayaca\u011f\u0131na iman etti\u011fi b\u00fcy\u00fck sanat\u0131n\u0131 Sara\u2019y\u0131 kazanmak i\u00e7in bir vas\u0131ta yap\u0131vermi\u015fti. Hem de nas\u0131l bir \u015fey i\u00e7in yemin etmi\u015fti! \u0130lmi, kitaplar\u0131, hocalar\u0131, laboratuvarlar\u0131, o kadar fedak\u00e2rl\u0131kla elde etti\u011fi sanat\u0131, semadan muazzam simalarla ba\u015f\u0131 \u00fczerine e\u011filmi\u015f, onu telin ediyorlar gibi geldi. O da Sara\u2019n\u0131n elleri \u00fcst\u00fcnde, \u00f6mr\u00fcnde ilk defa olarak a\u011flaman\u0131n harikulade h\u00fcz\u00fcn ve lezzetini hissederek a\u011flad\u0131, a\u011flad\u0131.Mevut H\u00fck\u00fcm, Halide Edib\u2019in ilk d\u00f6nem romanlar\u0131ndaki arzu ve delilik matrisinin i\u00e7inde konumlan\u0131r. Akl\u0131n, arzunun k\u0131y\u0131s\u0131nda olan kad\u0131nlar, o s\u0131n\u0131r\u0131 a\u015fsalar da a\u015fmasalar da tehdit olarak alg\u0131lan\u0131rlar ve toplumun eril simgesel d\u00fczlemini her an istikrars\u0131zla\u015ft\u0131rd\u0131klar\u0131 i\u00e7in bu d\u00fcnyada onlara yer yoktur.Fatih Altu\u011fKaleme ald\u0131\u011f\u0131 her metinle yeniden tart\u0131\u015f\u0131lan Halide Edib\u2019in b\u00fct\u00fcn eserleri, g\u00f6zden ge\u00e7irilmi\u015f bask\u0131lar\u0131yla Can Yay\u0131nlar\u0131\u2019nda.<\/p>\n","protected":false},"excerpt":{"rendered":"<p>Sanat\u0131n\u0131n, ilminin vezaifini her \u015feyden mukaddes bilen Kas\u0131m! \u015eimdi a\u015fk ve merhametin kar\u015f\u0131s\u0131nda, hi\u00e7bir insan\u0131n a\u015fk\u0131 i\u00e7in hususi bir aleti olamayaca\u011f\u0131na iman etti\u011fi b\u00fcy\u00fck sanat\u0131n\u0131 Sara\u2019y\u0131<span class=\"excerpt-hellip\"> [\u2026]<\/span><\/p>\n","protected":false},"featured_media":0,"template":"","meta":{"_monsterinsights_skip_tracking":false,"_monsterinsights_sitenote_active":false,"_monsterinsights_sitenote_note":"","_monsterinsights_sitenote_category":0},"product_brand":[],"product_cat":[12291,12711],"product_tag":[],"class_list":{"0":"post-733055","1":"product","2":"type-product","3":"status-publish","5":"product_cat-edebiyat","6":"product_cat-roman-oyku","7":"pa_cilt-ciltsiz","8":"pa_tur-kitap","9":"pa_yayinevi-can-yayinlari","10":"pa_yazar-halide-edib-adivar","12":"first","13":"instock","14":"sale","15":"shipping-taxable","16":"purchasable","17":"product-type-simple"},"_links":{"self":[{"href":"https:\/\/roveyayinevi.com.tr\/index.php\/wp-json\/wp\/v2\/product\/733055","targetHints":{"allow":["GET"]}}],"collection":[{"href":"https:\/\/roveyayinevi.com.tr\/index.php\/wp-json\/wp\/v2\/product"}],"about":[{"href":"https:\/\/roveyayinevi.com.tr\/index.php\/wp-json\/wp\/v2\/types\/product"}],"wp:attachment":[{"href":"https:\/\/roveyayinevi.com.tr\/index.php\/wp-json\/wp\/v2\/media?parent=733055"}],"wp:term":[{"taxonomy":"product_brand","embeddable":true,"href":"https:\/\/roveyayinevi.com.tr\/index.php\/wp-json\/wp\/v2\/product_brand?post=733055"},{"taxonomy":"product_cat","embeddable":true,"href":"https:\/\/roveyayinevi.com.tr\/index.php\/wp-json\/wp\/v2\/product_cat?post=733055"},{"taxonomy":"product_tag","embeddable":true,"href":"https:\/\/roveyayinevi.com.tr\/index.php\/wp-json\/wp\/v2\/product_tag?post=733055"}],"curies":[{"name":"wp","href":"https:\/\/api.w.org\/{rel}","templated":true}]}}