{"id":733054,"date":"2025-08-27T22:02:43","date_gmt":"2025-08-27T19:02:43","guid":{"rendered":"https:\/\/roveyayinevi.com.tr\/index.php\/urun\/hanife-hanimin-istanbul-maceralari\/"},"modified":"2026-04-16T02:40:49","modified_gmt":"2026-04-15T23:40:49","slug":"hanife-hanimin-istanbul-maceralari","status":"publish","type":"product","link":"https:\/\/roveyayinevi.com.tr\/index.php\/urun\/hanife-hanimin-istanbul-maceralari\/","title":{"rendered":"Hanife Han\u0131m\u2019\u0131n \u0130stanbul Maceralar\u0131"},"content":{"rendered":"<p>1930\u2019lar\u0131n ba\u015flar\u0131nda Yeni G\u00fcn gazetesinde yay\u0131mlanan bu yaz\u0131larda \u0130stanbul\u2019un ve sosyal hayat\u0131m\u0131z\u0131n ge\u00e7irdi\u011fi h\u0131zl\u0131 d\u00f6n\u00fc\u015f\u00fcm, Fatih \u00c7ar\u015fambal\u0131 Hanife Han\u0131m\u2019\u0131n \u015fahitli\u011fiyle anlat\u0131l\u0131yor. Mahmut Yesari\u2019yi yan\u0131na katarak sinemalardan futbol, boks ma\u00e7lar\u0131na, y\u0131lba\u015f\u0131 partilerinden G\u00fczel Sanatlar Akademisi\u2019ne \u0130stanbul\u2019u semt semt, mek\u00e2n mek\u00e2n gezen insanc\u0131l Hanife Han\u0131m, kar\u015f\u0131la\u015ft\u0131\u011f\u0131 tiplerle son derece e\u011flenceli sohbetler yap\u0131yor. Devrin t\u00fcredi zenginlerinden matbuat emek\u00e7ilerine, \u0130brahim \u00c7all\u0131, Neyzen Tevfik, \u015e\u00fck\u00fbfe Nihal, Osman Cemal gibi \u00fcnl\u00fclerine kadar sanat\u00e7\u0131, gazeteci, siyaset\u00e7i bir\u00e7ok ismin dahil oldu\u011fu bu kar\u015f\u0131la\u015fmalar, bize zengin bir modern T\u00fcrkiye haritas\u0131 sunuyor.   \u201c[Mahmut Yesari\u2019nin] as\u0131l k\u0131ymeti hayat\u0131nda kavranm\u0131\u015f de\u011fildir, \u00f6l\u00fcm\u00fcnden ve nesillerden sonra de\u011feri artacak ediplerdendir.\u201d Refik Halid Karay   \u201cMahmut Yesari, kendisinde ve benzerlerinin \u015fahs\u0131nda z\u00fcrriyeti kurumaya y\u00fcz tutmu\u015f bir bohem neslinin son m\u00fcmessillerindendi. (\u2026) Mahmut Yesari\u2019nin \u00f6l\u00fcm\u00fc, T\u00fcrk edebiyat\u0131n\u0131 ve gazetecili\u011fini benzeri az bulunur bir rikkat ve fazilet \u00f6rne\u011finden mahrum b\u0131rakt\u0131.\u201d Peyami Safa <\/p>\n","protected":false},"excerpt":{"rendered":"<p>1930\u2019lar\u0131n ba\u015flar\u0131nda Yeni G\u00fcn gazetesinde yay\u0131mlanan bu yaz\u0131larda \u0130stanbul\u2019un ve sosyal hayat\u0131m\u0131z\u0131n ge\u00e7irdi\u011fi h\u0131zl\u0131 d\u00f6n\u00fc\u015f\u00fcm, Fatih \u00c7ar\u015fambal\u0131 Hanife Han\u0131m\u2019\u0131n \u015fahitli\u011fiyle anlat\u0131l\u0131yor. Mahmut Yesari\u2019yi yan\u0131na katarak sinemalardan<span class=\"excerpt-hellip\"> [\u2026]<\/span><\/p>\n","protected":false},"featured_media":0,"template":"","meta":{"_monsterinsights_skip_tracking":false,"_monsterinsights_sitenote_active":false,"_monsterinsights_sitenote_note":"","_monsterinsights_sitenote_category":0},"product_brand":[],"product_cat":[18545,12291],"product_tag":[],"class_list":{"0":"post-733054","1":"product","2":"type-product","3":"status-publish","5":"product_cat-anlati","6":"product_cat-edebiyat","7":"pa_cilt-ciltsiz","8":"pa_tur-kitap","9":"pa_yayinevi-can-yayinlari","10":"pa_yazar-mahmut-yesari","12":"first","13":"instock","14":"sale","15":"shipping-taxable","16":"purchasable","17":"product-type-simple"},"_links":{"self":[{"href":"https:\/\/roveyayinevi.com.tr\/index.php\/wp-json\/wp\/v2\/product\/733054","targetHints":{"allow":["GET"]}}],"collection":[{"href":"https:\/\/roveyayinevi.com.tr\/index.php\/wp-json\/wp\/v2\/product"}],"about":[{"href":"https:\/\/roveyayinevi.com.tr\/index.php\/wp-json\/wp\/v2\/types\/product"}],"wp:attachment":[{"href":"https:\/\/roveyayinevi.com.tr\/index.php\/wp-json\/wp\/v2\/media?parent=733054"}],"wp:term":[{"taxonomy":"product_brand","embeddable":true,"href":"https:\/\/roveyayinevi.com.tr\/index.php\/wp-json\/wp\/v2\/product_brand?post=733054"},{"taxonomy":"product_cat","embeddable":true,"href":"https:\/\/roveyayinevi.com.tr\/index.php\/wp-json\/wp\/v2\/product_cat?post=733054"},{"taxonomy":"product_tag","embeddable":true,"href":"https:\/\/roveyayinevi.com.tr\/index.php\/wp-json\/wp\/v2\/product_tag?post=733054"}],"curies":[{"name":"wp","href":"https:\/\/api.w.org\/{rel}","templated":true}]}}