{"id":733048,"date":"2025-08-27T22:02:35","date_gmt":"2025-08-27T19:02:35","guid":{"rendered":"https:\/\/roveyayinevi.com.tr\/index.php\/urun\/kambiri\/"},"modified":"2026-04-16T02:40:49","modified_gmt":"2026-04-15T23:40:49","slug":"kambiri","status":"publish","type":"product","link":"https:\/\/roveyayinevi.com.tr\/index.php\/urun\/kambiri\/","title":{"rendered":"Kambiri"},"content":{"rendered":"<p>Kambiri Sahibini Bekleyen K\u00f6pek Hachiko&#8217;nun Yazar\u0131 Luis Prats Martinez&#8217;den Dokuz ayl\u0131k k\u0131z\u0131 Kambiri ile birlikte Afrika&#8217;dan \u0130talya&#8217;ya ge\u00e7ip onlar\u0131 bekleyen e\u015fine ula\u015fmaya \u00e7al\u0131\u015fan Alika yolda \u00f6l\u00fcr. Teknedeki di\u011fer g\u00f6\u00e7menler, Lampedusa Adas\u0131&#8217;ndaki yetkililer taraf\u0131ndan karaya \u00e7\u0131kar\u0131l\u0131rlar. Yaral\u0131larla ilgilenen Doktor Salviati, Kambiri&#8217;yi \u00e7ok sever ve onu evlat edinir. Bir yandan Kambiri&#8217;nin ger\u00e7ek babas\u0131n\u0131 aramaktad\u0131r&#8230; Ger\u00e7ek bir olaydan ilham al\u0131narak yaz\u0131lan bu kitap, sava\u015ftan ve a\u00e7l\u0131ktan ka\u00e7arak yeni bir yuva aray\u0131\u015f\u0131na giren g\u00f6\u00e7menlerin zorlu ya\u015fam\u0131na \u0131\u015f\u0131k tutmaktad\u0131r. Eser 2019 y\u0131l\u0131nda, \u00fcnl\u00fc Katalan yazar\u0131n ad\u0131yla verilen Ram\u00f3n Muntaner \u00d6d\u00fcl\u00fc&#8217;ne lay\u0131k g\u00f6r\u00fclm\u00fc\u015ft\u00fcr. <\/p>\n","protected":false},"excerpt":{"rendered":"<p>Kambiri Sahibini Bekleyen K\u00f6pek Hachiko&#8217;nun Yazar\u0131 Luis Prats Martinez&#8217;den Dokuz ayl\u0131k k\u0131z\u0131 Kambiri ile birlikte Afrika&#8217;dan \u0130talya&#8217;ya ge\u00e7ip onlar\u0131 bekleyen e\u015fine ula\u015fmaya \u00e7al\u0131\u015fan Alika yolda \u00f6l\u00fcr.<span class=\"excerpt-hellip\"> [\u2026]<\/span><\/p>\n","protected":false},"featured_media":0,"template":"","meta":{"_monsterinsights_skip_tracking":false,"_monsterinsights_sitenote_active":false,"_monsterinsights_sitenote_note":"","_monsterinsights_sitenote_category":0},"product_brand":[],"product_cat":[12275,12274],"product_tag":[],"class_list":{"0":"post-733048","1":"product","2":"type-product","3":"status-publish","5":"product_cat-6-12-yas-kitaplari","6":"product_cat-cocuk-ve-genclik-kitaplari","7":"pa_cilt-ciltsiz","8":"pa_tur-kitap","9":"pa_yayinevi-beyaz-balina-yayinlari","10":"pa_yazar-luis-prats-martinez","12":"first","13":"instock","14":"sale","15":"shipping-taxable","16":"purchasable","17":"product-type-simple"},"_links":{"self":[{"href":"https:\/\/roveyayinevi.com.tr\/index.php\/wp-json\/wp\/v2\/product\/733048","targetHints":{"allow":["GET"]}}],"collection":[{"href":"https:\/\/roveyayinevi.com.tr\/index.php\/wp-json\/wp\/v2\/product"}],"about":[{"href":"https:\/\/roveyayinevi.com.tr\/index.php\/wp-json\/wp\/v2\/types\/product"}],"wp:attachment":[{"href":"https:\/\/roveyayinevi.com.tr\/index.php\/wp-json\/wp\/v2\/media?parent=733048"}],"wp:term":[{"taxonomy":"product_brand","embeddable":true,"href":"https:\/\/roveyayinevi.com.tr\/index.php\/wp-json\/wp\/v2\/product_brand?post=733048"},{"taxonomy":"product_cat","embeddable":true,"href":"https:\/\/roveyayinevi.com.tr\/index.php\/wp-json\/wp\/v2\/product_cat?post=733048"},{"taxonomy":"product_tag","embeddable":true,"href":"https:\/\/roveyayinevi.com.tr\/index.php\/wp-json\/wp\/v2\/product_tag?post=733048"}],"curies":[{"name":"wp","href":"https:\/\/api.w.org\/{rel}","templated":true}]}}