{"id":733042,"date":"2025-08-27T22:02:28","date_gmt":"2025-08-27T19:02:28","guid":{"rendered":"https:\/\/roveyayinevi.com.tr\/index.php\/urun\/bag-bozumu\/"},"modified":"2026-04-16T02:40:49","modified_gmt":"2026-04-15T23:40:49","slug":"bag-bozumu","status":"publish","type":"product","link":"https:\/\/roveyayinevi.com.tr\/index.php\/urun\/bag-bozumu\/","title":{"rendered":"Ba\u011f Bozumu"},"content":{"rendered":"<p>\u201cKaybedi\u015fler insan\u0131 b\u00fcy\u00fct\u00fcrken, terk edili\u015fler b\u00fcy\u00fcmesini engeller.\u201d Efsa ve Asaf, Yemen&#8217;de aileleriyle mutlu bir hayatlar\u0131 olan iki karde\u015ftir. Bir ba\u011f bozumu vaktinde, ailelerini ac\u0131 bir olayla kaybeden bu iki karde\u015f, birbirlerinden de ayr\u0131 d\u00fc\u015fmek zorunda kal\u0131r ve as\u0131l hik\u00e2ye burada ba\u015flar. Ailesinden, do\u011fdu\u011fu evden ve ya\u015fad\u0131\u011f\u0131 \u015fehirden \u00e7ok uzaklara s\u00fcr\u00fcklenen Efsa, ona sunulan bamba\u015fka hayat sayesinde ba\u015far\u0131l\u0131 bir gen\u00e7 kad\u0131n olur. Ailesinin intikam\u0131n\u0131 almak ve bir g\u00fcn karde\u015fini bulmak umuduyla hayata tutunan Asaf ise kendini ac\u0131mas\u0131z bir oyunun i\u00e7inde bulur. \u0130ki karde\u015f i\u00e7in bamba\u015fka a\u011flar \u00f6ren kader, onlar\u0131 tekrar bir araya getirecek miydi?   Ac\u0131 hat\u0131ralar\u0131ndan y\u0131llar ge\u00e7se de s\u0131yr\u0131lamayan Efsa&#8217;n\u0131n ve y\u0131llar\u0131n\u0131 karde\u015fini bulma umuduyla ge\u00e7iren Asaf&#8217;\u0131n Yemen&#8217;den T\u00fcrkiye&#8217;ye uzanan bu sars\u0131c\u0131 roman\u0131 okurken hayat\u0131n onlara kar\u015f\u0131 ac\u0131mas\u0131zl\u0131\u011f\u0131n\u0131 derinden hissedecek ve bir yandan eksildik\u00e7e di\u011fer yandan kalabal\u0131k olman\u0131n dayan\u0131lmaz sanc\u0131s\u0131yla y\u00fczle\u015feceksiniz.<\/p>\n","protected":false},"excerpt":{"rendered":"<p>\u201cKaybedi\u015fler insan\u0131 b\u00fcy\u00fct\u00fcrken, terk edili\u015fler b\u00fcy\u00fcmesini engeller.\u201d Efsa ve Asaf, Yemen&#8217;de aileleriyle mutlu bir hayatlar\u0131 olan iki karde\u015ftir. Bir ba\u011f bozumu vaktinde, ailelerini ac\u0131 bir olayla<span class=\"excerpt-hellip\"> [\u2026]<\/span><\/p>\n","protected":false},"featured_media":0,"template":"","meta":{"_monsterinsights_skip_tracking":false,"_monsterinsights_sitenote_active":false,"_monsterinsights_sitenote_note":"","_monsterinsights_sitenote_category":0},"product_brand":[],"product_cat":[12291,12711],"product_tag":[],"class_list":{"0":"post-733042","1":"product","2":"type-product","3":"status-publish","5":"product_cat-edebiyat","6":"product_cat-roman-oyku","7":"pa_cilt-ciltsiz","8":"pa_tur-kitap","9":"pa_yayinevi-perseus","10":"pa_yazar-umit-liman","12":"first","13":"instock","14":"sale","15":"shipping-taxable","16":"purchasable","17":"product-type-simple"},"_links":{"self":[{"href":"https:\/\/roveyayinevi.com.tr\/index.php\/wp-json\/wp\/v2\/product\/733042","targetHints":{"allow":["GET"]}}],"collection":[{"href":"https:\/\/roveyayinevi.com.tr\/index.php\/wp-json\/wp\/v2\/product"}],"about":[{"href":"https:\/\/roveyayinevi.com.tr\/index.php\/wp-json\/wp\/v2\/types\/product"}],"wp:attachment":[{"href":"https:\/\/roveyayinevi.com.tr\/index.php\/wp-json\/wp\/v2\/media?parent=733042"}],"wp:term":[{"taxonomy":"product_brand","embeddable":true,"href":"https:\/\/roveyayinevi.com.tr\/index.php\/wp-json\/wp\/v2\/product_brand?post=733042"},{"taxonomy":"product_cat","embeddable":true,"href":"https:\/\/roveyayinevi.com.tr\/index.php\/wp-json\/wp\/v2\/product_cat?post=733042"},{"taxonomy":"product_tag","embeddable":true,"href":"https:\/\/roveyayinevi.com.tr\/index.php\/wp-json\/wp\/v2\/product_tag?post=733042"}],"curies":[{"name":"wp","href":"https:\/\/api.w.org\/{rel}","templated":true}]}}