{"id":733041,"date":"2025-08-27T22:02:27","date_gmt":"2025-08-27T19:02:27","guid":{"rendered":"https:\/\/roveyayinevi.com.tr\/index.php\/urun\/ey-anka\/"},"modified":"2026-04-16T02:40:49","modified_gmt":"2026-04-15T23:40:49","slug":"ey-anka","status":"publish","type":"product","link":"https:\/\/roveyayinevi.com.tr\/index.php\/urun\/ey-anka\/","title":{"rendered":"Ey Anka"},"content":{"rendered":"<p>Beylik \u015eiir Hangi \u015fiir, Kutsal bir kitabe gibi Sard\u0131 hoyrat\u00e7a bedeni?   Hangi \u015fiir, Dili \u00e7\u0131kanlara diken; Raydan kaym\u0131\u015f\u0131n d\u00fcmeni?   Hangi \u015fiir, Ac\u0131 bir feryat misali Senden ay\u0131rd\u0131 ki seni?   1976 y\u0131l\u0131 Bulancak\/G\u0130RESUN do\u011fumlu olan \u015fair, ilk ve orta \u00f6\u011frenimini burada tamamlam\u0131\u015f, Sel\u00e7uk \u00dcniversitesi E\u011fitim Fak\u00fcltesinden 1998 y\u0131l\u0131nda edebiyat \u00f6\u011fretmenli\u011fi mezuniyetini alarak meslek hayat\u0131na ba\u015flam\u0131\u015ft\u0131r. 23 y\u0131ll\u0131k e\u011fitimcilik hayat\u0131 boyunca \u00e7e\u015fitli sivil toplum kurulu\u015fu ve sendikalarda y\u00f6neticiliklerde bulunmu\u015f, ayn\u0131 zamanda Edeb\u00ee \u0130mza adl\u0131 bir edebiyat dergisinin de on say\u0131 boyunca edit\u00f6rl\u00fc\u011f\u00fcn\u00fc yapm\u0131\u015ft\u0131r.   \u015eairin \u015fiir ve yaz\u0131lar\u0131 \u00c7eto, Kardelen, Kadran, \u00c2b-\u0131 Hayat, Edeb\u00ee \u0130mza gibi dergilerde ve \u00e7e\u015fitli antolojilerde yay\u0131mlanm\u0131\u015ft\u0131r. \u015eu an itibariyle bir edebiyat derne\u011finin ba\u015fkanl\u0131\u011f\u0131n\u0131 da y\u00fcr\u00fcten ALBAYRAK, ayn\u0131 zamanda T\u00fcrkiye Yazarlar Birli\u011fi \u00fcyesidir. \u015eair evli olup iki \u00e7ocuk babas\u0131d\u0131r. <\/p>\n","protected":false},"excerpt":{"rendered":"<p>Beylik \u015eiir Hangi \u015fiir, Kutsal bir kitabe gibi Sard\u0131 hoyrat\u00e7a bedeni? Hangi \u015fiir, Dili \u00e7\u0131kanlara diken; Raydan kaym\u0131\u015f\u0131n d\u00fcmeni? Hangi \u015fiir, Ac\u0131 bir feryat misali Senden<span class=\"excerpt-hellip\"> [\u2026]<\/span><\/p>\n","protected":false},"featured_media":0,"template":"","meta":{"_monsterinsights_skip_tracking":false,"_monsterinsights_sitenote_active":false,"_monsterinsights_sitenote_note":"","_monsterinsights_sitenote_category":0},"product_brand":[],"product_cat":[12291,12509],"product_tag":[],"class_list":{"0":"post-733041","1":"product","2":"type-product","3":"status-publish","5":"product_cat-edebiyat","6":"product_cat-siir","7":"pa_cilt-ciltsiz","8":"pa_tur-kitap","9":"pa_yayinevi-gulnar-yayinlari","10":"pa_yazar-olgun-albayrak","12":"first","13":"instock","14":"sale","15":"shipping-taxable","16":"purchasable","17":"product-type-simple"},"_links":{"self":[{"href":"https:\/\/roveyayinevi.com.tr\/index.php\/wp-json\/wp\/v2\/product\/733041","targetHints":{"allow":["GET"]}}],"collection":[{"href":"https:\/\/roveyayinevi.com.tr\/index.php\/wp-json\/wp\/v2\/product"}],"about":[{"href":"https:\/\/roveyayinevi.com.tr\/index.php\/wp-json\/wp\/v2\/types\/product"}],"wp:attachment":[{"href":"https:\/\/roveyayinevi.com.tr\/index.php\/wp-json\/wp\/v2\/media?parent=733041"}],"wp:term":[{"taxonomy":"product_brand","embeddable":true,"href":"https:\/\/roveyayinevi.com.tr\/index.php\/wp-json\/wp\/v2\/product_brand?post=733041"},{"taxonomy":"product_cat","embeddable":true,"href":"https:\/\/roveyayinevi.com.tr\/index.php\/wp-json\/wp\/v2\/product_cat?post=733041"},{"taxonomy":"product_tag","embeddable":true,"href":"https:\/\/roveyayinevi.com.tr\/index.php\/wp-json\/wp\/v2\/product_tag?post=733041"}],"curies":[{"name":"wp","href":"https:\/\/api.w.org\/{rel}","templated":true}]}}