{"id":733040,"date":"2025-08-27T22:02:26","date_gmt":"2025-08-27T19:02:26","guid":{"rendered":"https:\/\/roveyayinevi.com.tr\/index.php\/urun\/yuregimde-sancilar\/"},"modified":"2026-04-16T02:40:49","modified_gmt":"2026-04-15T23:40:49","slug":"yuregimde-sancilar","status":"publish","type":"product","link":"https:\/\/roveyayinevi.com.tr\/index.php\/urun\/yuregimde-sancilar\/","title":{"rendered":"Y\u00fcre\u011fimde Sanc\u0131lar"},"content":{"rendered":"<p>B\u00f6yle ayr\u0131l\u0131klar g\u00f6rmedim, ac\u0131larla dolu \u00d6l\u00fcmlerden de beter, kur\u015fun yemi\u015f gibi B\u00f6yle sevdalar g\u00f6rmedim, \u00f6lesiye tutkulu Tutsakl\u0131ktan da beter, b\u0131\u00e7ak yaras\u0131 gibi Karanl\u0131k sevdalar, zindanlardan da beter I\u015f\u0131ks\u0131z, zifiri H\u00fcz\u00fcn dolu geceler, dost sevgilerinden uzakta Vatan hasretinden de beter Batar y\u00fcre\u011fime, koca koca dikenler gibi Izd\u0131rap dolu ayr\u0131l\u0131klar, m\u0131zrak gibi\u2026 <\/p>\n","protected":false},"excerpt":{"rendered":"<p>B\u00f6yle ayr\u0131l\u0131klar g\u00f6rmedim, ac\u0131larla dolu \u00d6l\u00fcmlerden de beter, kur\u015fun yemi\u015f gibi B\u00f6yle sevdalar g\u00f6rmedim, \u00f6lesiye tutkulu Tutsakl\u0131ktan da beter, b\u0131\u00e7ak yaras\u0131 gibi Karanl\u0131k sevdalar, zindanlardan da<span class=\"excerpt-hellip\"> [\u2026]<\/span><\/p>\n","protected":false},"featured_media":0,"template":"","meta":{"_monsterinsights_skip_tracking":false,"_monsterinsights_sitenote_active":false,"_monsterinsights_sitenote_note":"","_monsterinsights_sitenote_category":0},"product_brand":[],"product_cat":[12291,12509],"product_tag":[],"class_list":{"0":"post-733040","1":"product","2":"type-product","3":"status-publish","5":"product_cat-edebiyat","6":"product_cat-siir","7":"pa_cilt-ciltsiz","8":"pa_tur-kitap","9":"pa_yayinevi-luna-yayinlari","10":"pa_yazar-mufit-tekin-ozel","12":"first","13":"instock","14":"sale","15":"shipping-taxable","16":"purchasable","17":"product-type-simple"},"_links":{"self":[{"href":"https:\/\/roveyayinevi.com.tr\/index.php\/wp-json\/wp\/v2\/product\/733040","targetHints":{"allow":["GET"]}}],"collection":[{"href":"https:\/\/roveyayinevi.com.tr\/index.php\/wp-json\/wp\/v2\/product"}],"about":[{"href":"https:\/\/roveyayinevi.com.tr\/index.php\/wp-json\/wp\/v2\/types\/product"}],"wp:attachment":[{"href":"https:\/\/roveyayinevi.com.tr\/index.php\/wp-json\/wp\/v2\/media?parent=733040"}],"wp:term":[{"taxonomy":"product_brand","embeddable":true,"href":"https:\/\/roveyayinevi.com.tr\/index.php\/wp-json\/wp\/v2\/product_brand?post=733040"},{"taxonomy":"product_cat","embeddable":true,"href":"https:\/\/roveyayinevi.com.tr\/index.php\/wp-json\/wp\/v2\/product_cat?post=733040"},{"taxonomy":"product_tag","embeddable":true,"href":"https:\/\/roveyayinevi.com.tr\/index.php\/wp-json\/wp\/v2\/product_tag?post=733040"}],"curies":[{"name":"wp","href":"https:\/\/api.w.org\/{rel}","templated":true}]}}