{"id":733039,"date":"2025-08-27T22:02:25","date_gmt":"2025-08-27T19:02:25","guid":{"rendered":"https:\/\/roveyayinevi.com.tr\/index.php\/urun\/meczup-3\/"},"modified":"2026-04-16T02:40:49","modified_gmt":"2026-04-15T23:40:49","slug":"meczup-3","status":"publish","type":"product","link":"https:\/\/roveyayinevi.com.tr\/index.php\/urun\/meczup-3\/","title":{"rendered":"Meczup"},"content":{"rendered":"<p>Baz\u0131 hatalar\u0131n var m\u0131d\u0131r telafisi? Baz\u0131 ac\u0131lar dilsiz mi? Bilinmez\u2026 Baz\u0131 a\u015fklar yasak m\u0131, anlat\u0131lmaz m\u0131 masallarda? Ya\u015fan\u0131r ve unutulur mu Basit bir an\u0131 gibi? \u00d6ylesine arafta ki g\u00f6nl\u00fcm, Ne gitmene raz\u0131y\u0131m Ne kalmana muktedir \u015eu giydigim a\u015fk illetini Zem zem ile y\u0131kasam da Ne giymeyi diler tenim Ne de g\u00f6nl\u00fcme malikim\u2026 <\/p>\n","protected":false},"excerpt":{"rendered":"<p>Baz\u0131 hatalar\u0131n var m\u0131d\u0131r telafisi? Baz\u0131 ac\u0131lar dilsiz mi? Bilinmez\u2026 Baz\u0131 a\u015fklar yasak m\u0131, anlat\u0131lmaz m\u0131 masallarda? Ya\u015fan\u0131r ve unutulur mu Basit bir an\u0131 gibi? \u00d6ylesine<span class=\"excerpt-hellip\"> [\u2026]<\/span><\/p>\n","protected":false},"featured_media":0,"template":"","meta":{"_monsterinsights_skip_tracking":false,"_monsterinsights_sitenote_active":false,"_monsterinsights_sitenote_note":"","_monsterinsights_sitenote_category":0},"product_brand":[],"product_cat":[12291,12509],"product_tag":[],"class_list":{"0":"post-733039","1":"product","2":"type-product","3":"status-publish","5":"product_cat-edebiyat","6":"product_cat-siir","7":"pa_cilt-ciltsiz","8":"pa_tur-kitap","9":"pa_yayinevi-luna-yayinlari","10":"pa_yazar-selma-hancer","12":"first","13":"instock","14":"sale","15":"shipping-taxable","16":"purchasable","17":"product-type-simple"},"_links":{"self":[{"href":"https:\/\/roveyayinevi.com.tr\/index.php\/wp-json\/wp\/v2\/product\/733039","targetHints":{"allow":["GET"]}}],"collection":[{"href":"https:\/\/roveyayinevi.com.tr\/index.php\/wp-json\/wp\/v2\/product"}],"about":[{"href":"https:\/\/roveyayinevi.com.tr\/index.php\/wp-json\/wp\/v2\/types\/product"}],"wp:attachment":[{"href":"https:\/\/roveyayinevi.com.tr\/index.php\/wp-json\/wp\/v2\/media?parent=733039"}],"wp:term":[{"taxonomy":"product_brand","embeddable":true,"href":"https:\/\/roveyayinevi.com.tr\/index.php\/wp-json\/wp\/v2\/product_brand?post=733039"},{"taxonomy":"product_cat","embeddable":true,"href":"https:\/\/roveyayinevi.com.tr\/index.php\/wp-json\/wp\/v2\/product_cat?post=733039"},{"taxonomy":"product_tag","embeddable":true,"href":"https:\/\/roveyayinevi.com.tr\/index.php\/wp-json\/wp\/v2\/product_tag?post=733039"}],"curies":[{"name":"wp","href":"https:\/\/api.w.org\/{rel}","templated":true}]}}