{"id":733037,"date":"2025-08-27T22:02:22","date_gmt":"2025-08-27T19:02:22","guid":{"rendered":"https:\/\/roveyayinevi.com.tr\/index.php\/urun\/ask-melegim\/"},"modified":"2026-04-16T02:40:49","modified_gmt":"2026-04-15T23:40:49","slug":"ask-melegim","status":"publish","type":"product","link":"https:\/\/roveyayinevi.com.tr\/index.php\/urun\/ask-melegim\/","title":{"rendered":"A\u015fk Mele\u011fim"},"content":{"rendered":"<p>Ezeli iki rakip, birbirine z\u0131t iki Serafim. Biri iyili\u011fin ve \u015fefkatin temsilcisi olan A\u015fk Mele\u011fi Eros: Di\u011feri ise h\u0131rs ve \u00f6fkeyi kontrol eden Sava\u015f Mele\u011fi Ares. Mitolojide bilinenin aksine, onlar Ba\u015f Meleklerin g\u00f6zetiminde olan Yard\u0131mc\u0131 Meleklerden sadece ikisiydi. Son g\u00f6revlerinde her \u015feyi ellerine y\u00fczlerine bula\u015ft\u0131rmalar\u0131yla ne yaz\u0131k ki varolu\u015flar\u0131 da bir anda alt\u00fcst oluyor.Kabrion\u2019da toplanan Melekler Meclisi\u2019nin karar\u0131yla, ceza olarak yery\u00fcz\u00fcne yolland\u0131klar\u0131nda ise ba\u015flar\u0131na geleceklerden habersizdiler. Ya\u015fanmas\u0131 zor bir d\u00fczende do\u011fa\u00fcst\u00fc g\u00fc\u00e7leri kullanmadan, de\u011fi\u015fken insan toplulu\u011funa ayak uydurabilmek, onlar i\u00e7in san\u0131ld\u0131\u011f\u0131 kadar kolay olmayacakt\u0131. \u00dcstelik sadece birinin geri d\u00f6nebilece\u011fi bu s\u0131nava, kendi halinde gen\u00e7 bir k\u0131z\u0131n da d\u00e2hil olmas\u0131yla birlikte dengeler tamamen alt\u00fcst oluyor.\u00dc\u00e7 \u015fa\u015fk\u0131n\u0131n ba\u015flar\u0131na gelen trajik olaylar, esprili bir dilde okuyucuya aktar\u0131l\u0131rken; Fantastik \u00f6rg\u00fclerle i\u015flenmi\u015f her sahneyi, adeta kahkahalar e\u015fli\u011finde ya\u015fayarak okuyacaks\u0131n\u0131z.<\/p>\n","protected":false},"excerpt":{"rendered":"<p>Ezeli iki rakip, birbirine z\u0131t iki Serafim. Biri iyili\u011fin ve \u015fefkatin temsilcisi olan A\u015fk Mele\u011fi Eros: Di\u011feri ise h\u0131rs ve \u00f6fkeyi kontrol eden Sava\u015f Mele\u011fi Ares.<span class=\"excerpt-hellip\"> [\u2026]<\/span><\/p>\n","protected":false},"featured_media":0,"template":"","meta":{"_monsterinsights_skip_tracking":false,"_monsterinsights_sitenote_active":false,"_monsterinsights_sitenote_note":"","_monsterinsights_sitenote_category":0},"product_brand":[],"product_cat":[12291,14777],"product_tag":[],"class_list":{"0":"post-733037","1":"product","2":"type-product","3":"status-publish","5":"product_cat-edebiyat","6":"product_cat-fantastik","7":"pa_cilt-ciltsiz","8":"pa_tur-kitap","9":"pa_yayinevi-gece-kitapligi","10":"pa_yazar-nese-kaya","12":"first","13":"instock","14":"sale","15":"shipping-taxable","16":"purchasable","17":"product-type-simple"},"_links":{"self":[{"href":"https:\/\/roveyayinevi.com.tr\/index.php\/wp-json\/wp\/v2\/product\/733037","targetHints":{"allow":["GET"]}}],"collection":[{"href":"https:\/\/roveyayinevi.com.tr\/index.php\/wp-json\/wp\/v2\/product"}],"about":[{"href":"https:\/\/roveyayinevi.com.tr\/index.php\/wp-json\/wp\/v2\/types\/product"}],"wp:attachment":[{"href":"https:\/\/roveyayinevi.com.tr\/index.php\/wp-json\/wp\/v2\/media?parent=733037"}],"wp:term":[{"taxonomy":"product_brand","embeddable":true,"href":"https:\/\/roveyayinevi.com.tr\/index.php\/wp-json\/wp\/v2\/product_brand?post=733037"},{"taxonomy":"product_cat","embeddable":true,"href":"https:\/\/roveyayinevi.com.tr\/index.php\/wp-json\/wp\/v2\/product_cat?post=733037"},{"taxonomy":"product_tag","embeddable":true,"href":"https:\/\/roveyayinevi.com.tr\/index.php\/wp-json\/wp\/v2\/product_tag?post=733037"}],"curies":[{"name":"wp","href":"https:\/\/api.w.org\/{rel}","templated":true}]}}