{"id":733036,"date":"2025-08-27T22:02:21","date_gmt":"2025-08-27T19:02:21","guid":{"rendered":"https:\/\/roveyayinevi.com.tr\/index.php\/urun\/korsika-ucurumu\/"},"modified":"2026-04-08T02:50:04","modified_gmt":"2026-04-07T23:50:04","slug":"korsika-ucurumu","status":"publish","type":"product","link":"https:\/\/roveyayinevi.com.tr\/index.php\/urun\/korsika-ucurumu\/","title":{"rendered":"Korsika U\u00e7urumu"},"content":{"rendered":"<p>Fransa&#8217;n\u0131n ikinci en \u00e7ok okunan, pek \u00e7ok \u00f6d\u00fcle lay\u0131k g\u00f6r\u00fclen, romanlar\u0131 35 farkl\u0131 dile \u00e7evrilen ve dizi uyarlamalar\u0131 yap\u0131lan polisiye-gerilim yazar\u0131 Michel Bussi, bu defa okurlar\u0131 \u015fu c\u00fcmleyle sars\u0131yor:   \u201cMASUM DED\u0130\u011e\u0130N, YALNIZCA AVUKATI \u0130Y\u0130 OLAN B\u0130R SU\u00c7LUDUR.\u201d   Michel Bussi, sizi Akdeniz&#8217;in \u0131\u015f\u0131lt\u0131l\u0131 dalgalar\u0131nda ve alt\u0131n plajlar\u0131nda bir tatile davet ediyor. Ancak arabas\u0131yla Akdeniz koylar\u0131nda tatil yapmaya giden herkesin bilece\u011fi gibi virajlar keskin ve u\u00e7urum bir metre \u00f6tenizde. Korsika U\u00e7urumu&#8217;nun virajlar\u0131n\u0131 ustal\u0131kla alabilmek i\u00e7in t\u00fcm k\u0131vrakl\u0131\u011f\u0131n\u0131z\u0131 kullanman\u0131z gerekecek.   Clotilde \u0130drissi, annesi, babas\u0131 ve abisinin \u00f6ld\u00fc\u011f\u00fc kazada araban\u0131n i\u00e7indeydi. Ailesinin Korsika&#8217;n\u0131n sipsivri kayalar\u0131nda par\u00e7alara ayr\u0131l\u0131\u015f\u0131n\u0131 saniye saniye izlemi\u015fti. On be\u015f ya\u015f\u0131ndayd\u0131. Tatil yapmaya gelmi\u015flerdi. Korsika&#8217;n\u0131n en itibarl\u0131 adam\u0131 olan dedesi ve b\u00fcy\u00fckannesinin cennet gibi \u00e7iftli\u011finden d\u00f6n\u00fcyorlard\u0131.   Clotilde, yirmi yedi y\u0131l sonra Korsika&#8217;ya kocas\u0131 ve on be\u015f ya\u015f\u0131ndaki k\u0131z\u0131yla d\u00f6nd\u00fc\u011f\u00fcnde ailesinin \u00f6l\u00fcm\u00fcyle gecikmi\u015f bir hesapla\u015fmaya haz\u0131rd\u0131. Korsika&#8217;n\u0131n yak\u0131c\u0131 g\u00fcne\u015fi, ailesini kaybetti\u011fi kazan\u0131n \u00fczerindeki sis perdesini kald\u0131ramam\u0131\u015ft\u0131. Plajda kokteyllerini yudumlayarak g\u00fcne\u015flenen, al\u0131\u015fveri\u015f caddelerini t\u0131kabasa dolduran tatilcilerin aras\u0131nda, kar\u015f\u0131s\u0131nda annesinin hayaletini bulmay\u0131 ise hi\u00e7 beklemiyordu. Yirmi yedi y\u0131l sonra annesinden gelen mektubu&#8230;   &#8220;Michel Bussi&#8217;nin her roman\u0131 gibi elinizden b\u0131rakamayaca\u011f\u0131n\u0131z bir polisiye. Bu yaz i\u015ftahla okuyaca\u011f\u0131n\u0131z kitap!&#8221; \u2014 NORMANDIE PASSION   &#8220;Bussi&#8217;nin yeni yazl\u0131k gerilim roman\u0131 Korsika U\u00e7urumu b\u00fcy\u00fck bir gizemle a\u00e7\u0131l\u0131yor. Bundan sonraysa okuru bol virajl\u0131, soluk solu\u011fa okunacak bir hik\u00e2ye bekliyor. Gerilim ve bulmaca seven binlerce okuru kesinlikle memnun edecek.&#8221; \u2014 L&#8217;INDEPENDENT   &#8220;Korsika&#8217;ya \u00f6zg\u00fc kokular ve tatlarla bezeli bu roman, 2016 ve seksenler aras\u0131nda mekik dokuyarak hafif nostaljik bir okuma deneyimi sunuyor. Aileyle beraber \u00e7\u0131k\u0131lan tatilleri, g\u00fcne\u015f yan\u0131klar\u0131n\u0131 ve plajda do\u011fan yaz a\u015fklar\u0131n\u0131 hat\u0131r\u0131m\u0131za getiriyor. Gen\u00e7li\u011fin co\u015fkulu, vah\u015fi ve derin duygular\u0131yla titre\u015fen bir gerilim. Son viraja kadar hipnotize olarak okuyacaks\u0131n\u0131z.&#8221; \u2014 MARIE CLAIRE   &#8220;Becerikli eller taraf\u0131ndan in\u015fa edilmi\u015f ve her detay\u0131 maharetle i\u015flenmi\u015f usta i\u015fi bir roman. Okur, hik\u00e2yenin izledi\u011fi yanl\u0131\u015f patikalardan, g\u00fczel manzaral\u0131 tekinsiz yollardan ilerlerken roman\u0131n sonunda kendini u\u00e7urumun dibinde buluyor.&#8221; \u2014 L&#8217;AVENIR (BEL\u00c7IKA) <\/p>\n","protected":false},"excerpt":{"rendered":"<p>Fransa&#8217;n\u0131n ikinci en \u00e7ok okunan, pek \u00e7ok \u00f6d\u00fcle lay\u0131k g\u00f6r\u00fclen, romanlar\u0131 35 farkl\u0131 dile \u00e7evrilen ve dizi uyarlamalar\u0131 yap\u0131lan polisiye-gerilim yazar\u0131 Michel Bussi, bu defa okurlar\u0131<span class=\"excerpt-hellip\"> [\u2026]<\/span><\/p>\n","protected":false},"featured_media":0,"template":"","meta":{"_monsterinsights_skip_tracking":false,"_monsterinsights_sitenote_active":false,"_monsterinsights_sitenote_note":"","_monsterinsights_sitenote_category":0},"product_brand":[],"product_cat":[12291,12711],"product_tag":[],"class_list":{"0":"post-733036","1":"product","2":"type-product","3":"status-publish","5":"product_cat-edebiyat","6":"product_cat-roman-oyku","7":"pa_cilt-ciltsiz","8":"pa_tur-kitap","9":"pa_yayinevi-epsilon-yayinlari","10":"pa_yazar-michell-bussi","12":"first","13":"instock","14":"sale","15":"shipping-taxable","16":"purchasable","17":"product-type-simple"},"_links":{"self":[{"href":"https:\/\/roveyayinevi.com.tr\/index.php\/wp-json\/wp\/v2\/product\/733036","targetHints":{"allow":["GET"]}}],"collection":[{"href":"https:\/\/roveyayinevi.com.tr\/index.php\/wp-json\/wp\/v2\/product"}],"about":[{"href":"https:\/\/roveyayinevi.com.tr\/index.php\/wp-json\/wp\/v2\/types\/product"}],"wp:attachment":[{"href":"https:\/\/roveyayinevi.com.tr\/index.php\/wp-json\/wp\/v2\/media?parent=733036"}],"wp:term":[{"taxonomy":"product_brand","embeddable":true,"href":"https:\/\/roveyayinevi.com.tr\/index.php\/wp-json\/wp\/v2\/product_brand?post=733036"},{"taxonomy":"product_cat","embeddable":true,"href":"https:\/\/roveyayinevi.com.tr\/index.php\/wp-json\/wp\/v2\/product_cat?post=733036"},{"taxonomy":"product_tag","embeddable":true,"href":"https:\/\/roveyayinevi.com.tr\/index.php\/wp-json\/wp\/v2\/product_tag?post=733036"}],"curies":[{"name":"wp","href":"https:\/\/api.w.org\/{rel}","templated":true}]}}