{"id":733035,"date":"2025-08-27T22:02:19","date_gmt":"2025-08-27T19:02:19","guid":{"rendered":"https:\/\/roveyayinevi.com.tr\/index.php\/urun\/1000-ingilizce-turkce-sozcuk\/"},"modified":"2026-04-16T02:40:49","modified_gmt":"2026-04-15T23:40:49","slug":"1000-ingilizce-turkce-sozcuk","status":"publish","type":"product","link":"https:\/\/roveyayinevi.com.tr\/index.php\/urun\/1000-ingilizce-turkce-sozcuk\/","title":{"rendered":"1000 \u0130ngilizce T\u00fcrk\u00e7e S\u00f6zc\u00fck"},"content":{"rendered":"<p>Okul \u00f6ncesi \u00e7ocuklar i\u00e7in renkli e\u011flenceli bir kitap&#8230; Konulara g\u00f6re d\u00fczenlenmi\u015f bu resimli kitap, \u00e7ocu\u011funuzun \u0130ngilizce ve T\u00fcrk\u00e7e s\u00f6zc\u00fck da\u011farc\u0131\u011f\u0131n\u0131 geli\u015ftirirken, yeni s\u00f6zc\u00fckler \u00f6\u011frenmesini de e\u011flenceli bir hale getirecek.<\/p>\n","protected":false},"excerpt":{"rendered":"<p>Okul \u00f6ncesi \u00e7ocuklar i\u00e7in renkli e\u011flenceli bir kitap&#8230; Konulara g\u00f6re d\u00fczenlenmi\u015f bu resimli kitap, \u00e7ocu\u011funuzun \u0130ngilizce ve T\u00fcrk\u00e7e s\u00f6zc\u00fck da\u011farc\u0131\u011f\u0131n\u0131 geli\u015ftirirken, yeni s\u00f6zc\u00fckler \u00f6\u011frenmesini de e\u011flenceli<span class=\"excerpt-hellip\"> [\u2026]<\/span><\/p>\n","protected":false},"featured_media":0,"template":"","meta":{"_monsterinsights_skip_tracking":false,"_monsterinsights_sitenote_active":false,"_monsterinsights_sitenote_note":"","_monsterinsights_sitenote_category":0},"product_brand":[],"product_cat":[12274,12518],"product_tag":[],"class_list":{"0":"post-733035","1":"product","2":"type-product","3":"status-publish","5":"product_cat-cocuk-ve-genclik-kitaplari","6":"product_cat-okul-oncesi-kitaplar","7":"pa_cilt-ciltsiz","8":"pa_tur-kitap","9":"pa_yayinevi-remzi-kitabevi","10":"pa_yazar-remzi-kitabevi-kolektif","12":"first","13":"instock","14":"sale","15":"shipping-taxable","16":"purchasable","17":"product-type-simple"},"_links":{"self":[{"href":"https:\/\/roveyayinevi.com.tr\/index.php\/wp-json\/wp\/v2\/product\/733035","targetHints":{"allow":["GET"]}}],"collection":[{"href":"https:\/\/roveyayinevi.com.tr\/index.php\/wp-json\/wp\/v2\/product"}],"about":[{"href":"https:\/\/roveyayinevi.com.tr\/index.php\/wp-json\/wp\/v2\/types\/product"}],"wp:attachment":[{"href":"https:\/\/roveyayinevi.com.tr\/index.php\/wp-json\/wp\/v2\/media?parent=733035"}],"wp:term":[{"taxonomy":"product_brand","embeddable":true,"href":"https:\/\/roveyayinevi.com.tr\/index.php\/wp-json\/wp\/v2\/product_brand?post=733035"},{"taxonomy":"product_cat","embeddable":true,"href":"https:\/\/roveyayinevi.com.tr\/index.php\/wp-json\/wp\/v2\/product_cat?post=733035"},{"taxonomy":"product_tag","embeddable":true,"href":"https:\/\/roveyayinevi.com.tr\/index.php\/wp-json\/wp\/v2\/product_tag?post=733035"}],"curies":[{"name":"wp","href":"https:\/\/api.w.org\/{rel}","templated":true}]}}