{"id":733034,"date":"2025-08-27T22:02:19","date_gmt":"2025-08-27T19:02:19","guid":{"rendered":"https:\/\/roveyayinevi.com.tr\/index.php\/urun\/tarihselciligin-sefaleti\/"},"modified":"2026-04-16T02:40:49","modified_gmt":"2026-04-15T23:40:49","slug":"tarihselciligin-sefaleti","status":"publish","type":"product","link":"https:\/\/roveyayinevi.com.tr\/index.php\/urun\/tarihselciligin-sefaleti\/","title":{"rendered":"Tarihselcili\u011fin Sefaleti"},"content":{"rendered":"<p>Bilim ve toplum felsefesi alanlar\u0131n\u0131n b\u00fcy\u00fck filozofu Karl Popper\u2019\u0131n Tarihselcili\u011fin Sefaleti adl\u0131 eseri, her iki felsefe disiplininin de problemlerini kendi kav\u015fa\u011f\u0131nda bulu\u015fturan \u00e7arp\u0131c\u0131 bir kitapt\u0131r. Filozofun gerek A\u00e7\u0131k Toplum ve D\u00fc\u015fmanlar\u0131 gerekse Bilimsel Ara\u015ft\u0131rman\u0131n Mant\u0131\u011f\u0131 adl\u0131 eserleri, daha esasl\u0131 bir probleme \u0131\u015f\u0131k tutmak \u00fczere bu kitapta bir araya gelmi\u015flerdir. Sosyal bilimlerin tabiat bilimlerine indirgenip indirgenmeyece\u011fi probleminin tart\u0131\u015f\u0131ld\u0131\u011f\u0131 eser, daha temelde \u201ctarihin bilimsel y\u00f6ntemlerle tahmin edilebilir yasalar\u0131\u201d oldu\u011funa inanan toplum felsefelerinin bilimsellik iddialar\u0131n\u0131 \u00e7\u00fcr\u00fctmek istemektedir. Bilim ve sosyal bilim ili\u015fkilerinin incelendi\u011fi kitap boyunca merkez\u00ee kavram \u201ctarih\u201dtir. Fakat sefaleti \u00f6ne s\u00fcr\u00fclen as\u0131l fikir \u201ctarihsel\u201d y\u00f6ntem de\u011fil, tarihin modern ve tehlikeli bir kavran\u0131\u015f\u0131 olan \u201ctarihselci\u201d d\u00fc\u015f\u00fcnce tavr\u0131d\u0131r. Popper, tarihteki de\u011fi\u015fmez ve \u00f6nceden kestirilebilir kanunlar\u0131n bu etkileyici ele\u015ftirisini t\u00fcm \u201ctarihsel kaderin amans\u0131z kanunlar\u0131ndaki fa\u015fist ve kom\u00fcnist inan\u00e7lar\u0131n kurban\u0131 olmu\u015flara\u201d ithaf etmi\u015ftir. K\u0131sa ve etkileyici \u015fekilde yaz\u0131lm\u0131\u015f bu eser; okurlara, entelekt\u00fcellere ve politika yap\u0131c\u0131lara nesiller boyunca ilham kayna\u011f\u0131 olmu\u015ftur. \u0130kinci D\u00fcnya Sava\u015f\u0131\u2019ndan bu yana sosyal bilimler alan\u0131nda yaz\u0131lm\u0131\u015f en \u00f6nemli kitaplardan biri olarak kabul edilen Tarihselcili\u011fin Sefaleti, bu b\u00fcy\u00fck d\u00fc\u015f\u00fcn\u00fcr\u00fcn fikirlerini anlama yolunda \u0131\u015f\u0131k tutuyor. <\/p>\n","protected":false},"excerpt":{"rendered":"<p>Bilim ve toplum felsefesi alanlar\u0131n\u0131n b\u00fcy\u00fck filozofu Karl Popper\u2019\u0131n Tarihselcili\u011fin Sefaleti adl\u0131 eseri, her iki felsefe disiplininin de problemlerini kendi kav\u015fa\u011f\u0131nda bulu\u015fturan \u00e7arp\u0131c\u0131 bir kitapt\u0131r. Filozofun<span class=\"excerpt-hellip\"> [\u2026]<\/span><\/p>\n","protected":false},"featured_media":0,"template":"","meta":{"_monsterinsights_skip_tracking":false,"_monsterinsights_sitenote_active":false,"_monsterinsights_sitenote_note":"","_monsterinsights_sitenote_category":0},"product_brand":[],"product_cat":[12388,15536],"product_tag":[],"class_list":{"0":"post-733034","1":"product","2":"type-product","3":"status-publish","5":"product_cat-felsefe","6":"product_cat-siyaset-felsefesi","7":"pa_cilt-ciltsiz","8":"pa_tur-kitap","9":"pa_yayinevi-serbest-kitaplar","10":"pa_yazar-karl-r-popper","12":"first","13":"instock","14":"sale","15":"shipping-taxable","16":"purchasable","17":"product-type-simple"},"_links":{"self":[{"href":"https:\/\/roveyayinevi.com.tr\/index.php\/wp-json\/wp\/v2\/product\/733034","targetHints":{"allow":["GET"]}}],"collection":[{"href":"https:\/\/roveyayinevi.com.tr\/index.php\/wp-json\/wp\/v2\/product"}],"about":[{"href":"https:\/\/roveyayinevi.com.tr\/index.php\/wp-json\/wp\/v2\/types\/product"}],"wp:attachment":[{"href":"https:\/\/roveyayinevi.com.tr\/index.php\/wp-json\/wp\/v2\/media?parent=733034"}],"wp:term":[{"taxonomy":"product_brand","embeddable":true,"href":"https:\/\/roveyayinevi.com.tr\/index.php\/wp-json\/wp\/v2\/product_brand?post=733034"},{"taxonomy":"product_cat","embeddable":true,"href":"https:\/\/roveyayinevi.com.tr\/index.php\/wp-json\/wp\/v2\/product_cat?post=733034"},{"taxonomy":"product_tag","embeddable":true,"href":"https:\/\/roveyayinevi.com.tr\/index.php\/wp-json\/wp\/v2\/product_tag?post=733034"}],"curies":[{"name":"wp","href":"https:\/\/api.w.org\/{rel}","templated":true}]}}