{"id":733033,"date":"2025-08-27T22:02:18","date_gmt":"2025-08-27T19:02:18","guid":{"rendered":"https:\/\/roveyayinevi.com.tr\/index.php\/urun\/siyaset-psikolojisine-giris\/"},"modified":"2026-04-16T02:40:49","modified_gmt":"2026-04-15T23:40:49","slug":"siyaset-psikolojisine-giris","status":"publish","type":"product","link":"https:\/\/roveyayinevi.com.tr\/index.php\/urun\/siyaset-psikolojisine-giris\/","title":{"rendered":"Siyaset Psikolojisine Giri\u015f"},"content":{"rendered":"<p>Siyaset psikolojisi, siyasal davran\u0131\u015f\u0131n pek \u00e7ok psikolojik y\u00f6n\u00fcn\u00fc a\u00e7\u0131klamay\u0131 olanakl\u0131 k\u0131lacak \u015fekilde, siyaset biliminin ve psikolojinin \u00f6nemli bir alan\u0131 olarak ortaya \u00e7\u0131km\u0131\u015ft\u0131r. Siyaset Psikolojisine Giri\u015f, okurlar\u0131, geni\u015f bir yelpaze i\u00e7inde yer alan kuramlar, kavramlar ve siyasal faaliyetlerin vaka \u00e7al\u0131\u015fmalar\u0131 ile tan\u0131\u015ft\u0131rmaktad\u0131r. Kitap, ayn\u0131 zamanda, liderlik, grup davran\u0131\u015f\u0131, medya, toplumsal hareketler, oy verme, \u0131rk, milliyet\u00e7ilik, ter\u00f6rizm ve sava\u015f gibi alanlardaki siyasal davran\u0131\u015f kal\u0131plar\u0131n\u0131 incelemektedir. \u0130nsanlar\u0131n birbirlerine kar\u015f\u0131 yapt\u0131klar\u0131 en korkun\u00e7 \u015feylerin baz\u0131 \u00f6rnekleri ile birlikte \u00e7at\u0131\u015fmalar\u0131n nas\u0131l \u00f6nlenece\u011fi, nas\u0131l \u00e7\u00f6z\u00fcme kavu\u015fturulaca\u011f\u0131 ve nas\u0131l atlat\u0131labilece\u011fi ele al\u0131nmaktad\u0131r. Siyaset psikolojisinin merkez\u00ee sorusu, insanlar\u0131n siyasette neden belirli davran\u0131\u015flar\u0131 sergilediklerini anlayarak insan davran\u0131\u015f\u0131n\u0131n en k\u00f6t\u00fcs\u00fcn\u00fc \u00f6nleyebilmenin ve en iyisini te\u015fvik edebilmenin m\u00fcmk\u00fcn olup olmad\u0131\u011f\u0131d\u0131r. Bu kitab\u0131n yazarlar\u0131, kitab\u0131n okurlar\u0131n\u0131n, insan davran\u0131\u015f\u0131n\u0131n m\u00fcthi\u015f karma\u015f\u0131k yap\u0131s\u0131n\u0131 anlayacaklar\u0131n\u0131 ve insanl\u0131k halinin iyile\u015ftirilmesi i\u00e7in siyaset psikolojisini anlaman\u0131n ve kullanman\u0131n \u00f6nemini fark edeceklerini ummaktad\u0131r. Kitap boyunca anahtar terimlerin a\u00e7\u0131klamalar\u0131n\u0131 i\u00e7eren s\u00f6zl\u00fck kutucular\u0131; b\u00f6l\u00fcmlerde a\u00e7\u0131klanan kuramlar\u0131n, kavramlar\u0131n ve vakalar\u0131n b\u00f6l\u00fcm sonlar\u0131nda bir listesi; s\u0131n\u0131f tart\u0131\u015fmalar\u0131 i\u00e7in ilgin\u00e7 konular\u0131n yer ald\u0131\u011f\u0131 metin kutular\u0131 ile tablolar ve a\u00e7\u0131klay\u0131c\u0131 \u00e7izimler yer almaktad\u0131r. Bu kolay anla\u015f\u0131l\u0131r, okuyucu dostu kitap, lisans ve lisans \u00fcst\u00fc \u00f6\u011frencilerine oldu\u011fu kadar, politika yap\u0131c\u0131lara ve siyaset bilimiyle ilgilenen herkese hitap edebilecek ve fayda sa\u011flayabilecek d\u00fczeydedir.   \u201cBu kitab\u0131n yazarlar\u0131 siyaset psikolojisi konusunda bu kadar geni\u015f kapsaml\u0131, kolay bir dili olan, anla\u015f\u0131labilir ve g\u00fcncel bir ders kitab\u0131 yazarak m\u00fcthi\u015f bir i\u015f ba\u015farm\u0131\u015flard\u0131r. Bu dinamik ve geni\u015fleyen alan hakk\u0131nda bilgi sahibi olmak isteyen herkes i\u00e7in \u2018mutlaka okunmas\u0131\u2019 gerekli.\u201d &#8211; Jim Sidanius, Harvard \u00dcniversitesi   \u201cHem toplumun hem de siyas\u00ee elitlerin g\u00f6z\u00fcnden bakabildi\u011fi i\u00e7in siyaset psikolojisi alan\u0131na giri\u015f konusunda \u00e7ok ba\u015far\u0131l\u0131 bir \u00e7al\u0131\u015fma. Kitap siyasetin nas\u0131l yap\u0131ld\u0131\u011f\u0131n\u0131 anlamak i\u00e7in bireylerin ve gruplar\u0131n \u00f6nemini vurguluyor.\u201d <\/p>\n","protected":false},"excerpt":{"rendered":"<p>Siyaset psikolojisi, siyasal davran\u0131\u015f\u0131n pek \u00e7ok psikolojik y\u00f6n\u00fcn\u00fc a\u00e7\u0131klamay\u0131 olanakl\u0131 k\u0131lacak \u015fekilde, siyaset biliminin ve psikolojinin \u00f6nemli bir alan\u0131 olarak ortaya \u00e7\u0131km\u0131\u015ft\u0131r. Siyaset Psikolojisine Giri\u015f, okurlar\u0131,<span class=\"excerpt-hellip\"> [\u2026]<\/span><\/p>\n","protected":false},"featured_media":0,"template":"","meta":{"_monsterinsights_skip_tracking":false,"_monsterinsights_sitenote_active":false,"_monsterinsights_sitenote_note":"","_monsterinsights_sitenote_category":0},"product_brand":[],"product_cat":[12337,14706],"product_tag":[],"class_list":{"0":"post-733033","1":"product","2":"type-product","3":"status-publish","5":"product_cat-politika-siyaset","6":"product_cat-siyaset-bilimi","7":"pa_cilt-ciltsiz","8":"pa_tur-kitap","9":"pa_yayinevi-serbest-akademi","10":"pa_yazar-serbest-akademi-kolektif","12":"first","13":"instock","14":"sale","15":"shipping-taxable","16":"purchasable","17":"product-type-simple"},"_links":{"self":[{"href":"https:\/\/roveyayinevi.com.tr\/index.php\/wp-json\/wp\/v2\/product\/733033","targetHints":{"allow":["GET"]}}],"collection":[{"href":"https:\/\/roveyayinevi.com.tr\/index.php\/wp-json\/wp\/v2\/product"}],"about":[{"href":"https:\/\/roveyayinevi.com.tr\/index.php\/wp-json\/wp\/v2\/types\/product"}],"wp:attachment":[{"href":"https:\/\/roveyayinevi.com.tr\/index.php\/wp-json\/wp\/v2\/media?parent=733033"}],"wp:term":[{"taxonomy":"product_brand","embeddable":true,"href":"https:\/\/roveyayinevi.com.tr\/index.php\/wp-json\/wp\/v2\/product_brand?post=733033"},{"taxonomy":"product_cat","embeddable":true,"href":"https:\/\/roveyayinevi.com.tr\/index.php\/wp-json\/wp\/v2\/product_cat?post=733033"},{"taxonomy":"product_tag","embeddable":true,"href":"https:\/\/roveyayinevi.com.tr\/index.php\/wp-json\/wp\/v2\/product_tag?post=733033"}],"curies":[{"name":"wp","href":"https:\/\/api.w.org\/{rel}","templated":true}]}}