{"id":733030,"date":"2025-08-27T22:02:15","date_gmt":"2025-08-27T19:02:15","guid":{"rendered":"https:\/\/roveyayinevi.com.tr\/index.php\/urun\/konfucyus-2\/"},"modified":"2026-04-16T02:40:49","modified_gmt":"2026-04-15T23:40:49","slug":"konfucyus-2","status":"publish","type":"product","link":"https:\/\/roveyayinevi.com.tr\/index.php\/urun\/konfucyus-2\/","title":{"rendered":"Konf\u00fc\u00e7y\u00fcs"},"content":{"rendered":"<p>Konf\u00fc\u00e7y\u00fcs, ya\u015fam\u0131n\u0131n son an\u0131na kadar insanlar aras\u0131nda ak\u0131l, erdem ve adaletin h\u00e2kim olmas\u0131 i\u00e7in \u00e7al\u0131\u015fm\u0131\u015f bir \u201cg\u00fczel ahlak\u201d filozofudur. Sadece i\u00e7inde ya\u015fad\u0131\u011f\u0131 \u00c7in toplumu i\u00e7in de\u011fil, insanl\u0131\u011f\u0131n mutlulu\u011fu i\u00e7in b\u00fcy\u00fck bir \u00f6zveriyle d\u00fc\u015f\u00fcnceler \u00fcretmi\u015f ve iyili\u011fi yaymak i\u00e7in \u00e7aba g\u00f6stermi\u015f b\u00fcy\u00fck bir bilgedir. Ya\u015fad\u0131\u011f\u0131 d\u00f6nemden bug\u00fcne kadar ge\u00e7en yirmi be\u015f as\u0131r boyunca \u015f\u00f6hretinden hi\u00e7bir \u015fey yitirmemi\u015ftir. \u00c7inli bilgenin ya\u015fam\u0131 boyunca toplumda h\u00e2kim k\u0131lmak i\u00e7in \u00e7aba verdi\u011fi ahlak prensipleri ve say\u0131s\u0131n\u0131 \u00e7o\u011faltmaya \u00e7al\u0131\u015ft\u0131\u011f\u0131 erdemli \u201c\u00fcst\u00fcn insan\u201d profili, \u00f6zellikle de g\u00fcn\u00fcm\u00fczdeki insanl\u0131k de\u011ferlerinin halini g\u00f6r\u00fcnce daha da k\u0131ymetli hale gelmektedir. Y\u00fcksek Ruhlar Serisi\u2019nin bu kitab\u0131nda Uzak Do\u011fu\u2019nun b\u00fcy\u00fck bilgesi Konf\u00fc\u00e7y\u00fcs&#8217;\u00fcn hayat hik\u00e2yesi, insanl\u0131k \u00e2lemine hediye etti\u011fi d\u00fc\u015f\u00fcnceleri ve Konf\u00fc\u00e7y\u00fcs\u00e7\u00fcl\u00fck \u00f6\u011fretisinin geli\u015fimi sat\u0131rlara d\u00f6k\u00fcl\u00fcyor. \u201cOn be\u015f ya\u015f\u0131nda kendimi \u00f6\u011frenmeye verdim, otuz ya\u015f\u0131nda irademe sahip oldum, k\u0131rk ya\u015f\u0131nda \u015f\u00fcphelerden uzakla\u015ft\u0131m, elli ya\u015f\u0131nda g\u00f6\u011f\u00fcn emrini \u00f6\u011frendim, altm\u0131\u015f ya\u015f\u0131nda sezgi yoluyla her \u015feyi kavrad\u0131m, yetmi\u015f ya\u015f\u0131nda do\u011fru olan \u015feylere zarar vermeden kalbimin isteklerini yerine getirebildim.<\/p>\n","protected":false},"excerpt":{"rendered":"<p>Konf\u00fc\u00e7y\u00fcs, ya\u015fam\u0131n\u0131n son an\u0131na kadar insanlar aras\u0131nda ak\u0131l, erdem ve adaletin h\u00e2kim olmas\u0131 i\u00e7in \u00e7al\u0131\u015fm\u0131\u015f bir \u201cg\u00fczel ahlak\u201d filozofudur. Sadece i\u00e7inde ya\u015fad\u0131\u011f\u0131 \u00c7in toplumu i\u00e7in de\u011fil,<span class=\"excerpt-hellip\"> [\u2026]<\/span><\/p>\n","protected":false},"featured_media":0,"template":"","meta":{"_monsterinsights_skip_tracking":false,"_monsterinsights_sitenote_active":false,"_monsterinsights_sitenote_note":"","_monsterinsights_sitenote_category":0},"product_brand":[],"product_cat":[12312,12304],"product_tag":[],"class_list":{"0":"post-733030","1":"product","2":"type-product","3":"status-publish","5":"product_cat-diger","6":"product_cat-tarih","7":"pa_cilt-ciltsiz","8":"pa_tur-kitap","9":"pa_yayinevi-profil-kitap","10":"pa_yazar-metehan-dogan","12":"first","13":"instock","14":"sale","15":"shipping-taxable","16":"purchasable","17":"product-type-simple"},"_links":{"self":[{"href":"https:\/\/roveyayinevi.com.tr\/index.php\/wp-json\/wp\/v2\/product\/733030","targetHints":{"allow":["GET"]}}],"collection":[{"href":"https:\/\/roveyayinevi.com.tr\/index.php\/wp-json\/wp\/v2\/product"}],"about":[{"href":"https:\/\/roveyayinevi.com.tr\/index.php\/wp-json\/wp\/v2\/types\/product"}],"wp:attachment":[{"href":"https:\/\/roveyayinevi.com.tr\/index.php\/wp-json\/wp\/v2\/media?parent=733030"}],"wp:term":[{"taxonomy":"product_brand","embeddable":true,"href":"https:\/\/roveyayinevi.com.tr\/index.php\/wp-json\/wp\/v2\/product_brand?post=733030"},{"taxonomy":"product_cat","embeddable":true,"href":"https:\/\/roveyayinevi.com.tr\/index.php\/wp-json\/wp\/v2\/product_cat?post=733030"},{"taxonomy":"product_tag","embeddable":true,"href":"https:\/\/roveyayinevi.com.tr\/index.php\/wp-json\/wp\/v2\/product_tag?post=733030"}],"curies":[{"name":"wp","href":"https:\/\/api.w.org\/{rel}","templated":true}]}}