{"id":733029,"date":"2025-08-27T22:01:38","date_gmt":"2025-08-27T19:01:38","guid":{"rendered":"https:\/\/roveyayinevi.com.tr\/index.php\/urun\/melekler-bile-sorar\/"},"modified":"2026-04-16T02:40:49","modified_gmt":"2026-04-15T23:40:49","slug":"melekler-bile-sorar","status":"publish","type":"product","link":"https:\/\/roveyayinevi.com.tr\/index.php\/urun\/melekler-bile-sorar\/","title":{"rendered":"Melekler Bile Sorar"},"content":{"rendered":"<p>Bir zamanlar Rabbin meleklere, \u201cBen yery\u00fcz\u00fcnde bir halife yarataca\u011f\u0131m\u201d demi\u015fti. Melekler, \u201cA!.. Orada bozgunculuk yapacak ve kan d\u00f6kecek birisini mi yaratacaks\u0131n? Oysa biz seni \u00f6verek tesbih ediyor ve seni takdis ediyoruz\u201d dediler. Rabbin, \u201cBen \u015f\u00fcphesiz sizin bilmediklerinizi bilirim\u201d buyurdu.   Amerikal\u0131 matematik profes\u00f6r\u00fc Jeffrey Lang, 80\u2019lerin ba\u015f\u0131nda M\u00fcsl\u00fcman oldu. Onun hik\u00e2yesi d\u00fc\u015f\u00fcnme ve sorgulama ile ba\u015flad\u0131. Lang\u2019e g\u00f6re Kur\u2019an, onu iman etmeye mecbur b\u0131rakm\u0131\u015ft\u0131. Ancak rasyonel, entelekt\u00fcel ve manevi a\u00e7\u0131dan tatmin edici bulabildi\u011fi bir dine inanabilirdi ve o dinin \u0130slam oldu\u011funa kanaat getirdi. \u0130slam: d\u00fc\u015f\u00fcnen insan\u0131n dini.   Jeffrey Lang bu kitab\u0131nda, kendi deneyiminden yola \u00e7\u0131karak Amerika\u2019da M\u00fcsl\u00fcman olmay\u0131, secde etti\u011fi ilk \u00e2n\u0131, \u0130slam\u2019\u0131n Bat\u0131\u2019da yay\u0131lmas\u0131n\u0131n \u00f6n\u00fcndeki engelleri, bu dinin gen\u00e7 ku\u015fa\u011fa nas\u0131l aktar\u0131lmas\u0131 gerekti\u011fini, din ve gelenek ili\u015fkisini ele alarak okuyucuyu, Kur\u2019an\u2019\u0131n \u201csarp yoku\u015f\u201d olarak tan\u0131mlad\u0131\u011f\u0131 iman yolculu\u011funa davet ediyor. Yazar\u0131n, okuyucusundan istedi\u011fi bir \u015fey var: sormaktan ve sorgulamaktan ka\u00e7mamas\u0131. \u00c7\u00fcnk\u00fc bir kanaati dogmala\u015ft\u0131rmak, hakikatin \u00f6n\u00fcn\u00fcn kesilmesidir. Ve Allah\u2019a son derece yak\u0131n olan melekler bile sorar\u2026<\/p>\n","protected":false},"excerpt":{"rendered":"<p>Bir zamanlar Rabbin meleklere, \u201cBen yery\u00fcz\u00fcnde bir halife yarataca\u011f\u0131m\u201d demi\u015fti. Melekler, \u201cA!.. Orada bozgunculuk yapacak ve kan d\u00f6kecek birisini mi yaratacaks\u0131n? Oysa biz seni \u00f6verek tesbih<span class=\"excerpt-hellip\"> [\u2026]<\/span><\/p>\n","protected":false},"featured_media":0,"template":"","meta":{"_monsterinsights_skip_tracking":false,"_monsterinsights_sitenote_active":false,"_monsterinsights_sitenote_note":"","_monsterinsights_sitenote_category":0},"product_brand":[],"product_cat":[16789,12718,12719],"product_tag":[],"class_list":{"0":"post-733029","1":"product","2":"type-product","3":"status-publish","5":"product_cat-diger-islam","6":"product_cat-din","7":"product_cat-islam","8":"pa_cilt-ciltsiz","9":"pa_tur-kitap","10":"pa_yayinevi-profil-kitap","11":"pa_yazar-jeffrey-lang","13":"first","14":"instock","15":"sale","16":"shipping-taxable","17":"purchasable","18":"product-type-simple"},"_links":{"self":[{"href":"https:\/\/roveyayinevi.com.tr\/index.php\/wp-json\/wp\/v2\/product\/733029","targetHints":{"allow":["GET"]}}],"collection":[{"href":"https:\/\/roveyayinevi.com.tr\/index.php\/wp-json\/wp\/v2\/product"}],"about":[{"href":"https:\/\/roveyayinevi.com.tr\/index.php\/wp-json\/wp\/v2\/types\/product"}],"wp:attachment":[{"href":"https:\/\/roveyayinevi.com.tr\/index.php\/wp-json\/wp\/v2\/media?parent=733029"}],"wp:term":[{"taxonomy":"product_brand","embeddable":true,"href":"https:\/\/roveyayinevi.com.tr\/index.php\/wp-json\/wp\/v2\/product_brand?post=733029"},{"taxonomy":"product_cat","embeddable":true,"href":"https:\/\/roveyayinevi.com.tr\/index.php\/wp-json\/wp\/v2\/product_cat?post=733029"},{"taxonomy":"product_tag","embeddable":true,"href":"https:\/\/roveyayinevi.com.tr\/index.php\/wp-json\/wp\/v2\/product_tag?post=733029"}],"curies":[{"name":"wp","href":"https:\/\/api.w.org\/{rel}","templated":true}]}}