{"id":733028,"date":"2025-08-27T22:01:37","date_gmt":"2025-08-27T19:01:37","guid":{"rendered":"https:\/\/roveyayinevi.com.tr\/index.php\/urun\/iradenin-egitimi\/"},"modified":"2026-04-08T02:50:04","modified_gmt":"2026-04-07T23:50:04","slug":"iradenin-egitimi","status":"publish","type":"product","link":"https:\/\/roveyayinevi.com.tr\/index.php\/urun\/iradenin-egitimi\/","title":{"rendered":"\u0130radenin E\u011fitimi"},"content":{"rendered":"<p>E\u011fitimci Jules Payot\u2019tan zaman\u0131n\u0131n \u00e7ok \u00f6tesine seslenen g\u00fcncel bir metin! Payot, \u00f6zellikle gen\u00e7lere hitap etti\u011fi \u0130radenin E\u011fitimi isimli kitab\u0131nda ba\u015far\u0131l\u0131, tatmink\u00e2r ve en \u00f6nemlisi entelekt\u00fcel bir ilerlemenin yolunu kesecek, bu amac\u0131 baltalayacak t\u00fcm tembellik t\u00fcrlerini detayl\u0131ca anlat\u0131yor. B\u00f6ylelikle k\u00fc\u00e7\u00fck ve \u00f6nemsiz gibi g\u00f6z\u00fcken baz\u0131 g\u00fcndelik i\u015flerin, sefil tutkular\u0131n, hatta duygu ve fikirlerimizin de irademiz \u00fczerinde olumsuz bir etkisi olabilece\u011fini g\u00f6zler \u00f6n\u00fcne seriyor. Be\u015f b\u00f6l\u00fcme ayr\u0131lm\u0131\u015f olan bu kitap boyunca, derinle\u015febilen d\u00fc\u015f\u00fcnme al\u0131\u015fkanl\u0131\u011f\u0131n\u0131n \u00f6nemini peki\u015ftireceksiniz ve tembellikten ar\u0131nd\u0131r\u0131lm\u0131\u015f sa\u011flam bir zihni nas\u0131l yaratabilece\u011finize dair sunulan kal\u0131c\u0131 \u00e7\u00f6z\u00fcm \u00f6nerileri g\u00f6receksiniz. &#8220;Okuduk\u00e7a i\u00e7imde o \u00e2na kadar okumam\u0131\u015f olman\u0131n \u00fcz\u00fcnt\u00fcs\u00fc ve pi\u015fmanl\u0131kla kar\u0131\u015f\u0131k belirsiz bir ac\u0131 duymaya ba\u015flad\u0131m. Kendi kendime, ah bu kitap on sekiz yirmi ya\u015flar\u0131mdayken elime ge\u00e7meliydi diyor ve gecikti\u011fim i\u00e7in \u00fcz\u00fcl\u00fcyordum.\u201d\u2013 Ord. Prof. Dr. Ali Fuat Ba\u015fgil<\/p>\n","protected":false},"excerpt":{"rendered":"<p>E\u011fitimci Jules Payot\u2019tan zaman\u0131n\u0131n \u00e7ok \u00f6tesine seslenen g\u00fcncel bir metin! Payot, \u00f6zellikle gen\u00e7lere hitap etti\u011fi \u0130radenin E\u011fitimi isimli kitab\u0131nda ba\u015far\u0131l\u0131, tatmink\u00e2r ve en \u00f6nemlisi entelekt\u00fcel bir<span class=\"excerpt-hellip\"> [\u2026]<\/span><\/p>\n","protected":false},"featured_media":0,"template":"","meta":{"_monsterinsights_skip_tracking":false,"_monsterinsights_sitenote_active":false,"_monsterinsights_sitenote_note":"","_monsterinsights_sitenote_category":0},"product_brand":[],"product_cat":[12364,12376],"product_tag":[],"class_list":{"0":"post-733028","1":"product","2":"type-product","3":"status-publish","5":"product_cat-genel-konular","6":"product_cat-kisisel-gelisim","7":"pa_cilt-ciltsiz","8":"pa_tur-kitap","9":"pa_yayinevi-profil-kitap","10":"pa_yazar-jules-payot","12":"first","13":"instock","14":"sale","15":"shipping-taxable","16":"purchasable","17":"product-type-simple"},"_links":{"self":[{"href":"https:\/\/roveyayinevi.com.tr\/index.php\/wp-json\/wp\/v2\/product\/733028","targetHints":{"allow":["GET"]}}],"collection":[{"href":"https:\/\/roveyayinevi.com.tr\/index.php\/wp-json\/wp\/v2\/product"}],"about":[{"href":"https:\/\/roveyayinevi.com.tr\/index.php\/wp-json\/wp\/v2\/types\/product"}],"wp:attachment":[{"href":"https:\/\/roveyayinevi.com.tr\/index.php\/wp-json\/wp\/v2\/media?parent=733028"}],"wp:term":[{"taxonomy":"product_brand","embeddable":true,"href":"https:\/\/roveyayinevi.com.tr\/index.php\/wp-json\/wp\/v2\/product_brand?post=733028"},{"taxonomy":"product_cat","embeddable":true,"href":"https:\/\/roveyayinevi.com.tr\/index.php\/wp-json\/wp\/v2\/product_cat?post=733028"},{"taxonomy":"product_tag","embeddable":true,"href":"https:\/\/roveyayinevi.com.tr\/index.php\/wp-json\/wp\/v2\/product_tag?post=733028"}],"curies":[{"name":"wp","href":"https:\/\/api.w.org\/{rel}","templated":true}]}}