{"id":733027,"date":"2025-08-27T22:01:37","date_gmt":"2025-08-27T19:01:37","guid":{"rendered":"https:\/\/roveyayinevi.com.tr\/index.php\/urun\/dokuz-huzursuzla-futurizm\/"},"modified":"2026-04-16T02:40:49","modified_gmt":"2026-04-15T23:40:49","slug":"dokuz-huzursuzla-futurizm","status":"publish","type":"product","link":"https:\/\/roveyayinevi.com.tr\/index.php\/urun\/dokuz-huzursuzla-futurizm\/","title":{"rendered":"Dokuz Huzursuzla F\u00fct\u00fcrizm"},"content":{"rendered":"<p>Patates f\u0131rlataca\u011f\u0131n\u0131za bir fikir ortaya at\u0131n, aptallar! Carlo Carra   Eskiye ait hi\u00e7bir \u015fey yok! A\u011fdal\u0131, bol aforizmal\u0131, naftalin kokan her \u015fey yerle bir edildi. F\u00fct\u00fcristler gelece\u011fi modernitede ar\u0131yorlar. Bunun i\u00e7in elbette eskiye dair her \u015feyi reddediyorlar. Kald\u0131r ba\u015f\u0131n\u0131 telefonundan. \u00c7oktan bir algoritmaya d\u00f6n\u00fc\u015ft\u00fc\u011f\u00fcn bu y\u00fczy\u0131ldan, ge\u00e7ti\u011fin y\u00fczy\u0131la el salla. Resimler tarifsiz, m\u00fczik g\u00fcr\u00fclt\u00fcl\u00fc, edebiyat s\u0131n\u0131rlar\u0131 zorluyor. Sanat\u0131n da adrenaline ihtiyac\u0131 var tabii&#8230; Bu kitap, sanat\u0131n s\u0131n\u0131rlar\u0131n\u0131 zorlayan dokuz f\u00fct\u00fcristin, sanata att\u0131\u011f\u0131 sars\u0131c\u0131 ve c\u00fcretk\u00e2r tokad\u0131n hik\u00e2yesidir. Evet onlara \u201cdeli\u201d demi\u015f olabilirler ama onlar delili\u011fi hakaret olarak de\u011fil, bir \u00f6vg\u00fc olarak kabul edip devam ettiler yollar\u0131na. Onlar y\u00fcz\u00fcn\u00fc gelece\u011fe d\u00f6nm\u00fc\u015f insanlar. Tarihleri yok, sanat yapmak i\u00e7in kurallar\u0131 yok. Ancak eskiyi y\u0131kmak i\u00e7in cesaretleri \u00e7ok. <\/p>\n","protected":false},"excerpt":{"rendered":"<p>Patates f\u0131rlataca\u011f\u0131n\u0131za bir fikir ortaya at\u0131n, aptallar! Carlo Carra Eskiye ait hi\u00e7bir \u015fey yok! A\u011fdal\u0131, bol aforizmal\u0131, naftalin kokan her \u015fey yerle bir edildi. F\u00fct\u00fcristler gelece\u011fi<span class=\"excerpt-hellip\"> [\u2026]<\/span><\/p>\n","protected":false},"featured_media":0,"template":"","meta":{"_monsterinsights_skip_tracking":false,"_monsterinsights_sitenote_active":false,"_monsterinsights_sitenote_note":"","_monsterinsights_sitenote_category":0},"product_brand":[],"product_cat":[44608,12408],"product_tag":[],"class_list":{"0":"post-733027","1":"product","2":"type-product","3":"status-publish","5":"product_cat-diger-sanat","6":"product_cat-sanat","7":"pa_cilt-ciltsiz","8":"pa_tur-kitap","9":"pa_yayinevi-destek-yayinlari","10":"pa_yazar-fatma-berber-sumeyra-teltik","12":"first","13":"instock","14":"sale","15":"shipping-taxable","16":"purchasable","17":"product-type-simple"},"_links":{"self":[{"href":"https:\/\/roveyayinevi.com.tr\/index.php\/wp-json\/wp\/v2\/product\/733027","targetHints":{"allow":["GET"]}}],"collection":[{"href":"https:\/\/roveyayinevi.com.tr\/index.php\/wp-json\/wp\/v2\/product"}],"about":[{"href":"https:\/\/roveyayinevi.com.tr\/index.php\/wp-json\/wp\/v2\/types\/product"}],"wp:attachment":[{"href":"https:\/\/roveyayinevi.com.tr\/index.php\/wp-json\/wp\/v2\/media?parent=733027"}],"wp:term":[{"taxonomy":"product_brand","embeddable":true,"href":"https:\/\/roveyayinevi.com.tr\/index.php\/wp-json\/wp\/v2\/product_brand?post=733027"},{"taxonomy":"product_cat","embeddable":true,"href":"https:\/\/roveyayinevi.com.tr\/index.php\/wp-json\/wp\/v2\/product_cat?post=733027"},{"taxonomy":"product_tag","embeddable":true,"href":"https:\/\/roveyayinevi.com.tr\/index.php\/wp-json\/wp\/v2\/product_tag?post=733027"}],"curies":[{"name":"wp","href":"https:\/\/api.w.org\/{rel}","templated":true}]}}