{"id":733026,"date":"2025-08-27T22:01:36","date_gmt":"2025-08-27T19:01:36","guid":{"rendered":"https:\/\/roveyayinevi.com.tr\/index.php\/urun\/bagisikligi-beslemek\/"},"modified":"2026-04-16T02:40:49","modified_gmt":"2026-04-15T23:40:49","slug":"bagisikligi-beslemek","status":"publish","type":"product","link":"https:\/\/roveyayinevi.com.tr\/index.php\/urun\/bagisikligi-beslemek\/","title":{"rendered":"Ba\u011f\u0131\u015f\u0131kl\u0131\u011f\u0131 Beslemek"},"content":{"rendered":"<p>K\u00fcresel Ba\u011f\u0131\u015f\u0131kl\u0131k Krizinde Do\u011fru Beslenme Ba\u011f\u0131\u015f\u0131kl\u0131\u011f\u0131 Beslemek   K\u00fcresel bir ba\u011f\u0131\u015f\u0131kl\u0131k krizi ya\u015f\u0131yoruz ve ben de bu krizden etkilenen biriyim. COVID-19 enfeksiyonuna yakaland\u0131\u011f\u0131mda doktorum hastaneye yatt\u0131\u011f\u0131m birka\u00e7 g\u00fcn sonras\u0131nda bana \u015f\u00f6yle dedi: \u201c\u0130yi ki sa\u011fl\u0131kl\u0131 beslenmi\u015f ve iyi ki d\u00fczenli egzersiz yapm\u0131\u015fs\u0131n\u0131z. Aksi takdirde \u00e7ok daha zor bir yolculuk olabilirdi.\u201d   Bu kitab\u0131 yazmamdaki etken doktorumun bu c\u00fcmleleri oldu. Sa\u011fl\u0131kl\u0131 beslenme, tedbirleri almazsan\u0131z COVID-19 ya da di\u011fer hi\u00e7bir enfeksiyondan sizi korumaz. Ancak, sa\u011fl\u0131kl\u0131 beslenmenin destekledi\u011fi sa\u011fl\u0131kl\u0131 bir ba\u011f\u0131\u015f\u0131kl\u0131k sistemi ile bu hastal\u0131klar\u0131 daha kolay ve daha az yan etkiyle atlatabilirsiniz.   Pandemi bir g\u00fcn bitse de, ba\u011f\u0131\u015f\u0131kl\u0131\u011f\u0131n\u0131za olan ihtiyac\u0131n\u0131z bir \u00f6m\u00fcr devam edecek&#8230; Prof. Dr. Murat Ba\u015f <\/p>\n","protected":false},"excerpt":{"rendered":"<p>K\u00fcresel Ba\u011f\u0131\u015f\u0131kl\u0131k Krizinde Do\u011fru Beslenme Ba\u011f\u0131\u015f\u0131kl\u0131\u011f\u0131 Beslemek K\u00fcresel bir ba\u011f\u0131\u015f\u0131kl\u0131k krizi ya\u015f\u0131yoruz ve ben de bu krizden etkilenen biriyim. COVID-19 enfeksiyonuna yakaland\u0131\u011f\u0131mda doktorum hastaneye yatt\u0131\u011f\u0131m birka\u00e7<span class=\"excerpt-hellip\"> [\u2026]<\/span><\/p>\n","protected":false},"featured_media":0,"template":"","meta":{"_monsterinsights_skip_tracking":false,"_monsterinsights_sitenote_active":false,"_monsterinsights_sitenote_note":"","_monsterinsights_sitenote_category":0},"product_brand":[],"product_cat":[13402,13365],"product_tag":[],"class_list":{"0":"post-733026","1":"product","2":"type-product","3":"status-publish","5":"product_cat-beslenme-ve-diyet","6":"product_cat-saglik","7":"pa_cilt-ciltsiz","8":"pa_tur-kitap","9":"pa_yayinevi-destek-yayinlari","10":"pa_yazar-murat-bas","12":"first","13":"instock","14":"sale","15":"shipping-taxable","16":"purchasable","17":"product-type-simple"},"_links":{"self":[{"href":"https:\/\/roveyayinevi.com.tr\/index.php\/wp-json\/wp\/v2\/product\/733026","targetHints":{"allow":["GET"]}}],"collection":[{"href":"https:\/\/roveyayinevi.com.tr\/index.php\/wp-json\/wp\/v2\/product"}],"about":[{"href":"https:\/\/roveyayinevi.com.tr\/index.php\/wp-json\/wp\/v2\/types\/product"}],"wp:attachment":[{"href":"https:\/\/roveyayinevi.com.tr\/index.php\/wp-json\/wp\/v2\/media?parent=733026"}],"wp:term":[{"taxonomy":"product_brand","embeddable":true,"href":"https:\/\/roveyayinevi.com.tr\/index.php\/wp-json\/wp\/v2\/product_brand?post=733026"},{"taxonomy":"product_cat","embeddable":true,"href":"https:\/\/roveyayinevi.com.tr\/index.php\/wp-json\/wp\/v2\/product_cat?post=733026"},{"taxonomy":"product_tag","embeddable":true,"href":"https:\/\/roveyayinevi.com.tr\/index.php\/wp-json\/wp\/v2\/product_tag?post=733026"}],"curies":[{"name":"wp","href":"https:\/\/api.w.org\/{rel}","templated":true}]}}