{"id":733024,"date":"2025-08-27T22:01:34","date_gmt":"2025-08-27T19:01:34","guid":{"rendered":"https:\/\/roveyayinevi.com.tr\/index.php\/urun\/sindirella\/"},"modified":"2026-04-16T02:40:49","modified_gmt":"2026-04-15T23:40:49","slug":"sindirella","status":"publish","type":"product","link":"https:\/\/roveyayinevi.com.tr\/index.php\/urun\/sindirella\/","title":{"rendered":"Sindirella"},"content":{"rendered":"<p>Bildi\u011fimiz Sindirella, birka\u00e7 harika dokunu\u015fla modern bir de\u011fi\u015fime u\u011fruyor ve bizi tatl\u0131 tatl\u0131 g\u00fcl\u00fcmsetiyor. \u0130yilik perisi, \u00fcvey anne ve k\u0131z karde\u015fler, balo, bal kaba\u011f\u0131ndan araba, camdan ayakkab\u0131lar ve elbette bir prens&#8230; Hepsi yerli yerinde! \u00d6yleyse bu hik\u00e2yede nas\u0131l bir de\u011fi\u015fim olmu\u015f olabilir ki? Sindirella yani bildi\u011fimiz K\u00fclkedisi, bu hik\u00e2yede mutfakta ate\u015fin ba\u015f\u0131nda bekleyen bir k\u0131z de\u011fildir. Kendi isteklerini dile getiren, \u00f6zg\u00fcrl\u00fc\u011f\u00fcn\u00fcn pe\u015fine d\u00fc\u015fen bir k\u0131z bu kez kar\u015f\u0131m\u0131zdaki. \u00dcstelik sadece kendisini de\u011fil \u00e7evresini de \u00f6zg\u00fcrle\u015ftiriyor; prensi, \u00fcvey karde\u015flerini ve \u00f6zg\u00fcrle\u015fmeye ihtiyac\u0131 olan herkesi\u2026 Arthur Rackam\u2019\u0131n zarif ve etkili sil\u00fcetleriyle, Rebecca Solnit\u2019in modern K\u00fclkedisi hik\u00e2yesi, d\u00fcnyay\u0131 de\u011fi\u015ftirmek isteyen gen\u00e7 okuyuculara ilham olacak. <\/p>\n","protected":false},"excerpt":{"rendered":"<p>Bildi\u011fimiz Sindirella, birka\u00e7 harika dokunu\u015fla modern bir de\u011fi\u015fime u\u011fruyor ve bizi tatl\u0131 tatl\u0131 g\u00fcl\u00fcmsetiyor. \u0130yilik perisi, \u00fcvey anne ve k\u0131z karde\u015fler, balo, bal kaba\u011f\u0131ndan araba, camdan<span class=\"excerpt-hellip\"> [\u2026]<\/span><\/p>\n","protected":false},"featured_media":0,"template":"","meta":{"_monsterinsights_skip_tracking":false,"_monsterinsights_sitenote_active":false,"_monsterinsights_sitenote_note":"","_monsterinsights_sitenote_category":0},"product_brand":[],"product_cat":[12913,12274],"product_tag":[],"class_list":{"0":"post-733024","1":"product","2":"type-product","3":"status-publish","5":"product_cat-3-6-yas-kitaplari","6":"product_cat-cocuk-ve-genclik-kitaplari","7":"pa_cilt-ciltsiz","8":"pa_tur-kitap","9":"pa_yayinevi-dinozor-cocuk","10":"pa_yazar-rebecca-solnit","12":"first","13":"instock","14":"sale","15":"shipping-taxable","16":"purchasable","17":"product-type-simple"},"_links":{"self":[{"href":"https:\/\/roveyayinevi.com.tr\/index.php\/wp-json\/wp\/v2\/product\/733024","targetHints":{"allow":["GET"]}}],"collection":[{"href":"https:\/\/roveyayinevi.com.tr\/index.php\/wp-json\/wp\/v2\/product"}],"about":[{"href":"https:\/\/roveyayinevi.com.tr\/index.php\/wp-json\/wp\/v2\/types\/product"}],"wp:attachment":[{"href":"https:\/\/roveyayinevi.com.tr\/index.php\/wp-json\/wp\/v2\/media?parent=733024"}],"wp:term":[{"taxonomy":"product_brand","embeddable":true,"href":"https:\/\/roveyayinevi.com.tr\/index.php\/wp-json\/wp\/v2\/product_brand?post=733024"},{"taxonomy":"product_cat","embeddable":true,"href":"https:\/\/roveyayinevi.com.tr\/index.php\/wp-json\/wp\/v2\/product_cat?post=733024"},{"taxonomy":"product_tag","embeddable":true,"href":"https:\/\/roveyayinevi.com.tr\/index.php\/wp-json\/wp\/v2\/product_tag?post=733024"}],"curies":[{"name":"wp","href":"https:\/\/api.w.org\/{rel}","templated":true}]}}