{"id":733022,"date":"2025-08-27T22:01:33","date_gmt":"2025-08-27T19:01:33","guid":{"rendered":"https:\/\/roveyayinevi.com.tr\/index.php\/urun\/kibris-tarihine-toplu-bir-bakis\/"},"modified":"2026-04-16T02:40:49","modified_gmt":"2026-04-15T23:40:49","slug":"kibris-tarihine-toplu-bir-bakis","status":"publish","type":"product","link":"https:\/\/roveyayinevi.com.tr\/index.php\/urun\/kibris-tarihine-toplu-bir-bakis\/","title":{"rendered":"K\u0131br\u0131s Tarihine Toplu Bir Bak\u0131\u015f"},"content":{"rendered":"<p>Tarih\u00e7i H\u00fcseyin Metin\u2019in 1958 y\u0131l\u0131nda \u00f6\u011fretmen olarak g\u00f6rev yapt\u0131\u011f\u0131 d\u00f6nemde kaleme ald\u0131\u011f\u0131 K\u0131br\u0131s Tarihine Toplu Bir Bak\u0131\u015f, uzun bir aradan sonra yeni bas\u0131m\u0131yla okurlarla bulu\u015fuyor. K\u0131br\u0131s tarihi konusunda en kapsaml\u0131, bilimsel ve ayr\u0131nt\u0131l\u0131 \u00e7al\u0131\u015fmalar\u0131ndan biri kabul edilen ve zamanla bir \u201cklasik\u201d niteli\u011fine kavu\u015fan eser, uzun tarihsel kesiti son derece rahat anla\u015f\u0131lan bir dille aktar\u0131yor.\u201cBu eser yeni nesil gen\u00e7lerin de tarihi do\u011fru \u00f6\u011frenmeleri a\u00e7\u0131s\u0131ndan b\u00fcy\u00fck \u00f6nem arz etmektedir. Do\u011fru tarihin gittik\u00e7e dejenere edildi\u011fi bu d\u00f6nemde, bu eseri bizlere yeniden kazand\u0131rmak i\u00e7in emek veren herkese te\u015fekk\u00fcr ederim. Bu k\u0131ymetli eser K\u0131br\u0131s T\u00fcrk Halk\u0131 taraf\u0131ndan mutlaka okunmas\u0131 gereken g\u00fczide eserlerden birisidir.\u201d(Ersin Tatar, KKTC Cumhurba\u015fkan\u0131, 2021)\u201cT\u00fcrk Gen\u00e7leri K\u0131br\u0131s Tarihine Toplu Bir Bak\u0131\u015f eserine sahip olduktan sonra, bu topraklar\u0131n tarihini yabanc\u0131 kaynaklar\u0131n T\u00fcrk aleyhtarl\u0131\u011f\u0131 kokan eserlerinden \u00f6\u011frenmek zorunda kalmaktan kurtulmu\u015f olacaklard\u0131r. K\u0131br\u0131s&#8217;ta \u015fanl\u0131 T\u00fcrk y\u00f6netimini, bu y\u00f6netimin yabanc\u0131 unsurlara neler kazand\u0131rd\u0131\u011f\u0131n\u0131 \u00f6\u011frenmek f\u0131rsat\u0131n\u0131 bulacaklard\u0131r.\u201d(K\u0131br\u0131s T\u00fcrk Kurumlar\u0131 Federasyonu Ba\u015fkan\u0131 Rauf Raif Denkta\u015f, 1959)<\/p>\n","protected":false},"excerpt":{"rendered":"<p>Tarih\u00e7i H\u00fcseyin Metin\u2019in 1958 y\u0131l\u0131nda \u00f6\u011fretmen olarak g\u00f6rev yapt\u0131\u011f\u0131 d\u00f6nemde kaleme ald\u0131\u011f\u0131 K\u0131br\u0131s Tarihine Toplu Bir Bak\u0131\u015f, uzun bir aradan sonra yeni bas\u0131m\u0131yla okurlarla bulu\u015fuyor. K\u0131br\u0131s<span class=\"excerpt-hellip\"> [\u2026]<\/span><\/p>\n","protected":false},"featured_media":0,"template":"","meta":{"_monsterinsights_skip_tracking":false,"_monsterinsights_sitenote_active":false,"_monsterinsights_sitenote_note":"","_monsterinsights_sitenote_category":0},"product_brand":[],"product_cat":[12370,12304],"product_tag":[],"class_list":{"0":"post-733022","1":"product","2":"type-product","3":"status-publish","5":"product_cat-arastirma-inceleme","6":"product_cat-tarih","7":"pa_cilt-ciltsiz","8":"pa_tur-kitap","9":"pa_yayinevi-kaynak-yayinlari","10":"pa_yazar-huseyin-metin","12":"first","13":"instock","14":"sale","15":"shipping-taxable","16":"purchasable","17":"product-type-simple"},"_links":{"self":[{"href":"https:\/\/roveyayinevi.com.tr\/index.php\/wp-json\/wp\/v2\/product\/733022","targetHints":{"allow":["GET"]}}],"collection":[{"href":"https:\/\/roveyayinevi.com.tr\/index.php\/wp-json\/wp\/v2\/product"}],"about":[{"href":"https:\/\/roveyayinevi.com.tr\/index.php\/wp-json\/wp\/v2\/types\/product"}],"wp:attachment":[{"href":"https:\/\/roveyayinevi.com.tr\/index.php\/wp-json\/wp\/v2\/media?parent=733022"}],"wp:term":[{"taxonomy":"product_brand","embeddable":true,"href":"https:\/\/roveyayinevi.com.tr\/index.php\/wp-json\/wp\/v2\/product_brand?post=733022"},{"taxonomy":"product_cat","embeddable":true,"href":"https:\/\/roveyayinevi.com.tr\/index.php\/wp-json\/wp\/v2\/product_cat?post=733022"},{"taxonomy":"product_tag","embeddable":true,"href":"https:\/\/roveyayinevi.com.tr\/index.php\/wp-json\/wp\/v2\/product_tag?post=733022"}],"curies":[{"name":"wp","href":"https:\/\/api.w.org\/{rel}","templated":true}]}}