{"id":733018,"date":"2025-08-27T22:01:29","date_gmt":"2025-08-27T19:01:29","guid":{"rendered":"https:\/\/roveyayinevi.com.tr\/index.php\/urun\/fransada-okumak-fransayi-okumak\/"},"modified":"2026-04-16T02:40:48","modified_gmt":"2026-04-15T23:40:48","slug":"fransada-okumak-fransayi-okumak","status":"publish","type":"product","link":"https:\/\/roveyayinevi.com.tr\/index.php\/urun\/fransada-okumak-fransayi-okumak\/","title":{"rendered":"Fransa\u2019da Okumak, Fransa\u2019y\u0131 Okumak"},"content":{"rendered":"<p>\u201cDoktora i\u00e7in gitti\u011fim Paris\u2019te do\u011frudan deneyimler ya\u015fayarak \u00e7ok daha derin bir okuma ve \u00f6\u011frenme s\u00fcrecinde bilgimi geli\u015ftirmem m\u00fcmk\u00fcn olmu\u015ftur. Fransa\u2019ya dair okumam\u0131 gerektiren \u00e7ok \u015fey vard\u0131 ama ayn\u0131 zamanda Fransa\u2019da okuyacakt\u0131m. K\u0131sacas\u0131, Fransa\u2019da Okumak ve Fransa\u2019y\u0131 Okumak ya\u015fant\u0131m\u0131 \u00f6nce bi\u00e7imlendiren, sonra \u00f6nemli \u00f6l\u00e7\u00fcde y\u00f6nlendiren bir etmen olmu\u015ftur. Kimi zaman zorluklarla dolu ama ayn\u0131 zamanda keyifli bir s\u00fcre\u00e7ti. Umar\u0131m bu incelemeyi okuyacaklar da Fransa\u2019y\u0131 siyasette farkl\u0131 k\u0131lan temel bir \u00f6\u011fe var m\u0131 sorusunun yan\u0131t\u0131n\u0131 arayan, i\u00e7eriden g\u00f6zlem ve tan\u0131kl\u0131klara da dayanan de\u011ferlendirmelerimi payla\u015f\u0131rlar.\u201d A. Ra\u015fit Kaya bu eserinde siyaset bilimi alan\u0131nda yapt\u0131\u011f\u0131 \u00e7al\u0131\u015fmalara b\u00fcy\u00fck etkisi olan Fransa\u2019da okuma deneyimi ile Fransa\u2019n\u0131n siyasi tarihini kapsaml\u0131 bir \u015fekilde ele alma \u00e7abas\u0131n\u0131 ayn\u0131 kitapta birle\u015ftiriyor. Dilimizden d\u00fc\u015fmeyen siyasi kavramlar\u0131n pek \u00e7o\u011funun icat edildi\u011fi \u00fclkenin siyasi evrimi de g\u00f6zler \u00f6n\u00fcne seriliyor. Yazar bir taraftan 1968 hareketinin r\u00fczg\u00e2r\u0131n\u0131n h\u00e2l\u00e2 esti\u011fi Paris\u2019te T\u00fcrkiye\u2019den gelmi\u015f bir \u00f6\u011frencinin ya\u015fad\u0131klar\u0131n\u0131 anlat\u0131rken di\u011fer taraftan Bat\u0131l\u0131 demokrasiler denince akla ilk gelen \u00fclkelerden olan Fransa\u2019n\u0131n siyasi tarihini de masaya yat\u0131r\u0131yor. Bir taraftan Bar\u0131\u015f Man\u00e7o, Z\u00fclf\u00fc Livaneli, Rahmi Saltuk gibi sanat d\u00fcnyas\u0131ndan insanlarla kar\u015f\u0131la\u015f\u0131p \u015fa\u015f\u0131raca\u011f\u0131n\u0131z; di\u011fer taraftan Fransa siyasetine y\u00f6n vermi\u015f akt\u00f6rlerin politik yolculuklar\u0131n\u0131 takip edebilece\u011finiz bir kitap bu. An\u0131lar ve bilimsel bilginin birbirinden rol \u00e7almadan aktar\u0131ld\u0131\u011f\u0131 eserin sat\u0131rlar\u0131 aras\u0131nda gezerken anfide en sevdi\u011finiz hocadan ders dinliyormu\u015f gibi hissedeceksiniz<\/p>\n","protected":false},"excerpt":{"rendered":"<p>\u201cDoktora i\u00e7in gitti\u011fim Paris\u2019te do\u011frudan deneyimler ya\u015fayarak \u00e7ok daha derin bir okuma ve \u00f6\u011frenme s\u00fcrecinde bilgimi geli\u015ftirmem m\u00fcmk\u00fcn olmu\u015ftur. Fransa\u2019ya dair okumam\u0131 gerektiren \u00e7ok \u015fey vard\u0131<span class=\"excerpt-hellip\"> [\u2026]<\/span><\/p>\n","protected":false},"featured_media":0,"template":"","meta":{"_monsterinsights_skip_tracking":false,"_monsterinsights_sitenote_active":false,"_monsterinsights_sitenote_note":"","_monsterinsights_sitenote_category":0},"product_brand":[],"product_cat":[13072,12291],"product_tag":[],"class_list":{"0":"post-733018","1":"product","2":"type-product","3":"status-publish","5":"product_cat-arastirma-inceleme-referans","6":"product_cat-edebiyat","7":"pa_cilt-ciltsiz","8":"pa_tur-kitap","9":"pa_yayinevi-ayrinti-yayinlari","10":"pa_yazar-a-rasit-kaya","12":"first","13":"instock","14":"sale","15":"shipping-taxable","16":"purchasable","17":"product-type-simple"},"_links":{"self":[{"href":"https:\/\/roveyayinevi.com.tr\/index.php\/wp-json\/wp\/v2\/product\/733018","targetHints":{"allow":["GET"]}}],"collection":[{"href":"https:\/\/roveyayinevi.com.tr\/index.php\/wp-json\/wp\/v2\/product"}],"about":[{"href":"https:\/\/roveyayinevi.com.tr\/index.php\/wp-json\/wp\/v2\/types\/product"}],"wp:attachment":[{"href":"https:\/\/roveyayinevi.com.tr\/index.php\/wp-json\/wp\/v2\/media?parent=733018"}],"wp:term":[{"taxonomy":"product_brand","embeddable":true,"href":"https:\/\/roveyayinevi.com.tr\/index.php\/wp-json\/wp\/v2\/product_brand?post=733018"},{"taxonomy":"product_cat","embeddable":true,"href":"https:\/\/roveyayinevi.com.tr\/index.php\/wp-json\/wp\/v2\/product_cat?post=733018"},{"taxonomy":"product_tag","embeddable":true,"href":"https:\/\/roveyayinevi.com.tr\/index.php\/wp-json\/wp\/v2\/product_tag?post=733018"}],"curies":[{"name":"wp","href":"https:\/\/api.w.org\/{rel}","templated":true}]}}