{"id":733016,"date":"2025-08-27T22:01:27","date_gmt":"2025-08-27T19:01:27","guid":{"rendered":"https:\/\/roveyayinevi.com.tr\/index.php\/urun\/adini-soylemeye-cesaret-eden-bir-sol\/"},"modified":"2026-04-16T02:40:48","modified_gmt":"2026-04-15T23:40:48","slug":"adini-soylemeye-cesaret-eden-bir-sol","status":"publish","type":"product","link":"https:\/\/roveyayinevi.com.tr\/index.php\/urun\/adini-soylemeye-cesaret-eden-bir-sol\/","title":{"rendered":"Ad\u0131n\u0131 S\u00f6ylemeye Cesaret Eden Bir Sol"},"content":{"rendered":"<p>\u00c7a\u011f\u0131m\u0131z\u0131n en \u00e7ok takip edilen ve tart\u0131\u015fma yaratan d\u00fc\u015f\u00fcn\u00fcrlerinden biri olan Slavoj Z\u01d0z\u011bk, Ad\u0131n\u0131 S\u00f6ylemeye Cesaret Eden Bir Sol\u2019da \u00fcn\u00fcne yak\u0131\u015f\u0131r bir bi\u00e7imde yak\u0131n d\u00f6nemin en \u00f6nemli konu ba\u015fl\u0131klar\u0131n\u0131 s\u0131ra d\u0131\u015f\u0131 bir \u00fcslupla ele al\u0131yor. K\u00fcresel ekonomik kriz dalgas\u0131n\u0131n yaratt\u0131\u011f\u0131 kaostan cinsel \u00f6zg\u00fcrl\u00fck m\u00fccadelesine, sa\u011f ve sol pop\u00fclizmlerin y\u00fckseli\u015finden siyaseten do\u011fruculu\u011fa, Trump d\u00f6nemi ABD\u2019sinden \u00c7in\u2019de s\u00fcrmekte olan gerilimlere dek a\u00e7\u0131lan geni\u015f bir yelpazede politik g\u00fcndeme m\u00fcdahil oluyor. Bir yanda Katalonya meselesinden hareketle Avrupa\u2019n\u0131n \u201csonunu\u201d tart\u0131\u015f\u0131rken bir di\u011fer yanda Ortado\u011fu co\u011frafyas\u0131na, Latin Amerika\u2019ya, Uzakdo\u011fu\u2019ya uzan\u0131yor. K\u00e2h iklim krizini tetikleyen unsurlarla k\u00e2h seksbotlar\u0131n g\u00fcndeme getirdi\u011fi etik sorunlarla bo\u011fu\u015fuyor. Her bir b\u00f6l\u00fcmde sars\u0131c\u0131 \u00f6nermeler sunmaktan \u00e7ekinmiyor, \u00e7a\u011fda\u015flar\u0131yla s\u0131k s\u0131k polemi\u011fe giriyor. \u201cKom\u00fcnist m\u00fcdahalelere ihtiya\u00e7 vard\u0131r; \u00e7\u00fcnk\u00fc kaderimiz, bir se\u00e7ene\u011fimiz var \u015feklindeki basit anlamda de\u011fil ama bir kimsenin kendi kaderini se\u00e7ebilece\u011fi \u015feklindeki daha radikal anlamda, h\u00e2l\u00e2 belirlenmemi\u015ftir\u201d diyen Z\u01d0z\u011bk bug\u00fcn\u00fcn d\u00fcnyas\u0131n\u0131n do\u011fru bir bi\u00e7imde ancak kom\u00fcnist bak\u0131\u015f a\u00e7\u0131s\u0131yla anlamland\u0131r\u0131labilece\u011fini \u0131srarl\u0131 bir bi\u00e7imde savunuyor. Elinizdeki kitap Z\u01d0z\u011bk\u2019in bug\u00fcne dair sordu\u011fu sorulara, tart\u0131\u015fmaya davet etti\u011fi konu ba\u015fl\u0131klara dair kapsaml\u0131 bir koleksiyon. 21. y\u00fczy\u0131lda neden ve nas\u0131l bir kom\u00fcnizm sorusuna verilen etkileyici bir yan\u0131t.   <\/p>\n","protected":false},"excerpt":{"rendered":"<p>\u00c7a\u011f\u0131m\u0131z\u0131n en \u00e7ok takip edilen ve tart\u0131\u015fma yaratan d\u00fc\u015f\u00fcn\u00fcrlerinden biri olan Slavoj Z\u01d0z\u011bk, Ad\u0131n\u0131 S\u00f6ylemeye Cesaret Eden Bir Sol\u2019da \u00fcn\u00fcne yak\u0131\u015f\u0131r bir bi\u00e7imde yak\u0131n d\u00f6nemin en<span class=\"excerpt-hellip\"> [\u2026]<\/span><\/p>\n","protected":false},"featured_media":0,"template":"","meta":{"_monsterinsights_skip_tracking":false,"_monsterinsights_sitenote_active":false,"_monsterinsights_sitenote_note":"","_monsterinsights_sitenote_category":0},"product_brand":[],"product_cat":[13590,12337],"product_tag":[],"class_list":{"0":"post-733016","1":"product","2":"type-product","3":"status-publish","5":"product_cat-arastirma-inceleme-politika-siyaset","6":"product_cat-politika-siyaset","7":"pa_cilt-ciltsiz","8":"pa_tur-kitap","9":"pa_yayinevi-ayrinti-yayinlari","10":"pa_yazar-slavoj-zizek","12":"first","13":"instock","14":"sale","15":"shipping-taxable","16":"purchasable","17":"product-type-simple"},"_links":{"self":[{"href":"https:\/\/roveyayinevi.com.tr\/index.php\/wp-json\/wp\/v2\/product\/733016","targetHints":{"allow":["GET"]}}],"collection":[{"href":"https:\/\/roveyayinevi.com.tr\/index.php\/wp-json\/wp\/v2\/product"}],"about":[{"href":"https:\/\/roveyayinevi.com.tr\/index.php\/wp-json\/wp\/v2\/types\/product"}],"wp:attachment":[{"href":"https:\/\/roveyayinevi.com.tr\/index.php\/wp-json\/wp\/v2\/media?parent=733016"}],"wp:term":[{"taxonomy":"product_brand","embeddable":true,"href":"https:\/\/roveyayinevi.com.tr\/index.php\/wp-json\/wp\/v2\/product_brand?post=733016"},{"taxonomy":"product_cat","embeddable":true,"href":"https:\/\/roveyayinevi.com.tr\/index.php\/wp-json\/wp\/v2\/product_cat?post=733016"},{"taxonomy":"product_tag","embeddable":true,"href":"https:\/\/roveyayinevi.com.tr\/index.php\/wp-json\/wp\/v2\/product_tag?post=733016"}],"curies":[{"name":"wp","href":"https:\/\/api.w.org\/{rel}","templated":true}]}}