{"id":733015,"date":"2025-08-27T22:01:26","date_gmt":"2025-08-27T19:01:26","guid":{"rendered":"https:\/\/roveyayinevi.com.tr\/index.php\/urun\/bustos-domecq-vakayinameler\/"},"modified":"2026-04-16T02:40:48","modified_gmt":"2026-04-15T23:40:48","slug":"bustos-domecq-vakayinameler","status":"publish","type":"product","link":"https:\/\/roveyayinevi.com.tr\/index.php\/urun\/bustos-domecq-vakayinameler\/","title":{"rendered":"Bustos Domecq Vakayinameler"},"content":{"rendered":"<p>Arjantin edebiyat\u0131n\u0131n en \u00f6nemli isimlerinden Jorge Luis Borges ile Adolfo Bioy Casares\u2019in her daim edebiyatla beslenen dostluklar\u0131ndan do\u011fmu\u015f olan kurmaca yazar Honorio Bustos Domecq, okurla ilk olarak Don Isidro Parodi\u2019ye Alt\u0131 Bilmece\u2019de imza att\u0131\u011f\u0131 polisiye \u00f6yk\u00fclerle bir araya gelmi\u015fti. Bustos Domecq Vakayinameleri ise onun bir edebiyat ve k\u00fclt\u00fcr muhabiri olarak, Ultima Hora gazetesi i\u00e7in kaleme ald\u0131\u011f\u0131 birbirinden ilgin\u00e7 yaz\u0131lar\u0131 i\u00e7eriyor. Domecq bu denemelerinde ad\u0131 san\u0131 duyulmam\u0131\u015f sanat\u00e7\u0131lar\u0131, yazar ve \u015fairleri okuyucuya tan\u0131t\u0131yor; edebiyat, tiyatro, mimari, resim, heykel ve moda gibi pek \u00e7ok farkl\u0131 sanat dal\u0131ndaki yeni ve deneysel \u00e7al\u0131\u015fmalardan, geli\u015fmelerden bahsediyor. Borges ile Casares\u2019in okura b\u00fcy\u00fck bir \u015fakas\u0131 olarak nitelendirilen Bustos Domecq Vakayinameleri, bu iki yazar\u0131n yak\u0131ndan takip ettikleri edebiyat ve sanatta ortaya \u00e7\u0131kan ultra modern ak\u0131mlara parodiyle verdikleri zamans\u0131z bir cevapt\u0131r.<\/p>\n","protected":false},"excerpt":{"rendered":"<p>Arjantin edebiyat\u0131n\u0131n en \u00f6nemli isimlerinden Jorge Luis Borges ile Adolfo Bioy Casares\u2019in her daim edebiyatla beslenen dostluklar\u0131ndan do\u011fmu\u015f olan kurmaca yazar Honorio Bustos Domecq, okurla ilk<span class=\"excerpt-hellip\"> [\u2026]<\/span><\/p>\n","protected":false},"featured_media":0,"template":"","meta":{"_monsterinsights_skip_tracking":false,"_monsterinsights_sitenote_active":false,"_monsterinsights_sitenote_note":"","_monsterinsights_sitenote_category":0},"product_brand":[],"product_cat":[12777,12291],"product_tag":[],"class_list":{"0":"post-733015","1":"product","2":"type-product","3":"status-publish","5":"product_cat-deneme","6":"product_cat-edebiyat","7":"pa_cilt-ciltsiz","8":"pa_tur-kitap","9":"pa_yayinevi-everest-yayinlari","10":"pa_yazar-jorge-luis-borges-adolfo-bioy-casares","12":"first","13":"instock","14":"sale","15":"shipping-taxable","16":"purchasable","17":"product-type-simple"},"_links":{"self":[{"href":"https:\/\/roveyayinevi.com.tr\/index.php\/wp-json\/wp\/v2\/product\/733015","targetHints":{"allow":["GET"]}}],"collection":[{"href":"https:\/\/roveyayinevi.com.tr\/index.php\/wp-json\/wp\/v2\/product"}],"about":[{"href":"https:\/\/roveyayinevi.com.tr\/index.php\/wp-json\/wp\/v2\/types\/product"}],"wp:attachment":[{"href":"https:\/\/roveyayinevi.com.tr\/index.php\/wp-json\/wp\/v2\/media?parent=733015"}],"wp:term":[{"taxonomy":"product_brand","embeddable":true,"href":"https:\/\/roveyayinevi.com.tr\/index.php\/wp-json\/wp\/v2\/product_brand?post=733015"},{"taxonomy":"product_cat","embeddable":true,"href":"https:\/\/roveyayinevi.com.tr\/index.php\/wp-json\/wp\/v2\/product_cat?post=733015"},{"taxonomy":"product_tag","embeddable":true,"href":"https:\/\/roveyayinevi.com.tr\/index.php\/wp-json\/wp\/v2\/product_tag?post=733015"}],"curies":[{"name":"wp","href":"https:\/\/api.w.org\/{rel}","templated":true}]}}