{"id":733014,"date":"2025-08-27T22:01:25","date_gmt":"2025-08-27T19:01:25","guid":{"rendered":"https:\/\/roveyayinevi.com.tr\/index.php\/urun\/minima-poetika\/"},"modified":"2026-04-16T02:40:48","modified_gmt":"2026-04-15T23:40:48","slug":"minima-poetika","status":"publish","type":"product","link":"https:\/\/roveyayinevi.com.tr\/index.php\/urun\/minima-poetika\/","title":{"rendered":"Minima Poetika"},"content":{"rendered":"<p>\u201c\u00d6zg\u00fcnl\u00fck deneyimdedir. \u015eeytan ayr\u0131nt\u0131da gizli; \u015fair de \u015feytanla kar\u015f\u0131la\u015fmaya en te\u015fne insan. \u00d6yleyse kar\u015f\u0131la\u015fmal\u0131d\u0131r.\u201d\u00c7a\u011fda\u015f T\u00fcrk \u015fiirinin hararetli tart\u0131\u015fma ortam\u0131na, 2000&#8217;li y\u0131llarda \u00f6ne \u00e7\u0131kan \u00f6nemli konu ba\u015fl\u0131klar\u0131n\u0131 \u00f6zg\u00fcn bir yakla\u015f\u0131mla inceleyerek dahil olan Ersun \u00c7\u0131plak, yak\u0131n ge\u00e7mi\u015ften g\u00fcn\u00fcm\u00fcze uzanan bir \u00e7izgide, yazar\u0131 \u015faire, yaz\u0131y\u0131 \u015fiire d\u00f6n\u00fc\u015ft\u00fcren n\u00fcans\u0131n izini s\u00fcr\u00fcyor Minima Poetika&#8217;da: &#8220;\u015eiirin Sesi&#8221; ve &#8220;\u015eairin G\u00f6lgesi&#8221; ba\u015fl\u0131klar\u0131 alt\u0131nda, hem \u015fiirin hem de \u015fairin k\u0131rm\u0131z\u0131 \u00e7izgilerini ad\u0131mlayarak gelenekle deney, klasikle modern, teknikle sanat, ustayla \u00e7\u0131rak aras\u0131ndaki paradoksal ili\u015fkiden y\u00fckselen &#8220;g\u00fcr\u00fclt\u00fcy\u00fc&#8221; paradigma temelli bir tart\u0131\u015fmaya d\u00f6n\u00fc\u015ft\u00fcr\u00fcyor.&#8221;Temsil&#8221; ile &#8220;poz&#8221; aras\u0131nda gidip gelirken gelene\u011fin yank\u0131s\u0131yla hesapla\u015fan, Garip&#8217;in hayaletiyle sava\u015fan ve \u0130kinci Yeni&#8217;yi eskitmeye \u00e7al\u0131\u015fan &#8220;modern&#8221; \u015fiirin yeni bin y\u0131l\u0131n ba\u015flar\u0131nda doland\u0131\u011f\u0131 keskin k\u00f6\u015feleri &#8220;gelene\u011fi de deneyi de feti\u015f haline getirmeyen&#8221; bir nesnellikle tart\u0131\u015fmaya a\u00e7an \u00c7\u0131plak, yepyeni sorularla \u00e7a\u011fda\u015f T\u00fcrk \u015fiirinin gelece\u011fine el veriyor.<\/p>\n","protected":false},"excerpt":{"rendered":"<p>\u201c\u00d6zg\u00fcnl\u00fck deneyimdedir. \u015eeytan ayr\u0131nt\u0131da gizli; \u015fair de \u015feytanla kar\u015f\u0131la\u015fmaya en te\u015fne insan. \u00d6yleyse kar\u015f\u0131la\u015fmal\u0131d\u0131r.\u201d\u00c7a\u011fda\u015f T\u00fcrk \u015fiirinin hararetli tart\u0131\u015fma ortam\u0131na, 2000&#8217;li y\u0131llarda \u00f6ne \u00e7\u0131kan \u00f6nemli konu ba\u015fl\u0131klar\u0131n\u0131<span class=\"excerpt-hellip\"> [\u2026]<\/span><\/p>\n","protected":false},"featured_media":0,"template":"","meta":{"_monsterinsights_skip_tracking":false,"_monsterinsights_sitenote_active":false,"_monsterinsights_sitenote_note":"","_monsterinsights_sitenote_category":0},"product_brand":[],"product_cat":[12777,12291],"product_tag":[],"class_list":{"0":"post-733014","1":"product","2":"type-product","3":"status-publish","5":"product_cat-deneme","6":"product_cat-edebiyat","7":"pa_cilt-ciltsiz","8":"pa_tur-kitap","9":"pa_yayinevi-everest-yayinlari","10":"pa_yazar-ersun-ciplak","12":"first","13":"instock","14":"sale","15":"shipping-taxable","16":"purchasable","17":"product-type-simple"},"_links":{"self":[{"href":"https:\/\/roveyayinevi.com.tr\/index.php\/wp-json\/wp\/v2\/product\/733014","targetHints":{"allow":["GET"]}}],"collection":[{"href":"https:\/\/roveyayinevi.com.tr\/index.php\/wp-json\/wp\/v2\/product"}],"about":[{"href":"https:\/\/roveyayinevi.com.tr\/index.php\/wp-json\/wp\/v2\/types\/product"}],"wp:attachment":[{"href":"https:\/\/roveyayinevi.com.tr\/index.php\/wp-json\/wp\/v2\/media?parent=733014"}],"wp:term":[{"taxonomy":"product_brand","embeddable":true,"href":"https:\/\/roveyayinevi.com.tr\/index.php\/wp-json\/wp\/v2\/product_brand?post=733014"},{"taxonomy":"product_cat","embeddable":true,"href":"https:\/\/roveyayinevi.com.tr\/index.php\/wp-json\/wp\/v2\/product_cat?post=733014"},{"taxonomy":"product_tag","embeddable":true,"href":"https:\/\/roveyayinevi.com.tr\/index.php\/wp-json\/wp\/v2\/product_tag?post=733014"}],"curies":[{"name":"wp","href":"https:\/\/api.w.org\/{rel}","templated":true}]}}