{"id":733013,"date":"2025-08-27T22:01:24","date_gmt":"2025-08-27T19:01:24","guid":{"rendered":"https:\/\/roveyayinevi.com.tr\/index.php\/urun\/siyaset-okuryazarligi\/"},"modified":"2026-04-16T02:40:48","modified_gmt":"2026-04-15T23:40:48","slug":"siyaset-okuryazarligi","status":"publish","type":"product","link":"https:\/\/roveyayinevi.com.tr\/index.php\/urun\/siyaset-okuryazarligi\/","title":{"rendered":"Siyaset Okuryazarl\u0131\u011f\u0131"},"content":{"rendered":"<p>Siyaset okuryazarl\u0131\u011f\u0131, ayn\u0131 c\u00fcmle i\u00e7indeki  iki soruya cevap arar: Y\u00f6neten birey olmak ve okullarda siyaset e\u011fitimi m\u00fcmk\u00fcn m\u00fc? Siyasete ili\u015fkin a\u00e7\u0131klay\u0131c\u0131 ve sade bir giri\u015ften sonra; literat\u00fcr\u00fcn yokland\u0131\u011f\u0131, siyasetin g\u00fcndelik dildeki kullan\u0131mlar\u0131n\u0131n tart\u0131\u015f\u0131ld\u0131\u011f\u0131 ve alg\u0131 ile izlenimlerin ortaya kondu\u011fu bir siyaset okuryazarl\u0131\u011f\u0131 tan\u0131mlan\u0131yor. Siyaset okuryazarl\u0131\u011f\u0131n ba\u015fl\u0131ca becerileri olarak sunulan siyasi bili\u015f, y\u00f6netime kat\u0131l\u0131m, kamusal tart\u0131\u015fmalara girme ve d\u00fcnya sorunlar\u0131na duyarl\u0131l\u0131k geli\u015ftirme a\u00e7\u0131klan\u0131yor. Yazar tutkuyla, her bireyin siyasi s\u00fcrece dahil olarak kendi hayatlar\u0131ndaki kay\u0131ts\u0131zl\u0131\u011fa kar\u015f\u0131 bir duyarl\u0131l\u0131k geli\u015ftirme \u00e7a\u011fr\u0131s\u0131nda bulunuyor. Dahas\u0131, siyaset e\u011fitiminin korkmadan okullara ta\u015f\u0131narak bunun e\u011fitim basamaklar\u0131nda nas\u0131l ba\u015flayabilece\u011fini\/olabilece\u011fini, k\u0131sacas\u0131 siyasetin pedagojisini tart\u0131\u015f\u0131yor. <\/p>\n","protected":false},"excerpt":{"rendered":"<p>Siyaset okuryazarl\u0131\u011f\u0131, ayn\u0131 c\u00fcmle i\u00e7indeki iki soruya cevap arar: Y\u00f6neten birey olmak ve okullarda siyaset e\u011fitimi m\u00fcmk\u00fcn m\u00fc? Siyasete ili\u015fkin a\u00e7\u0131klay\u0131c\u0131 ve sade bir giri\u015ften sonra;<span class=\"excerpt-hellip\"> [\u2026]<\/span><\/p>\n","protected":false},"featured_media":0,"template":"","meta":{"_monsterinsights_skip_tracking":false,"_monsterinsights_sitenote_active":false,"_monsterinsights_sitenote_note":"","_monsterinsights_sitenote_category":0},"product_brand":[],"product_cat":[13590,12337],"product_tag":[],"class_list":{"0":"post-733013","1":"product","2":"type-product","3":"status-publish","5":"product_cat-arastirma-inceleme-politika-siyaset","6":"product_cat-politika-siyaset","7":"pa_cilt-ciltsiz","8":"pa_tur-kitap","9":"pa_yayinevi-yeni-insan-yayinlari","10":"pa_yazar-suleyman-inan","12":"first","13":"instock","14":"sale","15":"shipping-taxable","16":"purchasable","17":"product-type-simple"},"_links":{"self":[{"href":"https:\/\/roveyayinevi.com.tr\/index.php\/wp-json\/wp\/v2\/product\/733013","targetHints":{"allow":["GET"]}}],"collection":[{"href":"https:\/\/roveyayinevi.com.tr\/index.php\/wp-json\/wp\/v2\/product"}],"about":[{"href":"https:\/\/roveyayinevi.com.tr\/index.php\/wp-json\/wp\/v2\/types\/product"}],"wp:attachment":[{"href":"https:\/\/roveyayinevi.com.tr\/index.php\/wp-json\/wp\/v2\/media?parent=733013"}],"wp:term":[{"taxonomy":"product_brand","embeddable":true,"href":"https:\/\/roveyayinevi.com.tr\/index.php\/wp-json\/wp\/v2\/product_brand?post=733013"},{"taxonomy":"product_cat","embeddable":true,"href":"https:\/\/roveyayinevi.com.tr\/index.php\/wp-json\/wp\/v2\/product_cat?post=733013"},{"taxonomy":"product_tag","embeddable":true,"href":"https:\/\/roveyayinevi.com.tr\/index.php\/wp-json\/wp\/v2\/product_tag?post=733013"}],"curies":[{"name":"wp","href":"https:\/\/api.w.org\/{rel}","templated":true}]}}