{"id":733011,"date":"2025-08-27T22:01:23","date_gmt":"2025-08-27T19:01:23","guid":{"rendered":"https:\/\/roveyayinevi.com.tr\/index.php\/urun\/uluslararasi-orgutler\/"},"modified":"2026-04-16T02:40:48","modified_gmt":"2026-04-15T23:40:48","slug":"uluslararasi-orgutler","status":"publish","type":"product","link":"https:\/\/roveyayinevi.com.tr\/index.php\/urun\/uluslararasi-orgutler\/","title":{"rendered":"Uluslararas\u0131 \u00d6rg\u00fctler"},"content":{"rendered":"<p>Uluslarararas\u0131 olaylar ve \u00f6rg\u00fctlerle ilgilenen bireyler i\u00e7in LeRoy Bennett ve James Oliver\u2019in bu eseri temel ve klasikle\u015fmi\u015f ba\u015fvuru kaynaklar\u0131ndan biridir.   Orijinal eserin d\u00f6rd\u00fcnc\u00fc edisyonundan yap\u0131lan \u00e7eviride her t\u00fcrden \u00e7a\u011fda\u015f uluslararas\u0131 \u00f6rg\u00fct\u00fcn geli\u015fiminin geni\u015f kapsaml\u0131 tarihsel, kurumsal ve i\u015flevsel\/programsal analizi incelenmektedir. Bunun yan\u0131s\u0131ra \u00e7ok-uluslu \u015firketlerin ve ba\u015fl\u0131ca b\u00f6lgesel \u00f6rg\u00fctlerin ve sivil toplum kurulu\u015flar\u0131n\u0131n faaliyetleri de kitab\u0131n ele ald\u0131\u011f\u0131 di\u011fer unsurlard\u0131r.   Birle\u015fmi\u015f Milletler ve BM sisteminin ba\u015fl\u0131ca ilkeleri, \u00f6rg\u00fctsel \u00f6zellikleri, i\u015flevleri ve faaliyetlerine odaklanan bu kitap, BM\u2019nin kar\u015f\u0131la\u015ft\u0131\u011f\u0131 sorunlar, soru\u015fturmalar ve kararlar\u0131n derinlikli bir \u00f6zetini sunar.   Uluslararas\u0131 \u00d6rg\u00fctler \u015fu konular\u0131 hem ge\u00e7mi\u015fe hem de gelece\u011fe d\u00f6n\u00fck \u015fekilde inceler: Milletler Cemiyeti\u2019nin kurulu\u015fu, geli\u015fimi ve sona eri\u015fiBirle\u015fmi\u015f Milletler\u2019in do\u011fu\u015fu, temel prensipleri, \u00f6rg\u00fctlenmesi, yap\u0131s\u0131 ve faaliyetleri anla\u015fmazl\u0131klar\u0131n bar\u0131\u015f\u00e7\u0131l yollarla \u00e7\u00f6z\u00fcmlenmesi kolektif g\u00fcvenlik ve bar\u0131\u015f\u0131 koruma uluslararas\u0131 hukuk sistemi silahs\u0131zlanma b\u00f6lgeselcilik t\u00fcrleri ve b\u00f6lgesel \u00f6rg\u00fctler k\u00fcreselle\u015fme, ulus-\u00f6tesicilik ve uluslararas\u0131 \u00f6rg\u00fctlenme \u00e7ok-uluslu \u015firketler, h\u00fck\u00fbmetler d\u0131\u015f\u0131 \u00f6rg\u00fctler ekonomik refah\u0131n art\u0131r\u0131lmas\u0131  k\u00fcresel kaynaklar\u0131n y\u00f6netimi sosyal ilerlemenin geli\u015ftirilmesi insan haklar\u0131 ve \u00f6zerklik m\u00fccadelesi uluslararas\u0131 y\u00f6netim ve liderlik <\/p>\n","protected":false},"excerpt":{"rendered":"<p>Uluslarararas\u0131 olaylar ve \u00f6rg\u00fctlerle ilgilenen bireyler i\u00e7in LeRoy Bennett ve James Oliver\u2019in bu eseri temel ve klasikle\u015fmi\u015f ba\u015fvuru kaynaklar\u0131ndan biridir. Orijinal eserin d\u00f6rd\u00fcnc\u00fc edisyonundan yap\u0131lan \u00e7eviride<span class=\"excerpt-hellip\"> [\u2026]<\/span><\/p>\n","protected":false},"featured_media":0,"template":"","meta":{"_monsterinsights_skip_tracking":false,"_monsterinsights_sitenote_active":false,"_monsterinsights_sitenote_note":"","_monsterinsights_sitenote_category":0},"product_brand":[],"product_cat":[12337,17225],"product_tag":[],"class_list":{"0":"post-733011","1":"product","2":"type-product","3":"status-publish","5":"product_cat-politika-siyaset","6":"product_cat-uluslararasi-iliskiler","7":"pa_cilt-ciltsiz","8":"pa_tur-kitap","9":"pa_yayinevi-serbest-akademi","10":"pa_yazar-james-k-oliver-a-leroy-bennett","12":"first","13":"instock","14":"sale","15":"shipping-taxable","16":"purchasable","17":"product-type-simple"},"_links":{"self":[{"href":"https:\/\/roveyayinevi.com.tr\/index.php\/wp-json\/wp\/v2\/product\/733011","targetHints":{"allow":["GET"]}}],"collection":[{"href":"https:\/\/roveyayinevi.com.tr\/index.php\/wp-json\/wp\/v2\/product"}],"about":[{"href":"https:\/\/roveyayinevi.com.tr\/index.php\/wp-json\/wp\/v2\/types\/product"}],"wp:attachment":[{"href":"https:\/\/roveyayinevi.com.tr\/index.php\/wp-json\/wp\/v2\/media?parent=733011"}],"wp:term":[{"taxonomy":"product_brand","embeddable":true,"href":"https:\/\/roveyayinevi.com.tr\/index.php\/wp-json\/wp\/v2\/product_brand?post=733011"},{"taxonomy":"product_cat","embeddable":true,"href":"https:\/\/roveyayinevi.com.tr\/index.php\/wp-json\/wp\/v2\/product_cat?post=733011"},{"taxonomy":"product_tag","embeddable":true,"href":"https:\/\/roveyayinevi.com.tr\/index.php\/wp-json\/wp\/v2\/product_tag?post=733011"}],"curies":[{"name":"wp","href":"https:\/\/api.w.org\/{rel}","templated":true}]}}