{"id":733010,"date":"2025-08-27T22:01:22","date_gmt":"2025-08-27T19:01:22","guid":{"rendered":"https:\/\/roveyayinevi.com.tr\/index.php\/urun\/cetin-ceviz\/"},"modified":"2025-09-24T13:35:47","modified_gmt":"2025-09-24T10:35:47","slug":"cetin-ceviz","status":"publish","type":"product","link":"https:\/\/roveyayinevi.com.tr\/index.php\/urun\/cetin-ceviz\/","title":{"rendered":"\u00c7etin Ceviz"},"content":{"rendered":"<p>\u00c7ocu\u011fa ithaf edilen bu \u00f6yk\u00fclerde hayal var, su var, sokak var&#8230; Bug\u00fcn pek \u00e7o\u011fumuzun unuttu\u011fu bir ya\u015fam var.Meri\u00e7 Renkver, samimi ve yal\u0131n bir dille kaleme ald\u0131\u011f\u0131 \u00f6yk\u00fclerinde bir yandan \u00e7ocukluklar\u0131n\u0131 ya\u015fayamayan \u00e7ocuklar\u0131n hayat\u0131na dokunuyor, bir yandan da \u00e7ocuklar\u0131n merak dolu ya\u015fant\u0131lar\u0131yla okuyanlar\u0131 hayal etme oyununa davet ediyor.Son derece ger\u00e7ek\u00e7i \u00e7izilmi\u015f \u00f6yk\u00fc atmosferi, \u00f6yk\u00fc karakterlerini yak\u0131ndan tan\u0131mam\u0131z\u0131 ve deneyimlerini payla\u015fmam\u0131z\u0131 sa\u011fl\u0131yor.Dostluk, do\u011fa ve hayvan sevgisi gibi konularda fark\u0131ndal\u0131k yaratan \u00f6yk\u00fclerin kahraman\u0131 olan \u00e7ocuklar\u0131 unutamayacaks\u0131n\u0131z.<\/p>\n","protected":false},"excerpt":{"rendered":"<p>\u00c7ocu\u011fa ithaf edilen bu \u00f6yk\u00fclerde hayal var, su var, sokak var&#8230; Bug\u00fcn pek \u00e7o\u011fumuzun unuttu\u011fu bir ya\u015fam var.Meri\u00e7 Renkver, samimi ve yal\u0131n bir dille kaleme ald\u0131\u011f\u0131<span class=\"excerpt-hellip\"> [\u2026]<\/span><\/p>\n","protected":false},"featured_media":0,"template":"","meta":{"_monsterinsights_skip_tracking":false,"_monsterinsights_sitenote_active":false,"_monsterinsights_sitenote_note":"","_monsterinsights_sitenote_category":0},"product_brand":[],"product_cat":[12274,12284],"product_tag":[],"class_list":{"0":"post-733010","1":"product","2":"type-product","3":"status-publish","5":"product_cat-cocuk-ve-genclik-kitaplari","6":"product_cat-hikayeler","7":"pa_cilt-ciltsiz","8":"pa_tur-kitap","9":"pa_yayinevi-abm-yayinevi","10":"pa_yazar-meric-renkver","12":"first","13":"instock","14":"sale","15":"shipping-taxable","16":"purchasable","17":"product-type-simple"},"_links":{"self":[{"href":"https:\/\/roveyayinevi.com.tr\/index.php\/wp-json\/wp\/v2\/product\/733010","targetHints":{"allow":["GET"]}}],"collection":[{"href":"https:\/\/roveyayinevi.com.tr\/index.php\/wp-json\/wp\/v2\/product"}],"about":[{"href":"https:\/\/roveyayinevi.com.tr\/index.php\/wp-json\/wp\/v2\/types\/product"}],"wp:attachment":[{"href":"https:\/\/roveyayinevi.com.tr\/index.php\/wp-json\/wp\/v2\/media?parent=733010"}],"wp:term":[{"taxonomy":"product_brand","embeddable":true,"href":"https:\/\/roveyayinevi.com.tr\/index.php\/wp-json\/wp\/v2\/product_brand?post=733010"},{"taxonomy":"product_cat","embeddable":true,"href":"https:\/\/roveyayinevi.com.tr\/index.php\/wp-json\/wp\/v2\/product_cat?post=733010"},{"taxonomy":"product_tag","embeddable":true,"href":"https:\/\/roveyayinevi.com.tr\/index.php\/wp-json\/wp\/v2\/product_tag?post=733010"}],"curies":[{"name":"wp","href":"https:\/\/api.w.org\/{rel}","templated":true}]}}