{"id":733008,"date":"2025-08-27T22:01:20","date_gmt":"2025-08-27T19:01:20","guid":{"rendered":"https:\/\/roveyayinevi.com.tr\/index.php\/urun\/hayal-hirsizi\/"},"modified":"2026-04-16T02:40:48","modified_gmt":"2026-04-15T23:40:48","slug":"hayal-hirsizi","status":"publish","type":"product","link":"https:\/\/roveyayinevi.com.tr\/index.php\/urun\/hayal-hirsizi\/","title":{"rendered":"Hayal H\u0131rs\u0131z\u0131"},"content":{"rendered":"<p>&#8220;Bence Anabel ve Esteban&#8217;a yard\u0131m etmeliyiz, Ece. \u0130\u00e7imden bir ses, her gece kafama dolu\u015fan ve beni uyutmayan hik\u00e2yelerle bu olay\u0131n kesinlikle bir ba\u011flant\u0131s\u0131 oldu\u011funu s\u00f6yl\u00fcyor. Yoksa bu kocaman pencere, neden ba\u015fka \u00e7ocuklar\u0131n odas\u0131nda de\u011fil de bizimkinde a\u00e7\u0131lm\u0131\u015f olsun? Bu pencerenin \u00f6tesine ge\u00e7mem gerek! Benimle gelmeye cesaretin var m\u0131, Ece?   &#8220;Eren ve Ece,  pencereden ge\u00e7tiler ve r\u00fcya gibi bir macera ba\u015flad\u0131. Bu macerada Ece, Eren, Anabel, Esteban ve Peri Gossamer, \u00e7ocuklar\u0131n hayallerini \u00e7alan, b\u00fcy\u00fckanneleri Estelle&#8217;i ka\u00e7\u0131ran, k\u00f6t\u00fc kalpli Bay \u00c7atlak Kafa&#8217;n\u0131n pe\u015fine d\u00fc\u015ft\u00fcler! Ama Hayal H\u0131rs\u0131z\u0131 Bay \u00c7atlak Kafa, onlar\u0131 Kara Bulutlar Krall\u0131\u011f\u0131&#8217;nda bekliyordu!   Hayaller, dostluk, karde\u015flik ve iyilik temalar\u0131yla \u00f6r\u00fclm\u00fc\u015f, heyecan dolu, d\u00fc\u015fsel g\u00fczellikte bir hik\u00e2ye&#8230;       &#8220;\u00d6\u011frencilerime, okuman\u0131n gereklili\u011fini savunurken, bunun bir nedeni de kitap okuman\u0131n hayal g\u00fcc\u00fcn\u00fc geli\u015ftiriyor olmas\u0131yd\u0131. \u0130\u015fte bu g\u00fczel kitapta, hayal g\u00fcc\u00fc yok olan \u00e7ocuklar\u0131n, g\u00fcndelik ya\u015famda nas\u0131l robotla\u015facaklar\u0131, ya\u015fam\u0131n g\u00fczelliklerinden uzakla\u015facaklar\u0131 \u00e7ok sadeve macerac\u0131 bir anlat\u0131mla ele al\u0131n\u0131yor. Okumaktan \u00e7ok keyif ald\u0131\u011f\u0131m bu kitab\u0131, t\u00fcm ilk\u00f6\u011fretim \u00f6\u011frencilerine ve ya\u015f\u0131 ne olursa olsun kitaplardan tatl\u0131 bir keyif almak isteyen t\u00fcm okumay\u0131 sevenlere \u00f6neririm.&#8221; &#8211;      A. \u00c7i\u011fdem Yenal-K\u00fct\u00fcphane \u00d6\u011fretmeni,          Seramik Sanat\u00e7\u0131s\u0131 <\/p>\n","protected":false},"excerpt":{"rendered":"<p>&#8220;Bence Anabel ve Esteban&#8217;a yard\u0131m etmeliyiz, Ece. \u0130\u00e7imden bir ses, her gece kafama dolu\u015fan ve beni uyutmayan hik\u00e2yelerle bu olay\u0131n kesinlikle bir ba\u011flant\u0131s\u0131 oldu\u011funu s\u00f6yl\u00fcyor. Yoksa<span class=\"excerpt-hellip\"> [\u2026]<\/span><\/p>\n","protected":false},"featured_media":0,"template":"","meta":{"_monsterinsights_skip_tracking":false,"_monsterinsights_sitenote_active":false,"_monsterinsights_sitenote_note":"","_monsterinsights_sitenote_category":0},"product_brand":[],"product_cat":[12913,12274],"product_tag":[],"class_list":{"0":"post-733008","1":"product","2":"type-product","3":"status-publish","5":"product_cat-3-6-yas-kitaplari","6":"product_cat-cocuk-ve-genclik-kitaplari","7":"pa_cilt-ciltsiz","8":"pa_tur-kitap","9":"pa_yayinevi-epsilon-yayinlari","10":"pa_yazar-ozlem-tokman","12":"first","13":"instock","14":"sale","15":"shipping-taxable","16":"purchasable","17":"product-type-simple"},"_links":{"self":[{"href":"https:\/\/roveyayinevi.com.tr\/index.php\/wp-json\/wp\/v2\/product\/733008","targetHints":{"allow":["GET"]}}],"collection":[{"href":"https:\/\/roveyayinevi.com.tr\/index.php\/wp-json\/wp\/v2\/product"}],"about":[{"href":"https:\/\/roveyayinevi.com.tr\/index.php\/wp-json\/wp\/v2\/types\/product"}],"wp:attachment":[{"href":"https:\/\/roveyayinevi.com.tr\/index.php\/wp-json\/wp\/v2\/media?parent=733008"}],"wp:term":[{"taxonomy":"product_brand","embeddable":true,"href":"https:\/\/roveyayinevi.com.tr\/index.php\/wp-json\/wp\/v2\/product_brand?post=733008"},{"taxonomy":"product_cat","embeddable":true,"href":"https:\/\/roveyayinevi.com.tr\/index.php\/wp-json\/wp\/v2\/product_cat?post=733008"},{"taxonomy":"product_tag","embeddable":true,"href":"https:\/\/roveyayinevi.com.tr\/index.php\/wp-json\/wp\/v2\/product_tag?post=733008"}],"curies":[{"name":"wp","href":"https:\/\/api.w.org\/{rel}","templated":true}]}}