{"id":733006,"date":"2025-08-27T22:01:18","date_gmt":"2025-08-27T19:01:18","guid":{"rendered":"https:\/\/roveyayinevi.com.tr\/index.php\/urun\/kopuk-ulkesi\/"},"modified":"2026-04-16T02:40:48","modified_gmt":"2026-04-15T23:40:48","slug":"kopuk-ulkesi","status":"publish","type":"product","link":"https:\/\/roveyayinevi.com.tr\/index.php\/urun\/kopuk-ulkesi\/","title":{"rendered":"K\u00f6p\u00fck \u00dclkesi"},"content":{"rendered":"<p>Herkesin mutlu oldu\u011fu, hep e\u011flenerek yeni yeni \u015feyler \u00f6\u011frendi\u011fi bir \u00fclkede ya\u015famay\u0131 kim istemez! Gelin, K\u00f6p\u00fck \u00dclkesi&#8217;ne hep beraber gidelim ve orada mutlu ya\u015fayan, hi\u00e7 kaybolmayan k\u00f6p\u00fcklerle tan\u0131\u015fal\u0131m. K\u00f6p\u00fck K\u0131z&#8217;a e\u015flik edip denizin g\u00fczelliklerini ke\u015ffedelim. K\u00f6p\u00fck K\u0131z, arkada\u015f\u0131 Deniz K\u0131z\u0131 ve denizdeki t\u00fcm canl\u0131larla birlikte, d\u0131\u015far\u0131daki kirlili\u011fin K\u00f6p\u00fck \u00dclkesi&#8217;ne ve denizlere bulu\u015fmas\u0131na izin vermeyelim!     &#8220;K\u00f6p\u00fck \u00dclkesi, \u00e7ocuklara \u00e7evre bilincini anlatmay\u0131 ama\u00e7lam\u0131\u015f. Bunu yaparken de, e\u011flendirmeyi hi\u00e7 ku\u015fkusuz. Bu kitab\u0131 okurken denizi kirletenlere siz de k\u0131zabilir, K\u00f6p\u00fck K\u0131z&#8217;\u0131n m\u00fccadelesine g\u00f6nl\u00fcn\u00fczce destek verebilirsiniz. Ancak emin olun ki bu hik\u00e2yede her \u015fey, istedi\u011finiz ve istedi\u011fimiz gibi&#8230;&#8221; &#8211;      Seda Ke\u00e7e-T\u00fcrk\u00e7e \u00d6\u011fretmeni   <\/p>\n","protected":false},"excerpt":{"rendered":"<p>Herkesin mutlu oldu\u011fu, hep e\u011flenerek yeni yeni \u015feyler \u00f6\u011frendi\u011fi bir \u00fclkede ya\u015famay\u0131 kim istemez! Gelin, K\u00f6p\u00fck \u00dclkesi&#8217;ne hep beraber gidelim ve orada mutlu ya\u015fayan, hi\u00e7 kaybolmayan<span class=\"excerpt-hellip\"> [\u2026]<\/span><\/p>\n","protected":false},"featured_media":0,"template":"","meta":{"_monsterinsights_skip_tracking":false,"_monsterinsights_sitenote_active":false,"_monsterinsights_sitenote_note":"","_monsterinsights_sitenote_category":0},"product_brand":[],"product_cat":[12275,12274],"product_tag":[],"class_list":{"0":"post-733006","1":"product","2":"type-product","3":"status-publish","5":"product_cat-6-12-yas-kitaplari","6":"product_cat-cocuk-ve-genclik-kitaplari","7":"pa_cilt-ciltsiz","8":"pa_tur-kitap","9":"pa_yayinevi-epsilon-ozel-urun","10":"pa_yazar-banu-bozdemir","12":"first","13":"instock","14":"sale","15":"shipping-taxable","16":"purchasable","17":"product-type-simple"},"_links":{"self":[{"href":"https:\/\/roveyayinevi.com.tr\/index.php\/wp-json\/wp\/v2\/product\/733006","targetHints":{"allow":["GET"]}}],"collection":[{"href":"https:\/\/roveyayinevi.com.tr\/index.php\/wp-json\/wp\/v2\/product"}],"about":[{"href":"https:\/\/roveyayinevi.com.tr\/index.php\/wp-json\/wp\/v2\/types\/product"}],"wp:attachment":[{"href":"https:\/\/roveyayinevi.com.tr\/index.php\/wp-json\/wp\/v2\/media?parent=733006"}],"wp:term":[{"taxonomy":"product_brand","embeddable":true,"href":"https:\/\/roveyayinevi.com.tr\/index.php\/wp-json\/wp\/v2\/product_brand?post=733006"},{"taxonomy":"product_cat","embeddable":true,"href":"https:\/\/roveyayinevi.com.tr\/index.php\/wp-json\/wp\/v2\/product_cat?post=733006"},{"taxonomy":"product_tag","embeddable":true,"href":"https:\/\/roveyayinevi.com.tr\/index.php\/wp-json\/wp\/v2\/product_tag?post=733006"}],"curies":[{"name":"wp","href":"https:\/\/api.w.org\/{rel}","templated":true}]}}