{"id":733005,"date":"2025-08-27T22:01:17","date_gmt":"2025-08-27T19:01:17","guid":{"rendered":"https:\/\/roveyayinevi.com.tr\/index.php\/urun\/rasathanede-bir-gece\/"},"modified":"2026-04-16T02:40:48","modified_gmt":"2026-04-15T23:40:48","slug":"rasathanede-bir-gece","status":"publish","type":"product","link":"https:\/\/roveyayinevi.com.tr\/index.php\/urun\/rasathanede-bir-gece\/","title":{"rendered":"Rasathane&#8217;de Bir Gece"},"content":{"rendered":"<p>Elif&#8217;in ya\u015fam\u0131, on \u00fc\u00e7 ya\u015f\u0131na bast\u0131\u011f\u0131 gece g\u00f6ky\u00fcz\u00fcnde beliren ola\u011fan\u00fcst\u00fc bir kuyruklu y\u0131ld\u0131z ve bir hi\u00e7li\u011fin i\u00e7inden \u00e7\u0131k\u0131p gelen gizemli bir kitapla geri d\u00f6n\u00fclemez bi\u00e7imde de\u011fi\u015fir. Bu de\u011fi\u015fimde, kehanetleri ve varl\u0131\u011f\u0131yla 16. y\u00fczy\u0131ldan bug\u00fcne gelen Osmanl\u0131 d\u00f6neminin matematik\u00e7ilerinden Takiy\u00fcddin Ras\u0131d&#8217;\u0131n da \u00e7ok \u00f6nemli bir rol\u00fc vard\u0131r. Elif \u015fimdi can dostlar\u0131 Sezen, F\u0131rat, Elif Hoca ve Mehmet Hoca&#8217;yla birlikte bir se\u00e7im yapmak zorundad\u0131r. Bu se\u00e7im, iyi ile k\u00f6t\u00fcn\u00fcn ezel\u00ee ve ebed\u00ee m\u00fccadelesinde onlar\u0131n yerini de belirleyecektir. \u00d6te yandan, Elif&#8217;in ve gizemli kitab\u0131n pe\u015findeki k\u00f6t\u00fc g\u00fc\u00e7ler \u00e7oktan harekete ge\u00e7mi\u015ftir bile&#8230;   Kitab\u0131n Gizemi dizisinin ilk roman\u0131nda sizleri \u00e7ok \u015fa\u015f\u0131rt\u0131c\u0131, heyecanl\u0131 ve gizemli olaylar bekliyor!   \u0130yilik ile k\u00f6t\u00fcl\u00fck, ayd\u0131nl\u0131k ile karanl\u0131k g\u00fc\u00e7ler, d\u00fcnyan\u0131n bug\u00fcn\u00fc ve gelece\u011fi, insanl\u0131k ve teknoloji \u00fczerine, heyecan verici bir fantastik roman.     &#8220;Kendinizi aniden k\u00f6t\u00fcl\u00fcklerle amans\u0131z bir m\u00fccadelenin i\u00e7inde bulaca\u011f\u0131n\u0131z bu kitapta, soluk solu\u011fa okudu\u011funuz Elif&#8217;in maceralar\u0131ndan bilim tarihinin renkli basamaklar\u0131n\u0131 ke\u015ffedeceksiniz. Okumas\u0131 keyifli oldu\u011fu kadar \u00f6\u011fretici bir kitap.&#8221; &#8211;      Yaprak Atalay-K\u00fct\u00fcphane \u00d6\u011fretmeni <\/p>\n","protected":false},"excerpt":{"rendered":"<p>Elif&#8217;in ya\u015fam\u0131, on \u00fc\u00e7 ya\u015f\u0131na bast\u0131\u011f\u0131 gece g\u00f6ky\u00fcz\u00fcnde beliren ola\u011fan\u00fcst\u00fc bir kuyruklu y\u0131ld\u0131z ve bir hi\u00e7li\u011fin i\u00e7inden \u00e7\u0131k\u0131p gelen gizemli bir kitapla geri d\u00f6n\u00fclemez bi\u00e7imde de\u011fi\u015fir.<span class=\"excerpt-hellip\"> [\u2026]<\/span><\/p>\n","protected":false},"featured_media":0,"template":"","meta":{"_monsterinsights_skip_tracking":false,"_monsterinsights_sitenote_active":false,"_monsterinsights_sitenote_note":"","_monsterinsights_sitenote_category":0},"product_brand":[],"product_cat":[12275,12274],"product_tag":[],"class_list":{"0":"post-733005","1":"product","2":"type-product","3":"status-publish","5":"product_cat-6-12-yas-kitaplari","6":"product_cat-cocuk-ve-genclik-kitaplari","7":"pa_cilt-ciltsiz","8":"pa_tur-kitap","9":"pa_yayinevi-epsilon-ozel-urun","10":"pa_yazar-ozlem-tokman","12":"first","13":"instock","14":"sale","15":"shipping-taxable","16":"purchasable","17":"product-type-simple"},"_links":{"self":[{"href":"https:\/\/roveyayinevi.com.tr\/index.php\/wp-json\/wp\/v2\/product\/733005","targetHints":{"allow":["GET"]}}],"collection":[{"href":"https:\/\/roveyayinevi.com.tr\/index.php\/wp-json\/wp\/v2\/product"}],"about":[{"href":"https:\/\/roveyayinevi.com.tr\/index.php\/wp-json\/wp\/v2\/types\/product"}],"wp:attachment":[{"href":"https:\/\/roveyayinevi.com.tr\/index.php\/wp-json\/wp\/v2\/media?parent=733005"}],"wp:term":[{"taxonomy":"product_brand","embeddable":true,"href":"https:\/\/roveyayinevi.com.tr\/index.php\/wp-json\/wp\/v2\/product_brand?post=733005"},{"taxonomy":"product_cat","embeddable":true,"href":"https:\/\/roveyayinevi.com.tr\/index.php\/wp-json\/wp\/v2\/product_cat?post=733005"},{"taxonomy":"product_tag","embeddable":true,"href":"https:\/\/roveyayinevi.com.tr\/index.php\/wp-json\/wp\/v2\/product_tag?post=733005"}],"curies":[{"name":"wp","href":"https:\/\/api.w.org\/{rel}","templated":true}]}}