{"id":733004,"date":"2025-08-27T22:01:16","date_gmt":"2025-08-27T19:01:16","guid":{"rendered":"https:\/\/roveyayinevi.com.tr\/index.php\/urun\/renkli-penguencik\/"},"modified":"2026-04-16T02:40:48","modified_gmt":"2026-04-15T23:40:48","slug":"renkli-penguencik","status":"publish","type":"product","link":"https:\/\/roveyayinevi.com.tr\/index.php\/urun\/renkli-penguencik\/","title":{"rendered":"Renkli Penguencik"},"content":{"rendered":"<p>Penguencik, G\u00fcney Kutbu&#8217;nda, ailesi, arkada\u015flar\u0131, fok, mart\u0131 ve balina dostlar\u0131yla e\u011flenceli mi e\u011flenceli bir ya\u015fam s\u00fcrmektedir. Fakat bir gece g\u00f6rd\u00fc\u011f\u00fc esrarengiz r\u00fcya, Penguencik&#8217;in bu g\u00fczel ya\u015fam\u0131n\u0131n de\u011fi\u015fmek \u00fczere oldu\u011funun habercisi olacakt\u0131r. D\u00fcnya o kadar \u0131s\u0131nm\u0131\u015ft\u0131r ki, hayatta kalan son insanlar \u00e7aresizlikten kocaman bir gemiye atlay\u0131p G\u00fcney Kutbu&#8217;na var\u0131rlar. Gelgelelim, G\u00fcney Kutbu&#8217;nda da tehlike \u00e7anlar\u0131 \u00e7almaya ba\u015flam\u0131\u015ft\u0131r: Buzullar erimektedir. \u0130nsanlar ve penguenler el ele vererek bu zor durumu atlatmak zorundad\u0131r. Bu yolda, Penguencik ve sevgili arkada\u015f\u0131 \u00d6zg\u00fcr&#8217;e \u00e7ok i\u015f d\u00fc\u015fecektir.     &#8220;Penguenleri kim sevmez ki! Hele de Banu Bozdemir&#8217;in Renkli Penguencik&#8217;i gibi bir pengueni. Banu Bozdemir, Renkli Penguencik ile \u00e7ocuklara hem hayallerin ne kadar g\u00fczel oldu\u011funu hem de ya\u015fad\u0131\u011f\u0131m\u0131z d\u00fcnya i\u00e7in endi\u015felenmemiz gerekti\u011fini anlat\u0131yor. Hayalleri olan, ya\u015fad\u0131\u011f\u0131 yer i\u00e7in endi\u015felenen renkli, minicik bir penguencik ve onun hayallerini derinden hisseden arkada\u015f\u0131 \u00d6zg\u00fcr. Yok olan Kutuplar ve D\u00fcnya. D\u00fcnya&#8217;n\u0131n kurtulu\u015fu, \u00d6zg\u00fcr ve Penguencik&#8217;in hayalinin ger\u00e7ekle\u015fmesine ba\u011fl\u0131. Acaba \u00d6zg\u00fcr ve Renkli Penguencik g\u00f6kku\u015fa\u011f\u0131n\u0131n alt\u0131ndan ge\u00e7erek yepyeni bir D\u00fcnya&#8217;ya ula\u015fabilecekler mi? Okuyal\u0131m ve g\u00f6relim!&#8221; &#8211;      Seda Ke\u00e7e-T\u00fcrk\u00e7e \u00d6\u011fretmeni <\/p>\n","protected":false},"excerpt":{"rendered":"<p>Penguencik, G\u00fcney Kutbu&#8217;nda, ailesi, arkada\u015flar\u0131, fok, mart\u0131 ve balina dostlar\u0131yla e\u011flenceli mi e\u011flenceli bir ya\u015fam s\u00fcrmektedir. Fakat bir gece g\u00f6rd\u00fc\u011f\u00fc esrarengiz r\u00fcya, Penguencik&#8217;in bu g\u00fczel ya\u015fam\u0131n\u0131n<span class=\"excerpt-hellip\"> [\u2026]<\/span><\/p>\n","protected":false},"featured_media":0,"template":"","meta":{"_monsterinsights_skip_tracking":false,"_monsterinsights_sitenote_active":false,"_monsterinsights_sitenote_note":"","_monsterinsights_sitenote_category":0},"product_brand":[],"product_cat":[12275,12274],"product_tag":[],"class_list":{"0":"post-733004","1":"product","2":"type-product","3":"status-publish","5":"product_cat-6-12-yas-kitaplari","6":"product_cat-cocuk-ve-genclik-kitaplari","7":"pa_cilt-ciltsiz","8":"pa_tur-kitap","9":"pa_yayinevi-epsilon-ozel-urun","10":"pa_yazar-banu-bozdemir","12":"first","13":"instock","14":"sale","15":"shipping-taxable","16":"purchasable","17":"product-type-simple"},"_links":{"self":[{"href":"https:\/\/roveyayinevi.com.tr\/index.php\/wp-json\/wp\/v2\/product\/733004","targetHints":{"allow":["GET"]}}],"collection":[{"href":"https:\/\/roveyayinevi.com.tr\/index.php\/wp-json\/wp\/v2\/product"}],"about":[{"href":"https:\/\/roveyayinevi.com.tr\/index.php\/wp-json\/wp\/v2\/types\/product"}],"wp:attachment":[{"href":"https:\/\/roveyayinevi.com.tr\/index.php\/wp-json\/wp\/v2\/media?parent=733004"}],"wp:term":[{"taxonomy":"product_brand","embeddable":true,"href":"https:\/\/roveyayinevi.com.tr\/index.php\/wp-json\/wp\/v2\/product_brand?post=733004"},{"taxonomy":"product_cat","embeddable":true,"href":"https:\/\/roveyayinevi.com.tr\/index.php\/wp-json\/wp\/v2\/product_cat?post=733004"},{"taxonomy":"product_tag","embeddable":true,"href":"https:\/\/roveyayinevi.com.tr\/index.php\/wp-json\/wp\/v2\/product_tag?post=733004"}],"curies":[{"name":"wp","href":"https:\/\/api.w.org\/{rel}","templated":true}]}}