{"id":733003,"date":"2025-08-27T22:01:15","date_gmt":"2025-08-27T19:01:15","guid":{"rendered":"https:\/\/roveyayinevi.com.tr\/index.php\/urun\/tas-devrinde-bir-gun\/"},"modified":"2026-04-16T02:40:48","modified_gmt":"2026-04-15T23:40:48","slug":"tas-devrinde-bir-gun","status":"publish","type":"product","link":"https:\/\/roveyayinevi.com.tr\/index.php\/urun\/tas-devrinde-bir-gun\/","title":{"rendered":"Ta\u015f Devri\u2019nde Bir G\u00fcn"},"content":{"rendered":"<p>Gizemli bir bilgisayar sizi Ta\u015f Devri&#8217;ne \u0131\u015f\u0131nlarsa ne yapars\u0131n\u0131z? &#8220;Hay\u0131r, bu ger\u00e7ek olamaz!&#8221; m\u0131 dersiniz \u00f6rne\u011fin? Ya da ilerideki &#8220;mamut s\u00fcr\u00fcs\u00fc&#8221;ne mi bakars\u0131n\u0131z hayretle? Peki, Ta\u015f Devri insanlar\u0131yla kar\u015f\u0131 kar\u015f\u0131ya kal\u0131nca&#8230; Lav p\u00fcsk\u00fcrten bir yanarda\u011f\u0131n alt\u0131ndayken&#8230; Geri d\u00f6n\u00fc\u015f yolunuzu dev bir aslan kesince ne yapars\u0131n\u0131z? Yan\u0131tlar, Ta\u015f Devri&#8217;nde Bir G\u00fcn&#8217;de! Ta\u015f Devri&#8217;nde Bir G\u00fcn, Ge\u00e7mi\u015f Zaman Gezginleri dizisinin birinci kitab\u0131.   Ge\u00e7mi\u015f Zaman Gezginleri, kahramanlar\u0131m\u0131z Banu, Selim ve Do\u011fan&#8217;\u0131n Ta\u015f Devri, S\u00fcmerler, Dinozorlar \u00c7a\u011f\u0131, Eski M\u0131s\u0131r ve Buz Devri&#8217;nde ge\u00e7en ola\u011fan\u00fcst\u00fc ser\u00fcvenlerini teknolojiden tarihe, co\u011frafyadan insanbilime uzanan \u00e7ok geni\u015f bir \u00e7er\u00e7eve i\u00e7inde anlat\u0131yor.     \u201cBu kitap, ilk\u00f6\u011fretim \u00f6\u011frencilerini tarih ile tan\u0131\u015ft\u0131r\u0131rken ileti\u015fim hakk\u0131nda d\u00fc\u015f\u00fcnmeye de davet ediyor; \u00e7ocuklar Ta\u015f Devri&#8217;nde bir g\u00fcn\u00fc ya\u015farken tarihi bilgilerin hayal de\u011fil, ger\u00e7ek bir hayat tecr\u00fcbesi oldu\u011funu heyecanla dald\u0131\u011f\u0131 hik\u00e2yenin i\u00e7inde anl\u0131yor. \u0130lk\u00f6\u011fretim \u00f6\u011frencilerine tarihi sevdirecek bir serinin ilk kitab\u0131 olarak t\u00fcm \u00f6\u011frencilere, anne babalara ve \u00f6\u011fretmenlere \u00f6neririm.\u201d &#8211;      Selda Fillik\u00e7io\u011flu- Sosyal Bilgiler \u00d6\u011fretmeni   <\/p>\n","protected":false},"excerpt":{"rendered":"<p>Gizemli bir bilgisayar sizi Ta\u015f Devri&#8217;ne \u0131\u015f\u0131nlarsa ne yapars\u0131n\u0131z? &#8220;Hay\u0131r, bu ger\u00e7ek olamaz!&#8221; m\u0131 dersiniz \u00f6rne\u011fin? Ya da ilerideki &#8220;mamut s\u00fcr\u00fcs\u00fc&#8221;ne mi bakars\u0131n\u0131z hayretle? Peki, Ta\u015f<span class=\"excerpt-hellip\"> [\u2026]<\/span><\/p>\n","protected":false},"featured_media":0,"template":"","meta":{"_monsterinsights_skip_tracking":false,"_monsterinsights_sitenote_active":false,"_monsterinsights_sitenote_note":"","_monsterinsights_sitenote_category":0},"product_brand":[],"product_cat":[12275,12274],"product_tag":[],"class_list":{"0":"post-733003","1":"product","2":"type-product","3":"status-publish","5":"product_cat-6-12-yas-kitaplari","6":"product_cat-cocuk-ve-genclik-kitaplari","7":"pa_cilt-ciltsiz","8":"pa_tur-kitap","9":"pa_yayinevi-epsilon-ozel-urun","10":"pa_yazar-mustafa-hakki-kurt","12":"first","13":"instock","14":"sale","15":"shipping-taxable","16":"purchasable","17":"product-type-simple"},"_links":{"self":[{"href":"https:\/\/roveyayinevi.com.tr\/index.php\/wp-json\/wp\/v2\/product\/733003","targetHints":{"allow":["GET"]}}],"collection":[{"href":"https:\/\/roveyayinevi.com.tr\/index.php\/wp-json\/wp\/v2\/product"}],"about":[{"href":"https:\/\/roveyayinevi.com.tr\/index.php\/wp-json\/wp\/v2\/types\/product"}],"wp:attachment":[{"href":"https:\/\/roveyayinevi.com.tr\/index.php\/wp-json\/wp\/v2\/media?parent=733003"}],"wp:term":[{"taxonomy":"product_brand","embeddable":true,"href":"https:\/\/roveyayinevi.com.tr\/index.php\/wp-json\/wp\/v2\/product_brand?post=733003"},{"taxonomy":"product_cat","embeddable":true,"href":"https:\/\/roveyayinevi.com.tr\/index.php\/wp-json\/wp\/v2\/product_cat?post=733003"},{"taxonomy":"product_tag","embeddable":true,"href":"https:\/\/roveyayinevi.com.tr\/index.php\/wp-json\/wp\/v2\/product_tag?post=733003"}],"curies":[{"name":"wp","href":"https:\/\/api.w.org\/{rel}","templated":true}]}}