{"id":733002,"date":"2025-08-27T22:01:14","date_gmt":"2025-08-27T19:01:14","guid":{"rendered":"https:\/\/roveyayinevi.com.tr\/index.php\/urun\/masallar-ulkesinde\/"},"modified":"2026-04-16T02:40:48","modified_gmt":"2026-04-15T23:40:48","slug":"masallar-ulkesinde","status":"publish","type":"product","link":"https:\/\/roveyayinevi.com.tr\/index.php\/urun\/masallar-ulkesinde\/","title":{"rendered":"Masallar \u00dclkesi\u2019nde"},"content":{"rendered":"<p>Bir varm\u0131\u015f, bir yokmu\u015f&#8230; Evlerden birinde sevimli k\u00fc\u00e7\u00fck bir k\u0131z ve onun masallar\u0131 pek sevmeyen, dahas\u0131 onlar\u0131 pek \u00e7ocuk\u00e7a bulan bir a\u011fabeyi varm\u0131\u015f. G\u00fcnlerden bir g\u00fcn, \u015fu masal\u0131 m\u0131, yoksa bu masal\u0131 m\u0131 okuyal\u0131m derken ve sonunda Pamuk Prenses masal\u0131n\u0131 okumaya ba\u015flam\u0131\u015fken kendilerini bir anda tam o masal\u0131n i\u00e7inde bulmas\u0131nlar m\u0131?   Sonras\u0131 m\u0131? Sonras\u0131 Masallar \u00dclkesi&#8217;nde s\u00fcren heyecanl\u0131 bir ko\u015fu\u015fturma&#8230;Pamuk Prenses&#8217;ten \u00c7izmeli Kediye, K\u00fclkedisi&#8217;nden Kelo\u011flan&#8217;a ve Pinokyo&#8217;ya kadar b\u00fct\u00fcn masal kahramanlar\u0131n\u0131n birbirine kar\u0131\u015ft\u0131\u011f\u0131 bu ola\u011fan\u00fcst\u00fc macera nas\u0131l sonlanacak ve kahramanlar\u0131m\u0131z evlerine nas\u0131l d\u00f6necekler?   Merak edip okumaya de\u011fmez mi? <\/p>\n","protected":false},"excerpt":{"rendered":"<p>Bir varm\u0131\u015f, bir yokmu\u015f&#8230; Evlerden birinde sevimli k\u00fc\u00e7\u00fck bir k\u0131z ve onun masallar\u0131 pek sevmeyen, dahas\u0131 onlar\u0131 pek \u00e7ocuk\u00e7a bulan bir a\u011fabeyi varm\u0131\u015f. G\u00fcnlerden bir g\u00fcn,<span class=\"excerpt-hellip\"> [\u2026]<\/span><\/p>\n","protected":false},"featured_media":0,"template":"","meta":{"_monsterinsights_skip_tracking":false,"_monsterinsights_sitenote_active":false,"_monsterinsights_sitenote_note":"","_monsterinsights_sitenote_category":0},"product_brand":[],"product_cat":[12275,12274],"product_tag":[],"class_list":{"0":"post-733002","1":"product","2":"type-product","3":"status-publish","5":"product_cat-6-12-yas-kitaplari","6":"product_cat-cocuk-ve-genclik-kitaplari","7":"pa_cilt-ciltsiz","8":"pa_tur-kitap","9":"pa_yayinevi-epsilon-yayinlari","10":"pa_yazar-mustafa-hakki-kurt","12":"first","13":"instock","14":"sale","15":"shipping-taxable","16":"purchasable","17":"product-type-simple"},"_links":{"self":[{"href":"https:\/\/roveyayinevi.com.tr\/index.php\/wp-json\/wp\/v2\/product\/733002","targetHints":{"allow":["GET"]}}],"collection":[{"href":"https:\/\/roveyayinevi.com.tr\/index.php\/wp-json\/wp\/v2\/product"}],"about":[{"href":"https:\/\/roveyayinevi.com.tr\/index.php\/wp-json\/wp\/v2\/types\/product"}],"wp:attachment":[{"href":"https:\/\/roveyayinevi.com.tr\/index.php\/wp-json\/wp\/v2\/media?parent=733002"}],"wp:term":[{"taxonomy":"product_brand","embeddable":true,"href":"https:\/\/roveyayinevi.com.tr\/index.php\/wp-json\/wp\/v2\/product_brand?post=733002"},{"taxonomy":"product_cat","embeddable":true,"href":"https:\/\/roveyayinevi.com.tr\/index.php\/wp-json\/wp\/v2\/product_cat?post=733002"},{"taxonomy":"product_tag","embeddable":true,"href":"https:\/\/roveyayinevi.com.tr\/index.php\/wp-json\/wp\/v2\/product_tag?post=733002"}],"curies":[{"name":"wp","href":"https:\/\/api.w.org\/{rel}","templated":true}]}}