{"id":733001,"date":"2025-08-27T22:01:12","date_gmt":"2025-08-27T19:01:12","guid":{"rendered":"https:\/\/roveyayinevi.com.tr\/index.php\/urun\/kucuk-sinemacilar\/"},"modified":"2026-04-16T02:40:48","modified_gmt":"2026-04-15T23:40:48","slug":"kucuk-sinemacilar","status":"publish","type":"product","link":"https:\/\/roveyayinevi.com.tr\/index.php\/urun\/kucuk-sinemacilar\/","title":{"rendered":"K\u00fc\u00e7\u00fck Sinemac\u0131lar"},"content":{"rendered":"<p>\u201cSinema \u00f6yle bir ke\u015fiftir ki, bir g\u00fcn gelecek barutun, elektri\u011fin ve k\u0131talar\u0131n ke\u015ffinden \u00e7ok d\u00fcnya medeniyetinin y\u00f6n\u00fcn\u00fc de\u011fi\u015ftirece\u011fi g\u00f6r\u00fclecektir. Sinema, d\u00fcnyan\u0131n en uzak k\u00f6\u015felerinde oturan insanlar\u0131n birbirlerini sevmelerini, tan\u0131malar\u0131n\u0131 temin edecektir. Sinema, insanlar aras\u0131ndaki g\u00f6r\u00fc\u015f, d\u00fc\u015f\u00fcn\u00fc\u015f farklar\u0131n\u0131 silecek, insanl\u0131k idealinin tahakkukuna en b\u00fcy\u00fck yard\u0131m\u0131 yapacakt\u0131r.\u201d &#8211; Mustafa Kemal Atat\u00fcrk   Sevgili \u00c7ocuklar, Ku\u015fkusuz sinema, hepimizin hayat\u0131nda \u00f6nemli bir yere sahip. Hayallerimizdeki her \u015feyin beyaz perdede canland\u0131\u011f\u0131n\u0131 g\u00f6rmek ise \u00e2deta bir sihirbazl\u0131k g\u00f6sterisi&#8230; Sinema, 19. y\u00fczy\u0131l\u0131n ortalar\u0131na do\u011fru yedinci sanat olarak bulundu. Bulundu\u011fundan itibaren teknolojik geli\u015fimleri de takip ederek insanlar\u0131 bir araya getiren bir seyirlik h\u00e2line geldi. Lumi\u00e9re Karde\u015f\u2019lerin seyircinin \u00fczerine s\u00fcrd\u00fc\u011f\u00fc ilk trenin pani\u011finden sonra sinema, s\u00fcrekli olarak farkl\u0131 yolculuklara \u00e7\u0131kt\u0131, \u00e7ok yollar kat etti. K\u00fc\u00e7\u00fck Sinemac\u0131lar ile sinema tarihine yolculuk yapman\u0131n yan\u0131 s\u0131ra, kafam\u0131zdaki bir fikri senaryoya aktarmay\u0131 ve hayal ettiklerimizi bir film olarak nas\u0131l \u00e7ekece\u011fimizi de \u00f6\u011freniyoruz. Birlikte \u00e7\u0131kaca\u011f\u0131m\u0131z bu keyifli yolculukta, sineman\u0131n sadece beyaz perdede g\u00f6rd\u00fc\u011f\u00fcn\u00fcz oyunculardan ibaret olmad\u0131\u011f\u0131n\u0131, arkas\u0131nda ses teknisyeninden, sanat grubuna kadar y\u00fczlerce insan\u0131n \u00e7al\u0131\u015ft\u0131\u011f\u0131n\u0131, siz k\u00fc\u00e7\u00fck dostlar\u0131m\u0131za anlatmak istedik. Bu kitap ayn\u0131 zamanda sizlerin bu yolculu\u011fu en iyi \u015fekilde tamamlayarak, severek yapabilece\u011finiz ba\u015fka mesleklerin de oldu\u011funu g\u00f6stermek amac\u0131yla haz\u0131rland\u0131. Evet, sevgili \u00e7ocuklar, bu kitap sizin i\u00e7in&#8230; Hayallerinizi ger\u00e7ekle\u015ftirebilmeniz i\u00e7in\u2026 Haydi, bu b\u00fcy\u00fcl\u00fc d\u00fcnyaya birlikte kocaman bir ad\u0131m atal\u0131m. \u0130yi okumalar. \u0130yi seyirler, sevgili K\u00fc\u00e7\u00fck Sinemac\u0131lar.   &#8220;\u0130lk kez sinemaya gitti\u011finiz g\u00fcn\u00fc d\u00fc\u015f\u00fcn\u00fcn. Neler hissetmi\u015ftiniz ve d\u00fc\u015f\u00fcnm\u00fc\u015ft\u00fcn\u00fcz? Ben ilk kez sinemaya gitti\u011fimde, \u00f6nce sahneye as\u0131lm\u0131\u015f perdeye yans\u0131yan kocaman g\u00f6r\u00fcnt\u00fclerin oraya nas\u0131l yans\u0131t\u0131ld\u0131\u011f\u0131n\u0131 merak etmi\u015ftim. Sinemayla tan\u0131\u015fmamdan sonra akl\u0131ma art arda sorular geliyordu: Acaba neden karanl\u0131kta izledik filmi? Perdede g\u00f6rd\u00fc\u011f\u00fcm insanlar, hayvanlar, a\u011fa\u00e7lar neden o kadar kocamand\u0131lar? O kad\u0131n oyuncu ger\u00e7ekten a\u011flam\u0131\u015f m\u0131yd\u0131? T\u00fcm o c\u00fcmleleri oyuncular kendileri mi kuruyorlard\u0131; \u00f6yleyse e\u011fer kafalar\u0131 nas\u0131l kar\u0131\u015fm\u0131yordu? Sorular, sorular, sorular&#8230; Sinemaya her gidi\u015fimde yenileri ekleniyordu ama merak\u0131m\u0131 giderecek hemen hemen hi\u00e7bir \u015fey yoktu elimde. Elinizdeki kitap, ke\u015fke benim \u00e7ocuklu\u011fumda da olsayd\u0131 dedi\u011fim ender kitaplardan! Kim bilir, belki de bu kitapla birlikte ad\u0131m att\u0131\u011f\u0131n\u0131z d\u00fcnyadan bir daha hi\u00e7 geri d\u00f6nemeyeceksiniz.&#8221; &#8211;      \u015eebnem \u00d6zdemirci &#8211; E\u011fitim Y\u00f6neticisi   <\/p>\n","protected":false},"excerpt":{"rendered":"<p>\u201cSinema \u00f6yle bir ke\u015fiftir ki, bir g\u00fcn gelecek barutun, elektri\u011fin ve k\u0131talar\u0131n ke\u015ffinden \u00e7ok d\u00fcnya medeniyetinin y\u00f6n\u00fcn\u00fc de\u011fi\u015ftirece\u011fi g\u00f6r\u00fclecektir. Sinema, d\u00fcnyan\u0131n en uzak k\u00f6\u015felerinde oturan insanlar\u0131n<span class=\"excerpt-hellip\"> [\u2026]<\/span><\/p>\n","protected":false},"featured_media":0,"template":"","meta":{"_monsterinsights_skip_tracking":false,"_monsterinsights_sitenote_active":false,"_monsterinsights_sitenote_note":"","_monsterinsights_sitenote_category":0},"product_brand":[],"product_cat":[12275,12274],"product_tag":[],"class_list":{"0":"post-733001","1":"product","2":"type-product","3":"status-publish","5":"product_cat-6-12-yas-kitaplari","6":"product_cat-cocuk-ve-genclik-kitaplari","7":"pa_cilt-ciltsiz","8":"pa_tur-kitap","9":"pa_yayinevi-epsilon-ozel-urun","10":"pa_yazar-banu-bozdemir","12":"first","13":"instock","14":"sale","15":"shipping-taxable","16":"purchasable","17":"product-type-simple"},"_links":{"self":[{"href":"https:\/\/roveyayinevi.com.tr\/index.php\/wp-json\/wp\/v2\/product\/733001","targetHints":{"allow":["GET"]}}],"collection":[{"href":"https:\/\/roveyayinevi.com.tr\/index.php\/wp-json\/wp\/v2\/product"}],"about":[{"href":"https:\/\/roveyayinevi.com.tr\/index.php\/wp-json\/wp\/v2\/types\/product"}],"wp:attachment":[{"href":"https:\/\/roveyayinevi.com.tr\/index.php\/wp-json\/wp\/v2\/media?parent=733001"}],"wp:term":[{"taxonomy":"product_brand","embeddable":true,"href":"https:\/\/roveyayinevi.com.tr\/index.php\/wp-json\/wp\/v2\/product_brand?post=733001"},{"taxonomy":"product_cat","embeddable":true,"href":"https:\/\/roveyayinevi.com.tr\/index.php\/wp-json\/wp\/v2\/product_cat?post=733001"},{"taxonomy":"product_tag","embeddable":true,"href":"https:\/\/roveyayinevi.com.tr\/index.php\/wp-json\/wp\/v2\/product_tag?post=733001"}],"curies":[{"name":"wp","href":"https:\/\/api.w.org\/{rel}","templated":true}]}}