{"id":733000,"date":"2025-08-27T22:01:11","date_gmt":"2025-08-27T19:01:11","guid":{"rendered":"https:\/\/roveyayinevi.com.tr\/index.php\/urun\/sonrasiz-donus-yalnizligi\/"},"modified":"2026-04-16T02:40:48","modified_gmt":"2026-04-15T23:40:48","slug":"sonrasiz-donus-yalnizligi","status":"publish","type":"product","link":"https:\/\/roveyayinevi.com.tr\/index.php\/urun\/sonrasiz-donus-yalnizligi\/","title":{"rendered":"Sonras\u0131z D\u00f6n\u00fc\u015f Yaln\u0131zl\u0131\u011f\u0131"},"content":{"rendered":"<p>her \u015fey t\u00fckenir bir \u00e7ocu\u011fun g\u00f6zleri hari\u00e7 bir gece karanl\u0131k bast\u0131r\u0131rsa yaln\u0131zl\u0131k hari\u00e7 bir a\u015fka boyun e\u011ferse h\u00fcz\u00fcn \u00f6l\u00fcm hari\u00e7 ac\u0131n\u0131n ve sevginin yurdu vurulursa \u00e7arm\u0131ha isyan hari\u00e7 her \u015fey t\u00fckenir karde\u015flerim ya\u015famak hari\u00e7   ey \u00e7\u0131\u011fl\u0131k ve ey s\u00f6z ve ey direnci kalbimizin ve ey saatlerin umutsuz vuru\u015fu, s\u0131n\u0131rs\u0131z bir \u00fclkenin atlas\u0131n\u0131 g\u00f6zleriyle \u0131\u015f\u0131ltan o\u011ful ve k\u0131z. ve yine o\u011ful o\u011ful\u2026 yine k\u0131z k\u0131zlar yine de insana d\u00fc\u015f\u00fcnceye eme\u011fe inanan yoksunlu\u011fun kimsesiz akl\u0131 hi\u00e7kimse   her \u015fey t\u00fckenir bir \u00e7ocu\u011fun g\u00f6zleri hari\u00e7!   (m\u00fclteci \u015fiirinden\u2026) <\/p>\n","protected":false},"excerpt":{"rendered":"<p>her \u015fey t\u00fckenir bir \u00e7ocu\u011fun g\u00f6zleri hari\u00e7 bir gece karanl\u0131k bast\u0131r\u0131rsa yaln\u0131zl\u0131k hari\u00e7 bir a\u015fka boyun e\u011ferse h\u00fcz\u00fcn \u00f6l\u00fcm hari\u00e7 ac\u0131n\u0131n ve sevginin yurdu vurulursa \u00e7arm\u0131ha<span class=\"excerpt-hellip\"> [\u2026]<\/span><\/p>\n","protected":false},"featured_media":0,"template":"","meta":{"_monsterinsights_skip_tracking":false,"_monsterinsights_sitenote_active":false,"_monsterinsights_sitenote_note":"","_monsterinsights_sitenote_category":0},"product_brand":[],"product_cat":[12291,12509],"product_tag":[],"class_list":{"0":"post-733000","1":"product","2":"type-product","3":"status-publish","5":"product_cat-edebiyat","6":"product_cat-siir","7":"pa_cilt-ciltsiz","8":"pa_tur-kitap","9":"pa_yayinevi-medakitap-yayinlari","10":"pa_yazar-hayati-baki","12":"first","13":"instock","14":"sale","15":"shipping-taxable","16":"purchasable","17":"product-type-simple"},"_links":{"self":[{"href":"https:\/\/roveyayinevi.com.tr\/index.php\/wp-json\/wp\/v2\/product\/733000","targetHints":{"allow":["GET"]}}],"collection":[{"href":"https:\/\/roveyayinevi.com.tr\/index.php\/wp-json\/wp\/v2\/product"}],"about":[{"href":"https:\/\/roveyayinevi.com.tr\/index.php\/wp-json\/wp\/v2\/types\/product"}],"wp:attachment":[{"href":"https:\/\/roveyayinevi.com.tr\/index.php\/wp-json\/wp\/v2\/media?parent=733000"}],"wp:term":[{"taxonomy":"product_brand","embeddable":true,"href":"https:\/\/roveyayinevi.com.tr\/index.php\/wp-json\/wp\/v2\/product_brand?post=733000"},{"taxonomy":"product_cat","embeddable":true,"href":"https:\/\/roveyayinevi.com.tr\/index.php\/wp-json\/wp\/v2\/product_cat?post=733000"},{"taxonomy":"product_tag","embeddable":true,"href":"https:\/\/roveyayinevi.com.tr\/index.php\/wp-json\/wp\/v2\/product_tag?post=733000"}],"curies":[{"name":"wp","href":"https:\/\/api.w.org\/{rel}","templated":true}]}}