{"id":732998,"date":"2025-08-27T22:01:10","date_gmt":"2025-08-27T19:01:10","guid":{"rendered":"https:\/\/roveyayinevi.com.tr\/index.php\/urun\/benim-teyzem-bir-baska\/"},"modified":"2026-01-28T03:08:38","modified_gmt":"2026-01-28T00:08:38","slug":"benim-teyzem-bir-baska","status":"publish","type":"product","link":"https:\/\/roveyayinevi.com.tr\/index.php\/urun\/benim-teyzem-bir-baska\/","title":{"rendered":"Benim Teyzem Bir Ba\u015fka"},"content":{"rendered":"<p>Yaz mevsimi her \u00e7ocuk i\u00e7in \u00f6zeldir. Onu \u00f6zel k\u0131lan sadece upuzun bir tatil, doyas\u0131ya dondurma ya da masmavi bir deniz de\u011fildir ama. Gelen \u00f6zel bir misafir bu mevsime bamba\u015fka bir renk verebilir. Mesela kimselere benzemeyen bir teyze: \u00d6yle bir teyze ki, maceraperest, hayat dolu &#8230; Meydan okuyor bildi\u011fimiz her \u015feye! Benim Teyzem Bir Ba\u015fka, bir b\u00fcy\u00fc\u011f\u00fcn bir de k\u00fc\u00e7\u00fc\u011f\u00fcn g\u00f6z\u00fcnden anlat\u0131yor yaz g\u00fcnlerini. \u00c7o\u011funlukla ayn\u0131 yere bak\u0131p farkl\u0131 \u015feyler g\u00f6r\u00fcyorlar. Ama teyzenin atlad\u0131\u011f\u0131 bir ayr\u0131nt\u0131, ye\u011fenin anlatt\u0131klar\u0131yla tamamlan\u0131yor. Ye\u011fenin can\u0131n\u0131 s\u0131kan, teyzeyi g\u00fcld\u00fcr\u00fcyor.  Alp G\u00f6kalp&#8217;in yaz\u0131p Ay\u015fe Klinge&#8217;nin resimledi\u011fi bu kitap, yaz s\u0131cakl\u0131\u011f\u0131nda, e\u011flenceli bir okuma ser\u00fcveni vadediyor. <\/p>\n","protected":false},"excerpt":{"rendered":"<p>Yaz mevsimi her \u00e7ocuk i\u00e7in \u00f6zeldir. Onu \u00f6zel k\u0131lan sadece upuzun bir tatil, doyas\u0131ya dondurma ya da masmavi bir deniz de\u011fildir ama. Gelen \u00f6zel bir misafir<span class=\"excerpt-hellip\"> [\u2026]<\/span><\/p>\n","protected":false},"featured_media":0,"template":"","meta":{"_monsterinsights_skip_tracking":false,"_monsterinsights_sitenote_active":false,"_monsterinsights_sitenote_note":"","_monsterinsights_sitenote_category":0},"product_brand":[],"product_cat":[12275,12274],"product_tag":[],"class_list":{"0":"post-732998","1":"product","2":"type-product","3":"status-publish","5":"product_cat-6-12-yas-kitaplari","6":"product_cat-cocuk-ve-genclik-kitaplari","7":"pa_cilt-ciltsiz","8":"pa_tur-kitap","9":"pa_yayinevi-nesin-yayinlari","10":"pa_yazar-alp-gokalp","12":"first","13":"instock","14":"sale","15":"shipping-taxable","16":"purchasable","17":"product-type-simple"},"_links":{"self":[{"href":"https:\/\/roveyayinevi.com.tr\/index.php\/wp-json\/wp\/v2\/product\/732998","targetHints":{"allow":["GET"]}}],"collection":[{"href":"https:\/\/roveyayinevi.com.tr\/index.php\/wp-json\/wp\/v2\/product"}],"about":[{"href":"https:\/\/roveyayinevi.com.tr\/index.php\/wp-json\/wp\/v2\/types\/product"}],"wp:attachment":[{"href":"https:\/\/roveyayinevi.com.tr\/index.php\/wp-json\/wp\/v2\/media?parent=732998"}],"wp:term":[{"taxonomy":"product_brand","embeddable":true,"href":"https:\/\/roveyayinevi.com.tr\/index.php\/wp-json\/wp\/v2\/product_brand?post=732998"},{"taxonomy":"product_cat","embeddable":true,"href":"https:\/\/roveyayinevi.com.tr\/index.php\/wp-json\/wp\/v2\/product_cat?post=732998"},{"taxonomy":"product_tag","embeddable":true,"href":"https:\/\/roveyayinevi.com.tr\/index.php\/wp-json\/wp\/v2\/product_tag?post=732998"}],"curies":[{"name":"wp","href":"https:\/\/api.w.org\/{rel}","templated":true}]}}