{"id":732996,"date":"2025-08-27T22:01:07","date_gmt":"2025-08-27T19:01:07","guid":{"rendered":"https:\/\/roveyayinevi.com.tr\/index.php\/urun\/gece-masallari\/"},"modified":"2026-04-16T02:40:48","modified_gmt":"2026-04-15T23:40:48","slug":"gece-masallari","status":"publish","type":"product","link":"https:\/\/roveyayinevi.com.tr\/index.php\/urun\/gece-masallari\/","title":{"rendered":"Gece Masallar\u0131"},"content":{"rendered":"<p>Evvel zaman i\u00e7inde, kalbur saman i\u00e7inde; geceleri neler neler ya\u015fanm\u0131\u015f, masal masal i\u00e7inde.  Tar\u0131k Demirkan\u2019\u0131n derledi\u011fi ve her ya\u015ftan \u00e7ocu\u011fun ilgisini \u00e7ekecek Gece Masallar\u0131 dostlu\u011fun, sevginin \u00f6nemini anlat\u0131rken \u00e7ok eski zamanlardan ve farkl\u0131 k\u00fclt\u00fcrlerden \u00f6rnekler de sunuyor.    Kitapta yer alan masallar:  Bremen M\u0131z\u0131kac\u0131lar\u0131 Grimm Yaban Ku\u011fular\u0131 Hans Christian Andersen Sirke F\u0131\u00e7\u0131s\u0131nda Ya\u015fayan \u0130htiyarlar Ludwig Bechstein K\u00fc\u00e7\u00fck Muk Wilhelm Hauff D\u00fcnya G\u00fczeli ile Canavar Jeanne Marie Leprince de Beamont Beyaz Y\u0131lan Grimm G\u00fcm\u00fc\u015f Toynakl\u0131 Ceylan Pavel Petrovi\u00e7 Bazsov G\u00fcl ve B\u00fclb\u00fcl Oscar Wilde   <\/p>\n","protected":false},"excerpt":{"rendered":"<p>Evvel zaman i\u00e7inde, kalbur saman i\u00e7inde; geceleri neler neler ya\u015fanm\u0131\u015f, masal masal i\u00e7inde. Tar\u0131k Demirkan\u2019\u0131n derledi\u011fi ve her ya\u015ftan \u00e7ocu\u011fun ilgisini \u00e7ekecek Gece Masallar\u0131 dostlu\u011fun, sevginin<span class=\"excerpt-hellip\"> [\u2026]<\/span><\/p>\n","protected":false},"featured_media":0,"template":"","meta":{"_monsterinsights_skip_tracking":false,"_monsterinsights_sitenote_active":false,"_monsterinsights_sitenote_note":"","_monsterinsights_sitenote_category":0},"product_brand":[],"product_cat":[12274,12523],"product_tag":[],"class_list":{"0":"post-732996","1":"product","2":"type-product","3":"status-publish","5":"product_cat-cocuk-ve-genclik-kitaplari","6":"product_cat-masallar","7":"pa_cilt-ciltsiz","8":"pa_tur-kitap","9":"pa_yayinevi-kirmizi-kedi-yayinevi","10":"pa_yazar-kirmizi-kedi-kolektif","12":"first","13":"instock","14":"sale","15":"shipping-taxable","16":"purchasable","17":"product-type-simple"},"_links":{"self":[{"href":"https:\/\/roveyayinevi.com.tr\/index.php\/wp-json\/wp\/v2\/product\/732996","targetHints":{"allow":["GET"]}}],"collection":[{"href":"https:\/\/roveyayinevi.com.tr\/index.php\/wp-json\/wp\/v2\/product"}],"about":[{"href":"https:\/\/roveyayinevi.com.tr\/index.php\/wp-json\/wp\/v2\/types\/product"}],"wp:attachment":[{"href":"https:\/\/roveyayinevi.com.tr\/index.php\/wp-json\/wp\/v2\/media?parent=732996"}],"wp:term":[{"taxonomy":"product_brand","embeddable":true,"href":"https:\/\/roveyayinevi.com.tr\/index.php\/wp-json\/wp\/v2\/product_brand?post=732996"},{"taxonomy":"product_cat","embeddable":true,"href":"https:\/\/roveyayinevi.com.tr\/index.php\/wp-json\/wp\/v2\/product_cat?post=732996"},{"taxonomy":"product_tag","embeddable":true,"href":"https:\/\/roveyayinevi.com.tr\/index.php\/wp-json\/wp\/v2\/product_tag?post=732996"}],"curies":[{"name":"wp","href":"https:\/\/api.w.org\/{rel}","templated":true}]}}