{"id":732995,"date":"2025-08-27T22:01:06","date_gmt":"2025-08-27T19:01:06","guid":{"rendered":"https:\/\/roveyayinevi.com.tr\/index.php\/urun\/gunduz-masallari\/"},"modified":"2026-04-16T02:40:48","modified_gmt":"2026-04-15T23:40:48","slug":"gunduz-masallari","status":"publish","type":"product","link":"https:\/\/roveyayinevi.com.tr\/index.php\/urun\/gunduz-masallari\/","title":{"rendered":"G\u00fcnd\u00fcz Masallar\u0131"},"content":{"rendered":"<p>Evvel zaman i\u00e7inde, kalbur saman i\u00e7inde; g\u00fcnd\u00fczleri neler neler ya\u015fanm\u0131\u015f, masal masal i\u00e7inde.  Tar\u0131k Demirkan\u2019\u0131n derledi\u011fi ve her ya\u015ftan \u00e7ocu\u011fun ilgisini \u00e7ekecek G\u00fcnd\u00fcz Masallar\u0131 dostlu\u011fun, sevginin \u00f6nemini anlat\u0131rken \u00e7ok eski zamanlardan ve farkl\u0131 k\u00fclt\u00fcrlerden \u00f6rnekler de sunuyor.    Kitapta yer alan masallar: \u00c7izmeli Kedi Charles Perrault Ba\u011fdatl\u0131 Ali Hoca\u2019n\u0131n Hik\u00e2yesi Binbir Gece Masallar\u0131 \u00c7irkin \u00d6rdek Yavrusu Hans Christian Andersen Safdil \u00c7ocuk Grimm K\u00fc\u00e7\u00fck \u00c7oban\u0131n Sihirli Kaval\u0131 Aurelio N. Espinoza B\u00fcy\u00fcc\u00fcn\u00fcn \u00c7\u0131ra\u011f\u0131 Giovanni Francesco Staparola Adaletli Kad\u0131 Lev Tolstoy<\/p>\n","protected":false},"excerpt":{"rendered":"<p>Evvel zaman i\u00e7inde, kalbur saman i\u00e7inde; g\u00fcnd\u00fczleri neler neler ya\u015fanm\u0131\u015f, masal masal i\u00e7inde. Tar\u0131k Demirkan\u2019\u0131n derledi\u011fi ve her ya\u015ftan \u00e7ocu\u011fun ilgisini \u00e7ekecek G\u00fcnd\u00fcz Masallar\u0131 dostlu\u011fun, sevginin<span class=\"excerpt-hellip\"> [\u2026]<\/span><\/p>\n","protected":false},"featured_media":0,"template":"","meta":{"_monsterinsights_skip_tracking":false,"_monsterinsights_sitenote_active":false,"_monsterinsights_sitenote_note":"","_monsterinsights_sitenote_category":0},"product_brand":[],"product_cat":[12274,12523],"product_tag":[],"class_list":{"0":"post-732995","1":"product","2":"type-product","3":"status-publish","5":"product_cat-cocuk-ve-genclik-kitaplari","6":"product_cat-masallar","7":"pa_cilt-ciltsiz","8":"pa_tur-kitap","9":"pa_yayinevi-kirmizi-kedi-yayinevi","10":"pa_yazar-kirmizi-kedi-kolektif","12":"first","13":"instock","14":"sale","15":"shipping-taxable","16":"purchasable","17":"product-type-simple"},"_links":{"self":[{"href":"https:\/\/roveyayinevi.com.tr\/index.php\/wp-json\/wp\/v2\/product\/732995","targetHints":{"allow":["GET"]}}],"collection":[{"href":"https:\/\/roveyayinevi.com.tr\/index.php\/wp-json\/wp\/v2\/product"}],"about":[{"href":"https:\/\/roveyayinevi.com.tr\/index.php\/wp-json\/wp\/v2\/types\/product"}],"wp:attachment":[{"href":"https:\/\/roveyayinevi.com.tr\/index.php\/wp-json\/wp\/v2\/media?parent=732995"}],"wp:term":[{"taxonomy":"product_brand","embeddable":true,"href":"https:\/\/roveyayinevi.com.tr\/index.php\/wp-json\/wp\/v2\/product_brand?post=732995"},{"taxonomy":"product_cat","embeddable":true,"href":"https:\/\/roveyayinevi.com.tr\/index.php\/wp-json\/wp\/v2\/product_cat?post=732995"},{"taxonomy":"product_tag","embeddable":true,"href":"https:\/\/roveyayinevi.com.tr\/index.php\/wp-json\/wp\/v2\/product_tag?post=732995"}],"curies":[{"name":"wp","href":"https:\/\/api.w.org\/{rel}","templated":true}]}}