{"id":732993,"date":"2025-08-27T22:01:05","date_gmt":"2025-08-27T19:01:05","guid":{"rendered":"https:\/\/roveyayinevi.com.tr\/index.php\/urun\/viyolonsel-ve-piyano-icin-halk-turkuleri\/"},"modified":"2026-04-16T02:40:48","modified_gmt":"2026-04-15T23:40:48","slug":"viyolonsel-ve-piyano-icin-halk-turkuleri","status":"publish","type":"product","link":"https:\/\/roveyayinevi.com.tr\/index.php\/urun\/viyolonsel-ve-piyano-icin-halk-turkuleri\/","title":{"rendered":"Viyolonsel ve Piyano i\u00e7in Halk T\u00fcrk\u00fcleri"},"content":{"rendered":"<p>\u00dclkemizde T\u00fcrk halk ezgilerinin, viyolonsel i\u00e7in piyano e\u015flikli d\u00fczenlemelerinin yer ald\u0131\u011f\u0131 materyallerin say\u0131s\u0131 olduk\u00e7a azd\u0131r. Bu d\u00fc\u015f\u00fcnceden yola \u00e7\u0131k\u0131larak haz\u0131rlanan bu kitapta, halk t\u00fcrk\u00fclerinin, viyolonsel e\u011fitiminde yer alan kazan\u0131mlar\u0131 sa\u011flayabilecek \u015fekilde uyarlanmas\u0131 ama\u00e7lanm\u0131\u015ft\u0131r. Kitapta Ma\u011fusa Liman\u0131, Ak\u015fam Olur Karanl\u0131\u011fa Kal\u0131rs\u0131n, La\u00e7in, Ya\u011fmur Ya\u011far Ta\u015f \u00dcst\u00fcne, Karyolam\u0131n Demiri, Ah Yalan D\u00fcnyada, Karadeniz ve Harmandal\u0131 olmak \u00fczere toplam 8 halk t\u00fcrk\u00fcs\u00fc yer almaktad\u0131r. Ton se\u00e7iminde halk t\u00fcrk\u00fclerinin geleneksel yorumlar\u0131 dinlenerek viyolonselde en parlak t\u0131n\u0131y\u0131 elde edebilecek tonlar dikkate al\u0131nm\u0131\u015ft\u0131r. Uygulamada kolayl\u0131k olmas\u0131 bak\u0131m\u0131ndan \u00e7ok bemoll\u00fc ve diyezli tonlara yer verilmemi\u015ftir.  Pozisyon ge\u00e7i\u015flerinde ise 1\u2019den 9\u2019a kadar t\u00fcm pozisyonlar kullan\u0131lm\u0131\u015f ve tiz pozisyonlar\u0131n peki\u015ftirilmesi ama\u00e7lanm\u0131\u015ft\u0131r. Kitapta yer alan 8 eserin piyano e\u015fliklerinin bulundu\u011fu video\/ses kay\u0131tlar\u0131, kitab\u0131n ad\u0131yla a\u00e7\u0131lan Youtube kanal\u0131na y\u00fcklenmi\u015f ve her bir eserin kare kodu kitapta ilgili sayfan\u0131n ba\u015f\u0131na eklenmi\u015ftir. Bu kod arac\u0131l\u0131\u011f\u0131yla her t\u00fcrl\u00fc platformdan do\u011frudan esere ula\u015fabilir\/dinleyebilirsiniz. Eserlerin sevilerek seslendirilmesi, \u00e7ello \u00f6\u011frencilerine ve \u00f6\u011fretmenlerine yararl\u0131 olmas\u0131 dile\u011fiyle.\u00dclkemizde T\u00fcrk halk ezgilerinin, viyolonsel i\u00e7in piyano e\u015flikli d\u00fczenlemelerinin yer ald\u0131\u011f\u0131 materyallerin say\u0131s\u0131 olduk\u00e7a azd\u0131r. Bu d\u00fc\u015f\u00fcnceden yola \u00e7\u0131k\u0131larak haz\u0131rlanan bu kitapta, halk t\u00fcrk\u00fclerinin, viyolonsel e\u011fitiminde yer alan kazan\u0131mlar\u0131 sa\u011flayabilecek \u015fekilde uyarlanmas\u0131 ama\u00e7lanm\u0131\u015ft\u0131r.Kitapta Ma\u011fusa Liman\u0131, Ak\u015fam Olur Karanl\u0131\u011fa Kal\u0131rs\u0131n, La\u00e7in, Ya\u011fmur Ya\u011far Ta\u015f \u00dcst\u00fcne, Karyolam\u0131n Demiri, Ah Yalan D\u00fcnyada, Karadeniz ve Harmandal\u0131 olmak \u00fczere toplam 8 halk t\u00fcrk\u00fcs\u00fc yer almaktad\u0131r. Ton se\u00e7iminde halk t\u00fcrk\u00fclerinin geleneksel yorumlar\u0131 dinlenerek viyolonselde en parlak t\u0131n\u0131y\u0131 elde edebilecek tonlar dikkate al\u0131nm\u0131\u015ft\u0131r. Uygulamada kolayl\u0131k olmas\u0131 bak\u0131m\u0131ndan \u00e7ok bemoll\u00fc ve diyezli tonlara yer verilmemi\u015ftir.  Pozisyon ge\u00e7i\u015flerinde ise 1\u2019den 9\u2019a kadar t\u00fcm pozisyonlar kullan\u0131lm\u0131\u015f ve tiz pozisyonlar\u0131n peki\u015ftirilmesi ama\u00e7lanm\u0131\u015ft\u0131r.Kitapta yer alan 8 eserin piyano e\u015fliklerinin bulundu\u011fu video\/ses kay\u0131tlar\u0131, kitab\u0131n ad\u0131yla a\u00e7\u0131lan Youtube kanal\u0131na y\u00fcklenmi\u015f ve her bir eserin kare kodu kitapta ilgili sayfan\u0131n ba\u015f\u0131na eklenmi\u015ftir. Bu kod arac\u0131l\u0131\u011f\u0131yla her t\u00fcrl\u00fc platformdan do\u011frudan esere ula\u015fabilir\/dinleyebilirsiniz. Eserlerin sevilerek seslendirilmesi, \u00e7ello \u00f6\u011frencilerine ve \u00f6\u011fretmenlerine yararl\u0131 olmas\u0131 dile\u011fiyle.<\/p>\n","protected":false},"excerpt":{"rendered":"<p>\u00dclkemizde T\u00fcrk halk ezgilerinin, viyolonsel i\u00e7in piyano e\u015flikli d\u00fczenlemelerinin yer ald\u0131\u011f\u0131 materyallerin say\u0131s\u0131 olduk\u00e7a azd\u0131r. Bu d\u00fc\u015f\u00fcnceden yola \u00e7\u0131k\u0131larak haz\u0131rlanan bu kitapta, halk t\u00fcrk\u00fclerinin, viyolonsel e\u011fitiminde<span class=\"excerpt-hellip\"> [\u2026]<\/span><\/p>\n","protected":false},"featured_media":0,"template":"","meta":{"_monsterinsights_skip_tracking":false,"_monsterinsights_sitenote_active":false,"_monsterinsights_sitenote_note":"","_monsterinsights_sitenote_category":0},"product_brand":[],"product_cat":[14556,14557],"product_tag":[],"class_list":{"0":"post-732993","1":"product","2":"type-product","3":"status-publish","5":"product_cat-muzik","6":"product_cat-nota-kitaplari","7":"pa_cilt-ciltsiz","8":"pa_tur-kitap","9":"pa_yayinevi-muzik-egitimi-yayinlari","10":"pa_yazar-akin-kumtepe","12":"first","13":"instock","14":"sale","15":"shipping-taxable","16":"purchasable","17":"product-type-simple"},"_links":{"self":[{"href":"https:\/\/roveyayinevi.com.tr\/index.php\/wp-json\/wp\/v2\/product\/732993","targetHints":{"allow":["GET"]}}],"collection":[{"href":"https:\/\/roveyayinevi.com.tr\/index.php\/wp-json\/wp\/v2\/product"}],"about":[{"href":"https:\/\/roveyayinevi.com.tr\/index.php\/wp-json\/wp\/v2\/types\/product"}],"wp:attachment":[{"href":"https:\/\/roveyayinevi.com.tr\/index.php\/wp-json\/wp\/v2\/media?parent=732993"}],"wp:term":[{"taxonomy":"product_brand","embeddable":true,"href":"https:\/\/roveyayinevi.com.tr\/index.php\/wp-json\/wp\/v2\/product_brand?post=732993"},{"taxonomy":"product_cat","embeddable":true,"href":"https:\/\/roveyayinevi.com.tr\/index.php\/wp-json\/wp\/v2\/product_cat?post=732993"},{"taxonomy":"product_tag","embeddable":true,"href":"https:\/\/roveyayinevi.com.tr\/index.php\/wp-json\/wp\/v2\/product_tag?post=732993"}],"curies":[{"name":"wp","href":"https:\/\/api.w.org\/{rel}","templated":true}]}}