{"id":732991,"date":"2025-08-27T22:01:03","date_gmt":"2025-08-27T19:01:03","guid":{"rendered":"https:\/\/roveyayinevi.com.tr\/index.php\/urun\/surec-boyle-surup-gidiyor\/"},"modified":"2026-04-16T02:40:48","modified_gmt":"2026-04-15T23:40:48","slug":"surec-boyle-surup-gidiyor","status":"publish","type":"product","link":"https:\/\/roveyayinevi.com.tr\/index.php\/urun\/surec-boyle-surup-gidiyor\/","title":{"rendered":"S\u00fcre\u00e7 B\u00f6yle S\u00fcr\u00fcp Gidiyor"},"content":{"rendered":"<p>O\u011flum\u2026 Benden akl\u0131nda bir \u015feyler kal\u0131rsa yar\u0131na Sende anlat\u0131rs\u0131n beni belki evlatlar\u0131na. Resmimi indirirse, sak\u0131n k\u0131zma kar\u0131na. \u00c7\u00fcnk\u00fc s\u00fcre\u00e7 b\u00f6yle s\u00fcr\u00fcp gidiyor\u2026 \u0130lerde eline ge\u00e7erse, bu yazd\u0131\u011f\u0131m yaz\u0131lar\u2026 Okuyunca belki, \u00fcz\u00fcl\u00fcrs\u00fcn burnun s\u0131z\u0131lar\u2026 Koyunlar meler ama, pek ald\u0131rmaz kuzular\u2026 \u00c7\u00fcnk\u00fc s\u00fcre\u00e7, b\u00f6yle s\u00fcr\u00fcp gidiyor\u2026 Duvarda, bir siyah resimde sana bakar\u0131m\u2026 Belki g\u00f6z g\u00f6ze geliriz, i\u00e7in yakar\u0131m\u2026 \u00d6ncede b\u00f6yleydim, bilirsin biraz sakar\u0131m. Belki de hi\u00e7 bakmazs\u0131n, boynum b\u00fckerim\u2026 \u00c7\u00fcnk\u00fc s\u00fcre\u00e7, b\u00f6yle s\u00fcr\u00fcp gidiyor\u2026 \u00c7ocuklar\u0131ndan biri, ad\u0131m candan anarsa. Resmimi al\u0131p da beni ararsa. S\u0131k s\u0131k hat\u0131rlay\u0131p sana sorarsa. Elinden tutup, mezar\u0131ma gelirsin. Sak\u0131n \u00f6ld\u00fc deme, burda yat\u0131yor dersin. \u00c7ocuktur etkilenir, sen de bilirsin. Bir de birlikte ba\u015fucumda, Bir Fatiha okursun. \u00c7\u00fcnk\u00fc s\u00fcre\u00e7, b\u00f6yle s\u00fcr\u00fcp gidiyor. <\/p>\n","protected":false},"excerpt":{"rendered":"<p>O\u011flum\u2026 Benden akl\u0131nda bir \u015feyler kal\u0131rsa yar\u0131na Sende anlat\u0131rs\u0131n beni belki evlatlar\u0131na. Resmimi indirirse, sak\u0131n k\u0131zma kar\u0131na. \u00c7\u00fcnk\u00fc s\u00fcre\u00e7 b\u00f6yle s\u00fcr\u00fcp gidiyor\u2026 \u0130lerde eline ge\u00e7erse, bu<span class=\"excerpt-hellip\"> [\u2026]<\/span><\/p>\n","protected":false},"featured_media":0,"template":"","meta":{"_monsterinsights_skip_tracking":false,"_monsterinsights_sitenote_active":false,"_monsterinsights_sitenote_note":"","_monsterinsights_sitenote_category":0},"product_brand":[],"product_cat":[12291,12509],"product_tag":[],"class_list":{"0":"post-732991","1":"product","2":"type-product","3":"status-publish","5":"product_cat-edebiyat","6":"product_cat-siir","7":"pa_cilt-ciltsiz","8":"pa_tur-kitap","9":"pa_yayinevi-luna-yayinlari","10":"pa_yazar-adnan-uckun","12":"first","13":"instock","14":"sale","15":"shipping-taxable","16":"purchasable","17":"product-type-simple"},"_links":{"self":[{"href":"https:\/\/roveyayinevi.com.tr\/index.php\/wp-json\/wp\/v2\/product\/732991","targetHints":{"allow":["GET"]}}],"collection":[{"href":"https:\/\/roveyayinevi.com.tr\/index.php\/wp-json\/wp\/v2\/product"}],"about":[{"href":"https:\/\/roveyayinevi.com.tr\/index.php\/wp-json\/wp\/v2\/types\/product"}],"wp:attachment":[{"href":"https:\/\/roveyayinevi.com.tr\/index.php\/wp-json\/wp\/v2\/media?parent=732991"}],"wp:term":[{"taxonomy":"product_brand","embeddable":true,"href":"https:\/\/roveyayinevi.com.tr\/index.php\/wp-json\/wp\/v2\/product_brand?post=732991"},{"taxonomy":"product_cat","embeddable":true,"href":"https:\/\/roveyayinevi.com.tr\/index.php\/wp-json\/wp\/v2\/product_cat?post=732991"},{"taxonomy":"product_tag","embeddable":true,"href":"https:\/\/roveyayinevi.com.tr\/index.php\/wp-json\/wp\/v2\/product_tag?post=732991"}],"curies":[{"name":"wp","href":"https:\/\/api.w.org\/{rel}","templated":true}]}}