{"id":732989,"date":"2025-08-27T22:01:01","date_gmt":"2025-08-27T19:01:01","guid":{"rendered":"https:\/\/roveyayinevi.com.tr\/index.php\/urun\/ankara-arastirmalari-dergisi-cilt-9-sayi-1\/"},"modified":"2026-04-16T02:40:48","modified_gmt":"2026-04-15T23:40:48","slug":"ankara-arastirmalari-dergisi-cilt-9-sayi-1","status":"publish","type":"product","link":"https:\/\/roveyayinevi.com.tr\/index.php\/urun\/ankara-arastirmalari-dergisi-cilt-9-sayi-1\/","title":{"rendered":"Ankara Ara\u015ft\u0131rmalar\u0131 Dergisi &#8211; Cilt 9 Say\u0131 1"},"content":{"rendered":"<p>Derginin 17. say\u0131s\u0131nda; kentin \u00e7e\u015fitli b\u00f6lgelerinde ya\u015fanan g\u00fcncel sorunlar, yerel y\u00f6netim unsurlar\u0131, k\u00fclt\u00fcrel bellek ve kimlik, mimarl\u0131k tarihi ve kent belle\u011fi, korunmas\u0131 gerekli k\u00fclt\u00fcr varl\u0131klar\u0131, geleneksel k\u00fclt\u00fcr \u00f6\u011feleri, peyzaj de\u011ferleri, diplomasi tarihi gibi farkl\u0131 alanlara odaklanan makaleler yer almaktad\u0131r. \u0130lk makale  Sara\u00e7o\u011flu Mahallesi\u2019ni bir k\u00fclt\u00fcr varl\u0131\u011f\u0131 ve bellek mek\u00e2n\u0131 olarak ele almakta ve konutlar\u0131; literat\u00fcr taramalar\u0131, g\u00f6zlemler ve hayatlar\u0131n\u0131n bir d\u00f6neminde bu mahallede, bu konutlarda ya\u015fam\u0131\u015f, ula\u015f\u0131labilen ki\u015filerin tan\u0131kl\u0131klar\u0131 ba\u011flam\u0131nda incelemektedir.  Derginin ikinci makalesinde, yerel y\u00f6netimlerin hizmet alanlar\u0131 i\u00e7erisinde yer alan k\u00fclt\u00fcr merkezlerinin isimlendirme tercihleri \u00fczerinden bir \u00e7\u00f6z\u00fcmleme yap\u0131lmaktad\u0131r.  T\u00fcrkiye\u2019nin en k\u00f6kl\u00fc mobilya merkezlerinden biri olan  Siteler mobilya \u00fcretim b\u00f6lgesini ele alan bir di\u011fer makalede, b\u00f6lge i\u00e7in bir  \u2018tasar\u0131m merkezi\u2019 \u00f6nerisi getirilmekte; d\u00f6rd\u00fcnc\u00fc makalede  ise geleneksel k\u00fclt\u00fcr \u00f6\u011felerimizden olan k\u0131na gecesinin pek \u00e7ok unsurunun g\u00f6steri ve e\u011flence y\u00f6n\u00fcn\u00fc \u00f6ne \u00e7\u0131kartacak \u015fekilde nas\u0131l de\u011fi\u015ftirildi\u011fi, pek \u00e7ok y\u00f6n\u00fcn\u00fcn i\u015flevsel olarak  organizasyon firmalar\u0131 arac\u0131l\u0131\u011f\u0131yla nas\u0131l d\u00f6n\u00fc\u015ft\u00fcr\u00fcld\u00fc\u011f\u00fcn\u00fc  Hamam\u00f6n\u00fc \u00f6l\u00e7e\u011finde incelenmektedir.     Peyzaj odakl\u0131 \u015fehircili\u011fin Ankara ba\u011flam\u0131nda tart\u0131\u015f\u0131lmas\u0131n\u0131 m\u00fcmk\u00fcn k\u0131lmak amac\u0131n\u0131 ta\u015f\u0131yan makalenin ard\u0131ndan yer alan \u00e7al\u0131\u015fmada ise  \u0130ngiltere\u2019nin,  II. D\u00fcnya Sava\u015f\u0131  s\u00fcresince ve sonras\u0131nda \u0130ngiliz K\u00fclt\u00fcr Heyeti arac\u0131l\u0131\u011f\u0131yla Ankara\u2019da d\u00fczenledi\u011fi resim ve grafik, mimari, e\u011fitim kurumlar\u0131, kitap sergileri, \u015fehircilik, mobilya, foto\u011fraf alanlar\u0131nda  sergilerle T\u00fcrkiye ile  ili\u015fkilerini nas\u0131l g\u00fc\u00e7lendirdi\u011fi  anlat\u0131lmaktad\u0131r.   Ulus b\u00f6lgesindeki neoliberal kentsel yenileme s\u00fcrecinin \u201cmakbul\u201d kad\u0131n kurgusuna etkilerini tart\u0131\u015fan; Haymana\u2019daki Karahoca K\u00f6y\u00fc Camisi\u2019nin 20. y\u00fczy\u0131l ba\u015flar\u0131nda yap\u0131lm\u0131\u015f olan bezemelerini inceleyen ve ve 1940-1980 aras\u0131 aras\u0131nda caz m\u00fczi\u011finin Ankara\u2019da nas\u0131l ba\u015flad\u0131\u011f\u0131na ve geli\u015fti\u011fine dair tarihsel s\u00fcreci inceleyen makalelerin ard\u0131ndan da g\u00f6r\u00fc\u015f yaz\u0131lar\u0131 b\u00f6l\u00fcm\u00fcnde, yazar\u0131n\u0131n\u0131n T\u00fcrk\u00e7e\u2019ye \u00e7evirerek literat\u00fcre kazand\u0131rd\u0131\u011f\u0131 \u00e7al\u0131\u015fma ile, Sovyet edebiyat\u00e7\u0131 Lev Nikulin\u2019in 1934 y\u0131l\u0131nda Novy Mir adl\u0131 dergisinde yay\u0131mlanan, T\u00fcrkiye seyahatine ili\u015fkin notlar\u0131 ilk defa g\u00fcn y\u00fcz\u00fcne \u00e7\u0131kmaktad\u0131r.  <\/p>\n","protected":false},"excerpt":{"rendered":"<p>Derginin 17. say\u0131s\u0131nda; kentin \u00e7e\u015fitli b\u00f6lgelerinde ya\u015fanan g\u00fcncel sorunlar, yerel y\u00f6netim unsurlar\u0131, k\u00fclt\u00fcrel bellek ve kimlik, mimarl\u0131k tarihi ve kent belle\u011fi, korunmas\u0131 gerekli k\u00fclt\u00fcr varl\u0131klar\u0131, geleneksel<span class=\"excerpt-hellip\"> [\u2026]<\/span><\/p>\n","protected":false},"featured_media":0,"template":"","meta":{"_monsterinsights_skip_tracking":false,"_monsterinsights_sitenote_active":false,"_monsterinsights_sitenote_note":"","_monsterinsights_sitenote_category":0},"product_brand":[],"product_cat":[13527],"product_tag":[],"class_list":{"0":"post-732989","1":"product","2":"type-product","3":"status-publish","5":"product_cat-sureli-yayinlar","6":"pa_cilt-ciltsiz","7":"pa_tur-dergi","8":"pa_yayinevi-vekam-koc-universitesi-vehbi-koc-ankara-arastirmalari-uygulama-ve-arastirma-merkezi","9":"pa_yazar-vekam-kolektif","11":"first","12":"instock","13":"sale","14":"shipping-taxable","15":"purchasable","16":"product-type-simple"},"_links":{"self":[{"href":"https:\/\/roveyayinevi.com.tr\/index.php\/wp-json\/wp\/v2\/product\/732989","targetHints":{"allow":["GET"]}}],"collection":[{"href":"https:\/\/roveyayinevi.com.tr\/index.php\/wp-json\/wp\/v2\/product"}],"about":[{"href":"https:\/\/roveyayinevi.com.tr\/index.php\/wp-json\/wp\/v2\/types\/product"}],"wp:attachment":[{"href":"https:\/\/roveyayinevi.com.tr\/index.php\/wp-json\/wp\/v2\/media?parent=732989"}],"wp:term":[{"taxonomy":"product_brand","embeddable":true,"href":"https:\/\/roveyayinevi.com.tr\/index.php\/wp-json\/wp\/v2\/product_brand?post=732989"},{"taxonomy":"product_cat","embeddable":true,"href":"https:\/\/roveyayinevi.com.tr\/index.php\/wp-json\/wp\/v2\/product_cat?post=732989"},{"taxonomy":"product_tag","embeddable":true,"href":"https:\/\/roveyayinevi.com.tr\/index.php\/wp-json\/wp\/v2\/product_tag?post=732989"}],"curies":[{"name":"wp","href":"https:\/\/api.w.org\/{rel}","templated":true}]}}