{"id":732988,"date":"2025-08-27T22:01:00","date_gmt":"2025-08-27T19:01:00","guid":{"rendered":"https:\/\/roveyayinevi.com.tr\/index.php\/urun\/psikanalitik-denemeler\/"},"modified":"2026-04-16T02:40:48","modified_gmt":"2026-04-15T23:40:48","slug":"psikanalitik-denemeler","status":"publish","type":"product","link":"https:\/\/roveyayinevi.com.tr\/index.php\/urun\/psikanalitik-denemeler\/","title":{"rendered":"Psikanalitik Denemeler"},"content":{"rendered":"<p>T\u00fcrkiye\u2019de psikanalizin kurumsalla\u015fmas\u0131n\u0131n ilk y\u0131llar\u0131na tan\u0131kl\u0131k eden yaz\u0131lar\u0131yla tarihe kay\u0131t d\u00fc\u015fmeye devam eden Talat Parman, bu derlemede, bir psikanalist olarak hem uygulamada hem de kuramsal alanda \u00f6zellikle ilgi duydu\u011fu ergenlik, aile ve annebabal\u0131kla ilgili konular\u0131 merkeze al\u0131yor; mimariden, sinemadan ve g\u00fczel sanatlardan beslenen zengin \u00f6rneklerle deneme t\u00fcr\u00fc ile psikanaliz aras\u0131nda sa\u011flam bir k\u00f6pr\u00fc kuruyor.   \u00c7o\u011fu ki\u015fi i\u00e7in psikanaliz divan\u0131n\u0131n yaratt\u0131\u011f\u0131 en b\u00fcy\u00fck kayg\u0131 de\u011fi\u015fimle ilgilidir. (&#8230;) \u201cDivanda da\u011f\u0131ld\u0131\u201d diye \u00f6zetlenebilecek kent efsanesinin etkisiyle daha beter olmaktan korkulur. Oysa psikanalitik s\u00fcrecin bireye sundu\u011fu en \u00f6nemli \u00f6neri \u201cyineleme zorlant\u0131s\u0131ndan\u201d \u00e7\u0131kabilme olana\u011f\u0131d\u0131r. \u00d6yleyse de\u011fi\u015fimin olumlu olarak nitelenebilmesi i\u00e7erdi\u011fi yeniliklerle do\u011fru orant\u0131l\u0131d\u0131r; yeni ili\u015fkiler, yeni ilgiler ve elbette yeni tepkiler. (&#8230;) Bu iyidir! Bir yinelemenin sonucu olmayan ger\u00e7ek yeni daima iyidir. \u00c7\u00fcnk\u00fc yineleme ve yenileme birbirinin tersidir. <\/p>\n","protected":false},"excerpt":{"rendered":"<p>T\u00fcrkiye\u2019de psikanalizin kurumsalla\u015fmas\u0131n\u0131n ilk y\u0131llar\u0131na tan\u0131kl\u0131k eden yaz\u0131lar\u0131yla tarihe kay\u0131t d\u00fc\u015fmeye devam eden Talat Parman, bu derlemede, bir psikanalist olarak hem uygulamada hem de kuramsal alanda<span class=\"excerpt-hellip\"> [\u2026]<\/span><\/p>\n","protected":false},"featured_media":0,"template":"","meta":{"_monsterinsights_skip_tracking":false,"_monsterinsights_sitenote_active":false,"_monsterinsights_sitenote_note":"","_monsterinsights_sitenote_category":0},"product_brand":[],"product_cat":[12777,12291],"product_tag":[],"class_list":{"0":"post-732988","1":"product","2":"type-product","3":"status-publish","5":"product_cat-deneme","6":"product_cat-edebiyat","7":"pa_cilt-ciltsiz","8":"pa_tur-kitap","9":"pa_yayinevi-yapi-kredi-yayinlari","10":"pa_yazar-talat-parman","12":"first","13":"instock","14":"sale","15":"shipping-taxable","16":"purchasable","17":"product-type-simple"},"_links":{"self":[{"href":"https:\/\/roveyayinevi.com.tr\/index.php\/wp-json\/wp\/v2\/product\/732988","targetHints":{"allow":["GET"]}}],"collection":[{"href":"https:\/\/roveyayinevi.com.tr\/index.php\/wp-json\/wp\/v2\/product"}],"about":[{"href":"https:\/\/roveyayinevi.com.tr\/index.php\/wp-json\/wp\/v2\/types\/product"}],"wp:attachment":[{"href":"https:\/\/roveyayinevi.com.tr\/index.php\/wp-json\/wp\/v2\/media?parent=732988"}],"wp:term":[{"taxonomy":"product_brand","embeddable":true,"href":"https:\/\/roveyayinevi.com.tr\/index.php\/wp-json\/wp\/v2\/product_brand?post=732988"},{"taxonomy":"product_cat","embeddable":true,"href":"https:\/\/roveyayinevi.com.tr\/index.php\/wp-json\/wp\/v2\/product_cat?post=732988"},{"taxonomy":"product_tag","embeddable":true,"href":"https:\/\/roveyayinevi.com.tr\/index.php\/wp-json\/wp\/v2\/product_tag?post=732988"}],"curies":[{"name":"wp","href":"https:\/\/api.w.org\/{rel}","templated":true}]}}