{"id":732987,"date":"2025-08-27T22:00:59","date_gmt":"2025-08-27T19:00:59","guid":{"rendered":"https:\/\/roveyayinevi.com.tr\/index.php\/urun\/kus-bakisi-butun-siirleri-1969-2018\/"},"modified":"2026-04-16T02:40:48","modified_gmt":"2026-04-15T23:40:48","slug":"kus-bakisi-butun-siirleri-1969-2018","status":"publish","type":"product","link":"https:\/\/roveyayinevi.com.tr\/index.php\/urun\/kus-bakisi-butun-siirleri-1969-2018\/","title":{"rendered":"Ku\u015f Bak\u0131\u015f\u0131 &#8211; B\u00fct\u00fcn \u015eiirleri (1969-2018)"},"content":{"rendered":"<p>\u0130zzet Yasar\u2019\u0131n b\u00fct\u00fcn \u015fiirleri tek ciltte topland\u0131 Ku\u015f Bak\u0131\u015f\u0131 \u2013 B\u00fct\u00fcn \u015eiirleri (1969-2018)   2018 y\u0131l\u0131nda aram\u0131zdan ayr\u0131lan \u0130zzet Yasar\u2019\u0131n t\u00fcm \u015fiir kitaplar\u0131 ile dergi sayfalar\u0131nda ve \u00e7ekmecesinde kalm\u0131\u015f \u015fiirleri Ku\u015f Bak\u0131\u015f\u0131 ad\u0131 alt\u0131nda topland\u0131. Ku\u015f Bak\u0131\u015f\u0131, \u015fairin 1969-2018 y\u0131llar\u0131 aras\u0131nda yay\u0131mlad\u0131\u011f\u0131 Kanama (1974), Yeni Ku\u015f Bak\u0131\u015f\u0131 (1979), \u00d6l\u00fc Kitap (1982), Dil Oyunlar\u0131 (2002), Asla Yazamayacaks\u0131n O \u015eiiri (2007), Ba\u015fka Ak\u0131l Pe\u015finde (2010), \u015eifa ile Taburcu (2018) kitaplar\u0131n\u0131n yan\u0131 s\u0131ra daktiloya \u00e7ekilip yay\u0131mlanmam\u0131\u015f ya da \u00e7\u0131kt\u0131\u011f\u0131 dergilerde kalm\u0131\u015f \u015fiirlerinden olu\u015fuyor. \u00c7a\u011fda\u015f \u015fiirimizin son elli y\u0131l\u0131nda \u00f6zel ve ayr\u0131ks\u0131 bir yeri olan \u0130zzet Yasar ele\u015ftirel, ayk\u0131r\u0131, alayc\u0131 tutumunu b\u00fcy\u00fck bir ustal\u0131kla \u015fiirle\u015ftiriyor. \u201cB\u00fcy\u00fck meseleler\u201d onun \u015fiirinde dilin \u00fccra k\u00f6\u015felerine ta\u015f\u0131narak yeniden tan\u0131mlan\u0131yor. Ece Ayhan\u2019dan \u0130lhan Berk\u2019e Murat Belge\u2019den Orhan Ko\u00e7ak\u2019a pek \u00e7ok \u015fair ve ele\u015ftirmen \u0130zzet Yasar \u015fiirini de\u011ferlendirmi\u015ftir. \u0130LHAN BERK: Bug\u00fcn \u0130zzet Yasar bir ba\u015f\u0131na kapal\u0131, \u00e7etin, lanetli bir \u015fiiri s\u00fcrd\u00fcr\u00fcyor. Neredeyse, anla\u015f\u0131lmak, payla\u015f\u0131lmak istemiyor gibidir. Ya ger\u00e7ek mi? Onun i\u00e7in \u015fiirde as\u0131l ger\u00e7ek, ger\u00e7ek olmamakta yatar \u00e7\u00fcnk\u00fc. MURAT BELGE: \u0130zzet Yasar\u2019\u0131n ta ba\u015f\u0131ndan beri de\u011fi\u015fmeyen bir \u00f6zelli\u011fi, sesi hem bir uyum hem de Joyce\u2019u akla getiren \u201cakustik \u00e7a\u011fr\u0131\u015f\u0131mlar\u201d yapmak i\u00e7in kullanmas\u0131d\u0131r. \u201cNe ulu uyan\u0131\u015f ve ne kutlu unutu\u015ftu\u201d derken birinci i\u015flev, \u201cKorkma bu erkek erk seni asla etmeyecek terk\u201d derken daha \u00e7ok ikinci i\u015flevi ve hen\u00fcz s\u00f6ylemedi\u011fim \u00fc\u00e7\u00fcnc\u00fc i\u015flevi \u00f6ne \u00e7\u0131k\u0131yor: Bu \u00fc\u00e7\u00fcnc\u00fcs\u00fc de gene \u00e7ok yanl\u0131 mizah\u0131n\u0131 \u00fcretti\u011fi ara\u00e7lardan biri. ORHAN KO\u00c7AK: Baba\u2019n\u0131n Rejimi, Baba\u2019n\u0131n Yasas\u0131d\u0131r Yasar\u2019\u0131n hep didi\u015fti\u011fi, k\u0131saca Yasa. Bu durumda kendi soyad\u0131n\u0131n yaratt\u0131\u011f\u0131 ironiyi fark etmemi\u015f olamazd\u0131; bolca yararlanm\u0131\u015ft\u0131r bu uyu\u015fmazl\u0131ktan, \u015fiirini bu \u201cyasamayan yasarl\u0131k\u201d konumuna \u00e7ekilerek yaratm\u0131\u015ft\u0131r \u2013 \u015f\u2019leri de unutmadan. \u0130ZZET YASAR: Ben \u201cyarg\u0131layan\u201d durumunda olmak istemiyorum. \u015eiirimizin yak\u0131n tarihi \u00fcst\u00fcne fikir beyan etmek istemiyorum. Beh\u00e7et Necatigil\u2019in dedi\u011fi gibi, biz i\u015fimize bakal\u0131m. M\u0131zm\u0131z ya da h\u0131r\u00e7\u0131n, iyi \u015fiir yazmaya \u00e7al\u0131\u015fal\u0131m. Yarg\u0131y\u0131 zaman verir. Eninde sonunda iyi \u015fiir k\u00f6t\u00fc \u015fiiri kovar. <\/p>\n","protected":false},"excerpt":{"rendered":"<p>\u0130zzet Yasar\u2019\u0131n b\u00fct\u00fcn \u015fiirleri tek ciltte topland\u0131 Ku\u015f Bak\u0131\u015f\u0131 \u2013 B\u00fct\u00fcn \u015eiirleri (1969-2018) 2018 y\u0131l\u0131nda aram\u0131zdan ayr\u0131lan \u0130zzet Yasar\u2019\u0131n t\u00fcm \u015fiir kitaplar\u0131 ile dergi sayfalar\u0131nda ve<span class=\"excerpt-hellip\"> [\u2026]<\/span><\/p>\n","protected":false},"featured_media":0,"template":"","meta":{"_monsterinsights_skip_tracking":false,"_monsterinsights_sitenote_active":false,"_monsterinsights_sitenote_note":"","_monsterinsights_sitenote_category":0},"product_brand":[],"product_cat":[12291,12509],"product_tag":[],"class_list":{"0":"post-732987","1":"product","2":"type-product","3":"status-publish","5":"product_cat-edebiyat","6":"product_cat-siir","7":"pa_cilt-ciltsiz","8":"pa_tur-kitap","9":"pa_yayinevi-yapi-kredi-yayinlari","10":"pa_yazar-izzet-yasar","12":"first","13":"instock","14":"sale","15":"shipping-taxable","16":"purchasable","17":"product-type-simple"},"_links":{"self":[{"href":"https:\/\/roveyayinevi.com.tr\/index.php\/wp-json\/wp\/v2\/product\/732987","targetHints":{"allow":["GET"]}}],"collection":[{"href":"https:\/\/roveyayinevi.com.tr\/index.php\/wp-json\/wp\/v2\/product"}],"about":[{"href":"https:\/\/roveyayinevi.com.tr\/index.php\/wp-json\/wp\/v2\/types\/product"}],"wp:attachment":[{"href":"https:\/\/roveyayinevi.com.tr\/index.php\/wp-json\/wp\/v2\/media?parent=732987"}],"wp:term":[{"taxonomy":"product_brand","embeddable":true,"href":"https:\/\/roveyayinevi.com.tr\/index.php\/wp-json\/wp\/v2\/product_brand?post=732987"},{"taxonomy":"product_cat","embeddable":true,"href":"https:\/\/roveyayinevi.com.tr\/index.php\/wp-json\/wp\/v2\/product_cat?post=732987"},{"taxonomy":"product_tag","embeddable":true,"href":"https:\/\/roveyayinevi.com.tr\/index.php\/wp-json\/wp\/v2\/product_tag?post=732987"}],"curies":[{"name":"wp","href":"https:\/\/api.w.org\/{rel}","templated":true}]}}