{"id":732983,"date":"2025-08-27T22:00:54","date_gmt":"2025-08-27T19:00:54","guid":{"rendered":"https:\/\/roveyayinevi.com.tr\/index.php\/urun\/blacksad-cilt-1-golgeler-arasinda-bir-yerde\/"},"modified":"2026-04-16T02:40:48","modified_gmt":"2026-04-15T23:40:48","slug":"blacksad-cilt-1-golgeler-arasinda-bir-yerde","status":"publish","type":"product","link":"https:\/\/roveyayinevi.com.tr\/index.php\/urun\/blacksad-cilt-1-golgeler-arasinda-bir-yerde\/","title":{"rendered":"Blacksad Cilt 1 &#8211; G\u00f6lgeler Aras\u0131nda Bir Yerde"},"content":{"rendered":"<p>\u201cBazen, b\u00fcroma girdi\u011fimde, eski bir uygarl\u0131\u011f\u0131n kal\u0131nt\u0131lar\u0131 aras\u0131nda y\u00fcr\u00fcr gibi olurum. Oraya h\u00e2kim olan da\u011f\u0131n\u0131kl\u0131k y\u00fcz\u00fcnden de\u011fil, daha ziyade bir zamanlar oldu\u011fum uygar kediden geriye kalanlara benzedi\u011fi i\u00e7in.\u201d <\/p>\n","protected":false},"excerpt":{"rendered":"<p>\u201cBazen, b\u00fcroma girdi\u011fimde, eski bir uygarl\u0131\u011f\u0131n kal\u0131nt\u0131lar\u0131 aras\u0131nda y\u00fcr\u00fcr gibi olurum. Oraya h\u00e2kim olan da\u011f\u0131n\u0131kl\u0131k y\u00fcz\u00fcnden de\u011fil, daha ziyade bir zamanlar oldu\u011fum uygar kediden geriye kalanlara<span class=\"excerpt-hellip\"> [\u2026]<\/span><\/p>\n","protected":false},"featured_media":0,"template":"","meta":{"_monsterinsights_skip_tracking":false,"_monsterinsights_sitenote_active":false,"_monsterinsights_sitenote_note":"","_monsterinsights_sitenote_category":0},"product_brand":[],"product_cat":[12416,12291],"product_tag":[],"class_list":{"0":"post-732983","1":"product","2":"type-product","3":"status-publish","5":"product_cat-cizgi-roman","6":"product_cat-edebiyat","7":"pa_cilt-ciltsiz","8":"pa_tur-kitap","9":"pa_yayinevi-yapi-kredi-yayinlari","10":"pa_yazar-juan-diaz-canales","12":"first","13":"instock","14":"sale","15":"shipping-taxable","16":"purchasable","17":"product-type-simple"},"_links":{"self":[{"href":"https:\/\/roveyayinevi.com.tr\/index.php\/wp-json\/wp\/v2\/product\/732983","targetHints":{"allow":["GET"]}}],"collection":[{"href":"https:\/\/roveyayinevi.com.tr\/index.php\/wp-json\/wp\/v2\/product"}],"about":[{"href":"https:\/\/roveyayinevi.com.tr\/index.php\/wp-json\/wp\/v2\/types\/product"}],"wp:attachment":[{"href":"https:\/\/roveyayinevi.com.tr\/index.php\/wp-json\/wp\/v2\/media?parent=732983"}],"wp:term":[{"taxonomy":"product_brand","embeddable":true,"href":"https:\/\/roveyayinevi.com.tr\/index.php\/wp-json\/wp\/v2\/product_brand?post=732983"},{"taxonomy":"product_cat","embeddable":true,"href":"https:\/\/roveyayinevi.com.tr\/index.php\/wp-json\/wp\/v2\/product_cat?post=732983"},{"taxonomy":"product_tag","embeddable":true,"href":"https:\/\/roveyayinevi.com.tr\/index.php\/wp-json\/wp\/v2\/product_tag?post=732983"}],"curies":[{"name":"wp","href":"https:\/\/api.w.org\/{rel}","templated":true}]}}