{"id":732979,"date":"2025-08-27T22:00:50","date_gmt":"2025-08-27T19:00:50","guid":{"rendered":"https:\/\/roveyayinevi.com.tr\/index.php\/urun\/dunyamizi-degistiren-on-iki-hastalik\/"},"modified":"2026-04-16T02:40:47","modified_gmt":"2026-04-15T23:40:47","slug":"dunyamizi-degistiren-on-iki-hastalik","status":"publish","type":"product","link":"https:\/\/roveyayinevi.com.tr\/index.php\/urun\/dunyamizi-degistiren-on-iki-hastalik\/","title":{"rendered":"D\u00fcnyam\u0131z\u0131 De\u011fi\u015ftiren On \u0130ki Hastal\u0131k"},"content":{"rendered":"<p>\u201cBu kitab\u0131n mesaj\u0131 basittir: Ge\u00e7mi\u015f salg\u0131nlar\u0131 anlamak, gelecekteki salg\u0131nlara daha iyi haz\u0131rlanmam\u0131z\u0131 sa\u011flayabilir.\u201d \u0130nsanl\u0131k tarihi hastal\u0131klar tarihidir de denebilir. Milyonlarca insan\u0131n hayat\u0131na mal olan pek \u00e7ok hastal\u0131\u011fa ili\u015fkin bilgi veren say\u0131s\u0131z yaz\u0131l\u0131 kay\u0131t mevcut. Bu kay\u0131tlar \u0131\u015f\u0131\u011f\u0131nda hastal\u0131klar\u0131n yaln\u0131zca bir sa\u011fl\u0131k problemi olmad\u0131\u011f\u0131, \u00f6nemli siyasi, sosyal ve ekonomik sonu\u00e7lar do\u011furdu\u011fu s\u00f6ylenebilir. Alan\u0131nda d\u00fcnyan\u0131n en sayg\u0131n kurulu\u015flar\u0131ndan biri olan Amerikan Mikrobiyoloji Derne\u011fi (ASM) insanl\u0131k tarihini derinden etkilemi\u015f ve halen etkilemekte olan bir d\u00fczine hastal\u0131\u011f\u0131 D\u00fcnyam\u0131z\u0131 De\u011fi\u015ftiren On \u0130ki Hastal\u0131k kitab\u0131nda bir araya getiriyor. Kitapta kolera, s\u0131tma, frengi, grip ve AIDS gibi hastal\u0131klar\u0131n yay\u0131l\u0131m\u0131 ve sonu\u00e7lar\u0131 incelenirken ortaya \u00e7\u0131kan siyasi ve toplumsal sonu\u00e7lar ilgin\u00e7 anekdotlarla anlat\u0131l\u0131yor. A\u015f\u0131lar\u0131n geli\u015ftirilmesi, karantina uygulamalar\u0131n\u0131n ba\u015flat\u0131lmas\u0131 gibi sa\u011fl\u0131kla ilgili oldu\u011fu kadar k\u00f6le ticaretinin yayg\u0131nla\u015fmas\u0131, \u0130kinci D\u00fcnya Sava\u015f\u0131\u2019na giden yolun ta\u015flar\u0131n\u0131n d\u00f6\u015fenmesi ve demografik yap\u0131lar\u0131 d\u00f6n\u00fc\u015ft\u00fcrecek denli kitlesel g\u00f6\u00e7 dalgalar\u0131na neden olmas\u0131 gibi sonu\u00e7lar\u0131yla olduk\u00e7a ilgin\u00e7 bir tarihle okuyucuyu bulu\u015fturuyor. Ayr\u0131ca ge\u00e7mi\u015f salg\u0131nlardan \u00e7\u0131kar\u0131lmas\u0131 gereken dersler ve bu derslerin gelecekte salg\u0131n hastal\u0131klarla m\u00fccadelede ne \u00f6l\u00e7\u00fcde kullan\u0131labilece\u011fi hakk\u0131nda \u00f6nemli ipu\u00e7lar\u0131 da sa\u011fl\u0131yor. <\/p>\n","protected":false},"excerpt":{"rendered":"<p>\u201cBu kitab\u0131n mesaj\u0131 basittir: Ge\u00e7mi\u015f salg\u0131nlar\u0131 anlamak, gelecekteki salg\u0131nlara daha iyi haz\u0131rlanmam\u0131z\u0131 sa\u011flayabilir.\u201d \u0130nsanl\u0131k tarihi hastal\u0131klar tarihidir de denebilir. Milyonlarca insan\u0131n hayat\u0131na mal olan pek \u00e7ok<span class=\"excerpt-hellip\"> [\u2026]<\/span><\/p>\n","protected":false},"featured_media":0,"template":"","meta":{"_monsterinsights_skip_tracking":false,"_monsterinsights_sitenote_active":false,"_monsterinsights_sitenote_note":"","_monsterinsights_sitenote_category":0},"product_brand":[],"product_cat":[13005,15998],"product_tag":[],"class_list":{"0":"post-732979","1":"product","2":"type-product","3":"status-publish","5":"product_cat-bilim-muhendislik","6":"product_cat-bilim-tarihi","7":"pa_cilt-ciltsiz","8":"pa_tur-kitap","9":"pa_yayinevi-is-bankasi-kultur-yayinlari","10":"pa_yazar-irwin-w-sherman","12":"first","13":"instock","14":"sale","15":"shipping-taxable","16":"purchasable","17":"product-type-simple"},"_links":{"self":[{"href":"https:\/\/roveyayinevi.com.tr\/index.php\/wp-json\/wp\/v2\/product\/732979","targetHints":{"allow":["GET"]}}],"collection":[{"href":"https:\/\/roveyayinevi.com.tr\/index.php\/wp-json\/wp\/v2\/product"}],"about":[{"href":"https:\/\/roveyayinevi.com.tr\/index.php\/wp-json\/wp\/v2\/types\/product"}],"wp:attachment":[{"href":"https:\/\/roveyayinevi.com.tr\/index.php\/wp-json\/wp\/v2\/media?parent=732979"}],"wp:term":[{"taxonomy":"product_brand","embeddable":true,"href":"https:\/\/roveyayinevi.com.tr\/index.php\/wp-json\/wp\/v2\/product_brand?post=732979"},{"taxonomy":"product_cat","embeddable":true,"href":"https:\/\/roveyayinevi.com.tr\/index.php\/wp-json\/wp\/v2\/product_cat?post=732979"},{"taxonomy":"product_tag","embeddable":true,"href":"https:\/\/roveyayinevi.com.tr\/index.php\/wp-json\/wp\/v2\/product_tag?post=732979"}],"curies":[{"name":"wp","href":"https:\/\/api.w.org\/{rel}","templated":true}]}}