{"id":732978,"date":"2025-08-27T22:00:49","date_gmt":"2025-08-27T19:00:49","guid":{"rendered":"https:\/\/roveyayinevi.com.tr\/index.php\/urun\/incinin-keyfi-yok-ilk-okuma-kitabim\/"},"modified":"2026-04-16T02:40:47","modified_gmt":"2026-04-15T23:40:47","slug":"incinin-keyfi-yok-ilk-okuma-kitabim","status":"publish","type":"product","link":"https:\/\/roveyayinevi.com.tr\/index.php\/urun\/incinin-keyfi-yok-ilk-okuma-kitabim\/","title":{"rendered":"\u0130nci\u2019nin Keyfi Yok &#8211; \u0130lk Okuma Kitab\u0131m"},"content":{"rendered":"<p>Sabah ya\u011fmurun sesiyle uyanan \u0130nci, okula ge\u00e7 kald\u0131. Yapt\u0131\u011f\u0131 g\u00fczel resmin \u00fczerine su d\u00f6k\u00fcld\u00fc. O g\u00fcn her \u015fey ters gidiyordu sanki. \u0130nci\u2019nin bozulan morali nas\u0131l d\u00fczelebilirdi? Neyse ki \u0130nci\u2019nin keyfini yerine getirmek i\u00e7in \u00e7areler \u00e7oktu\u2026 \u00c7ocuklar\u0131n g\u00fcndelik hayatta kar\u015f\u0131la\u015ft\u0131klar\u0131 \u00f6nemli sorunlardan biri, sevgi dolu bir dille anlat\u0131l\u0131yor. Ebeveyn ve \u00f6\u011fretmenlere, keyifsizlik ve moral bozuklu\u011fuyla ba\u015fa \u00e7\u0131kma yollar\u0131n\u0131 anlatan ebeveyn mektubunu da kitab\u0131n sonunda bulabilirsiniz. <\/p>\n","protected":false},"excerpt":{"rendered":"<p>Sabah ya\u011fmurun sesiyle uyanan \u0130nci, okula ge\u00e7 kald\u0131. Yapt\u0131\u011f\u0131 g\u00fczel resmin \u00fczerine su d\u00f6k\u00fcld\u00fc. O g\u00fcn her \u015fey ters gidiyordu sanki. \u0130nci\u2019nin bozulan morali nas\u0131l d\u00fczelebilirdi?<span class=\"excerpt-hellip\"> [\u2026]<\/span><\/p>\n","protected":false},"featured_media":0,"template":"","meta":{"_monsterinsights_skip_tracking":false,"_monsterinsights_sitenote_active":false,"_monsterinsights_sitenote_note":"","_monsterinsights_sitenote_category":0},"product_brand":[],"product_cat":[12274,12518],"product_tag":[],"class_list":{"0":"post-732978","1":"product","2":"type-product","3":"status-publish","5":"product_cat-cocuk-ve-genclik-kitaplari","6":"product_cat-okul-oncesi-kitaplar","7":"pa_cilt-ciltsiz","8":"pa_tur-kitap","9":"pa_yayinevi-is-bankasi-kultur-yayinlari","10":"pa_yazar-anna-wagenhoff","12":"first","13":"instock","14":"sale","15":"shipping-taxable","16":"purchasable","17":"product-type-simple"},"_links":{"self":[{"href":"https:\/\/roveyayinevi.com.tr\/index.php\/wp-json\/wp\/v2\/product\/732978","targetHints":{"allow":["GET"]}}],"collection":[{"href":"https:\/\/roveyayinevi.com.tr\/index.php\/wp-json\/wp\/v2\/product"}],"about":[{"href":"https:\/\/roveyayinevi.com.tr\/index.php\/wp-json\/wp\/v2\/types\/product"}],"wp:attachment":[{"href":"https:\/\/roveyayinevi.com.tr\/index.php\/wp-json\/wp\/v2\/media?parent=732978"}],"wp:term":[{"taxonomy":"product_brand","embeddable":true,"href":"https:\/\/roveyayinevi.com.tr\/index.php\/wp-json\/wp\/v2\/product_brand?post=732978"},{"taxonomy":"product_cat","embeddable":true,"href":"https:\/\/roveyayinevi.com.tr\/index.php\/wp-json\/wp\/v2\/product_cat?post=732978"},{"taxonomy":"product_tag","embeddable":true,"href":"https:\/\/roveyayinevi.com.tr\/index.php\/wp-json\/wp\/v2\/product_tag?post=732978"}],"curies":[{"name":"wp","href":"https:\/\/api.w.org\/{rel}","templated":true}]}}