{"id":732977,"date":"2025-08-27T22:00:48","date_gmt":"2025-08-27T19:00:48","guid":{"rendered":"https:\/\/roveyayinevi.com.tr\/index.php\/urun\/benim-adim-pati\/"},"modified":"2026-04-16T02:40:47","modified_gmt":"2026-04-15T23:40:47","slug":"benim-adim-pati","status":"publish","type":"product","link":"https:\/\/roveyayinevi.com.tr\/index.php\/urun\/benim-adim-pati\/","title":{"rendered":"Benim Ad\u0131m Pati"},"content":{"rendered":"<p>Benim ad\u0131m Pati. Afacan bir k\u00f6pe\u011fim. Hadi, \u015fimdi bana e\u015flik edin! Sevimli k\u00f6pek Pati, \u00e7ok g\u00fczel bir g\u00fcn ge\u00e7irdi. Oyun oynad\u0131, \u00f6rdekleri kovalad\u0131, birbirinden lezzetli yiyeceklerin tad\u0131na bakt\u0131. Tabii ki arkada\u015f\u0131yla kucakla\u015fmay\u0131 da unutmad\u0131. \u00d6d\u00fcll\u00fc yazar Peter Bently ve \u00e7ok sevilen \u00e7izer Chris Chatterton\u2019\u0131n minikler i\u00e7in haz\u0131rlad\u0131\u011f\u0131 bu e\u011flenceli \u00f6yk\u00fcy\u00fc \u00e7ok seveceksiniz. <\/p>\n","protected":false},"excerpt":{"rendered":"<p>Benim ad\u0131m Pati. Afacan bir k\u00f6pe\u011fim. Hadi, \u015fimdi bana e\u015flik edin! Sevimli k\u00f6pek Pati, \u00e7ok g\u00fczel bir g\u00fcn ge\u00e7irdi. Oyun oynad\u0131, \u00f6rdekleri kovalad\u0131, birbirinden lezzetli yiyeceklerin<span class=\"excerpt-hellip\"> [\u2026]<\/span><\/p>\n","protected":false},"featured_media":0,"template":"","meta":{"_monsterinsights_skip_tracking":false,"_monsterinsights_sitenote_active":false,"_monsterinsights_sitenote_note":"","_monsterinsights_sitenote_category":0},"product_brand":[],"product_cat":[12274,12518],"product_tag":[],"class_list":{"0":"post-732977","1":"product","2":"type-product","3":"status-publish","5":"product_cat-cocuk-ve-genclik-kitaplari","6":"product_cat-okul-oncesi-kitaplar","7":"pa_cilt-ciltsiz","8":"pa_tur-kitap","9":"pa_yayinevi-is-bankasi-kultur-yayinlari","10":"pa_yazar-peter-bently","12":"first","13":"instock","14":"sale","15":"shipping-taxable","16":"purchasable","17":"product-type-simple"},"_links":{"self":[{"href":"https:\/\/roveyayinevi.com.tr\/index.php\/wp-json\/wp\/v2\/product\/732977","targetHints":{"allow":["GET"]}}],"collection":[{"href":"https:\/\/roveyayinevi.com.tr\/index.php\/wp-json\/wp\/v2\/product"}],"about":[{"href":"https:\/\/roveyayinevi.com.tr\/index.php\/wp-json\/wp\/v2\/types\/product"}],"wp:attachment":[{"href":"https:\/\/roveyayinevi.com.tr\/index.php\/wp-json\/wp\/v2\/media?parent=732977"}],"wp:term":[{"taxonomy":"product_brand","embeddable":true,"href":"https:\/\/roveyayinevi.com.tr\/index.php\/wp-json\/wp\/v2\/product_brand?post=732977"},{"taxonomy":"product_cat","embeddable":true,"href":"https:\/\/roveyayinevi.com.tr\/index.php\/wp-json\/wp\/v2\/product_cat?post=732977"},{"taxonomy":"product_tag","embeddable":true,"href":"https:\/\/roveyayinevi.com.tr\/index.php\/wp-json\/wp\/v2\/product_tag?post=732977"}],"curies":[{"name":"wp","href":"https:\/\/api.w.org\/{rel}","templated":true}]}}