{"id":732976,"date":"2025-08-27T22:00:47","date_gmt":"2025-08-27T19:00:47","guid":{"rendered":"https:\/\/roveyayinevi.com.tr\/index.php\/urun\/canim-babacigim\/"},"modified":"2026-04-16T02:40:47","modified_gmt":"2026-04-15T23:40:47","slug":"canim-babacigim","status":"publish","type":"product","link":"https:\/\/roveyayinevi.com.tr\/index.php\/urun\/canim-babacigim\/","title":{"rendered":"Can\u0131m Babac\u0131\u011f\u0131m"},"content":{"rendered":"<p>Minik Ay\u0131 Puki ne zaman bir zorlukla kar\u015f\u0131la\u015fsa babas\u0131 hep yan\u0131ndad\u0131r. Puki\u2019ye sar\u0131l\u0131r, yard\u0131m eder. Puki ve ailesi, s\u0131ra d\u0131\u015f\u0131 bir g\u00fcn ge\u00e7iriyor. \u00d6nce Puki, sonra babas\u0131, ufak tefek aksiliklerle u\u011fra\u015f\u0131yor. Ama Puki, ne yapmas\u0131 gerekti\u011fini \u00e7ok iyi biliyor! <\/p>\n","protected":false},"excerpt":{"rendered":"<p>Minik Ay\u0131 Puki ne zaman bir zorlukla kar\u015f\u0131la\u015fsa babas\u0131 hep yan\u0131ndad\u0131r. Puki\u2019ye sar\u0131l\u0131r, yard\u0131m eder. Puki ve ailesi, s\u0131ra d\u0131\u015f\u0131 bir g\u00fcn ge\u00e7iriyor. \u00d6nce Puki, sonra<span class=\"excerpt-hellip\"> [\u2026]<\/span><\/p>\n","protected":false},"featured_media":0,"template":"","meta":{"_monsterinsights_skip_tracking":false,"_monsterinsights_sitenote_active":false,"_monsterinsights_sitenote_note":"","_monsterinsights_sitenote_category":0},"product_brand":[],"product_cat":[12274,12518],"product_tag":[],"class_list":{"0":"post-732976","1":"product","2":"type-product","3":"status-publish","5":"product_cat-cocuk-ve-genclik-kitaplari","6":"product_cat-okul-oncesi-kitaplar","7":"pa_cilt-ciltsiz","8":"pa_tur-kitap","9":"pa_yayinevi-is-bankasi-kultur-yayinlari","10":"pa_yazar-sam-mcbratney","12":"first","13":"instock","14":"sale","15":"shipping-taxable","16":"purchasable","17":"product-type-simple"},"_links":{"self":[{"href":"https:\/\/roveyayinevi.com.tr\/index.php\/wp-json\/wp\/v2\/product\/732976","targetHints":{"allow":["GET"]}}],"collection":[{"href":"https:\/\/roveyayinevi.com.tr\/index.php\/wp-json\/wp\/v2\/product"}],"about":[{"href":"https:\/\/roveyayinevi.com.tr\/index.php\/wp-json\/wp\/v2\/types\/product"}],"wp:attachment":[{"href":"https:\/\/roveyayinevi.com.tr\/index.php\/wp-json\/wp\/v2\/media?parent=732976"}],"wp:term":[{"taxonomy":"product_brand","embeddable":true,"href":"https:\/\/roveyayinevi.com.tr\/index.php\/wp-json\/wp\/v2\/product_brand?post=732976"},{"taxonomy":"product_cat","embeddable":true,"href":"https:\/\/roveyayinevi.com.tr\/index.php\/wp-json\/wp\/v2\/product_cat?post=732976"},{"taxonomy":"product_tag","embeddable":true,"href":"https:\/\/roveyayinevi.com.tr\/index.php\/wp-json\/wp\/v2\/product_tag?post=732976"}],"curies":[{"name":"wp","href":"https:\/\/api.w.org\/{rel}","templated":true}]}}