{"id":732974,"date":"2025-08-27T22:00:45","date_gmt":"2025-08-27T19:00:45","guid":{"rendered":"https:\/\/roveyayinevi.com.tr\/index.php\/urun\/harika-bir-gun\/"},"modified":"2026-04-16T02:40:47","modified_gmt":"2026-04-15T23:40:47","slug":"harika-bir-gun","status":"publish","type":"product","link":"https:\/\/roveyayinevi.com.tr\/index.php\/urun\/harika-bir-gun\/","title":{"rendered":"Harika Bir G\u00fcn"},"content":{"rendered":"<p>\u201cBug\u00fcn \u00e7ok i\u015fimiz var!\u201d \u0130ki karde\u015f, \u00e7ok heyecanl\u0131. \u00c7\u00fcnk\u00fc Zarafet Teyze\u2019yi ziyaret edecekler. \u00dcstelik, geceyi orada ge\u00e7irecekler. Kim bilir ne \u00e7ok e\u011flenecekler&#8230; O da ne! Zarafet Teyze, yap\u0131lacak i\u015flerin bir listesini \u00e7\u0131karm\u0131\u015f. Bah\u00e7e sulama, meyve toplama, \u00e7ama\u015f\u0131r asma&#8230; Daha neler neler. Ama Zarafet Teyze, en s\u0131k\u0131c\u0131 i\u015fleri bile e\u011flenceli hale getirebilen biri. Bakal\u0131m g\u00fcn nas\u0131l ge\u00e7ecek! <\/p>\n","protected":false},"excerpt":{"rendered":"<p>\u201cBug\u00fcn \u00e7ok i\u015fimiz var!\u201d \u0130ki karde\u015f, \u00e7ok heyecanl\u0131. \u00c7\u00fcnk\u00fc Zarafet Teyze\u2019yi ziyaret edecekler. \u00dcstelik, geceyi orada ge\u00e7irecekler. Kim bilir ne \u00e7ok e\u011flenecekler&#8230; O da ne! Zarafet<span class=\"excerpt-hellip\"> [\u2026]<\/span><\/p>\n","protected":false},"featured_media":0,"template":"","meta":{"_monsterinsights_skip_tracking":false,"_monsterinsights_sitenote_active":false,"_monsterinsights_sitenote_note":"","_monsterinsights_sitenote_category":0},"product_brand":[],"product_cat":[12274,12518],"product_tag":[],"class_list":{"0":"post-732974","1":"product","2":"type-product","3":"status-publish","5":"product_cat-cocuk-ve-genclik-kitaplari","6":"product_cat-okul-oncesi-kitaplar","7":"pa_cilt-ciltsiz","8":"pa_tur-kitap","9":"pa_yayinevi-is-bankasi-kultur-yayinlari","10":"pa_yazar-rebecca-cobb","12":"first","13":"instock","14":"sale","15":"shipping-taxable","16":"purchasable","17":"product-type-simple"},"_links":{"self":[{"href":"https:\/\/roveyayinevi.com.tr\/index.php\/wp-json\/wp\/v2\/product\/732974","targetHints":{"allow":["GET"]}}],"collection":[{"href":"https:\/\/roveyayinevi.com.tr\/index.php\/wp-json\/wp\/v2\/product"}],"about":[{"href":"https:\/\/roveyayinevi.com.tr\/index.php\/wp-json\/wp\/v2\/types\/product"}],"wp:attachment":[{"href":"https:\/\/roveyayinevi.com.tr\/index.php\/wp-json\/wp\/v2\/media?parent=732974"}],"wp:term":[{"taxonomy":"product_brand","embeddable":true,"href":"https:\/\/roveyayinevi.com.tr\/index.php\/wp-json\/wp\/v2\/product_brand?post=732974"},{"taxonomy":"product_cat","embeddable":true,"href":"https:\/\/roveyayinevi.com.tr\/index.php\/wp-json\/wp\/v2\/product_cat?post=732974"},{"taxonomy":"product_tag","embeddable":true,"href":"https:\/\/roveyayinevi.com.tr\/index.php\/wp-json\/wp\/v2\/product_tag?post=732974"}],"curies":[{"name":"wp","href":"https:\/\/api.w.org\/{rel}","templated":true}]}}