{"id":732971,"date":"2025-08-27T22:00:42","date_gmt":"2025-08-27T19:00:42","guid":{"rendered":"https:\/\/roveyayinevi.com.tr\/index.php\/urun\/ajan-bilbo\/"},"modified":"2026-04-16T02:40:47","modified_gmt":"2026-04-15T23:40:47","slug":"ajan-bilbo","status":"publish","type":"product","link":"https:\/\/roveyayinevi.com.tr\/index.php\/urun\/ajan-bilbo\/","title":{"rendered":"Ajan Bilbo"},"content":{"rendered":"<p>D\u00fcnyaya h\u00e2kim olmak isteyen &#8220;siyah giysili&#8221; k\u00f6t\u00fc adamlar \u00f6yle zehirli bir mikrop geli\u015ftirmi\u015fti ki, bu mikrobun yay\u0131lmas\u0131 t\u00fcm insanl\u0131\u011f\u0131n sonu olabilirdi. Neyse ki \u00c7in&#8217;de bir da\u011f k\u00f6y\u00fcnde ya\u015fayan ya\u015fl\u0131 Kung-Fu Ustas\u0131, bu mikrobu yok edecek bir ila\u00e7 yapm\u0131\u015ft\u0131. Ama ilac\u0131n \u00c7in&#8217;den al\u0131n\u0131p Ajanlar Merkezi&#8217;ne getirilmesi neredeyse imk\u00e2ns\u0131zd\u0131; \u00e7\u00fcnk\u00fc &#8220;siyah giysili&#8221; adamlar da bu ilac\u0131n pe\u015findeydi. Bu g\u00f6revi ancak bir ki\u015fi ba\u015farabilirdi, o da Ajan Bilbo&#8217;ydu! \u0130yilikle k\u00f6t\u00fcl\u00fc\u011f\u00fcn m\u00fccadelesini anlatan ola\u011fan\u00fcst\u00fc, \u015fa\u015f\u0131rt\u0131c\u0131 bir macera&#8230;   &#8220;K\u00f6t\u00fc insanlar, d\u00fcnyan\u0131n pe\u015findeler. Ajan Bilbo&#8217;nun ise d\u00fcnyay\u0131 onlara b\u0131rakmaya hi\u00e7 niyeti yok. Banu Bozdemir&#8217;den heyecan\u0131n dorukta oldu\u011fu bir kitap daha. D\u00fcnyaya sahip olmak isteyen k\u00f6t\u00fclere kar\u015f\u0131 verilen m\u00fccadeleyi \u00e7arp\u0131c\u0131 bir anlat\u0131mla sunan Ajan Bilbo&#8217;da, karakterimiz, kitab\u0131n sonunda d\u00fcnyay\u0131 eskisinden daha g\u00fczel bir yer h\u00e2line getirdi\u011fi i\u00e7in mutluydu. Onun mutlulu\u011funu Banu Bozdemir&#8217;in canl\u0131 \u00fcslubu sayesinde biz de i\u00e7imizde hissettik.&#8221; &#8211;      Seda Ke\u00e7e-T\u00fcrk\u00e7e \u00d6\u011fretmeni  <\/p>\n","protected":false},"excerpt":{"rendered":"<p>D\u00fcnyaya h\u00e2kim olmak isteyen &#8220;siyah giysili&#8221; k\u00f6t\u00fc adamlar \u00f6yle zehirli bir mikrop geli\u015ftirmi\u015fti ki, bu mikrobun yay\u0131lmas\u0131 t\u00fcm insanl\u0131\u011f\u0131n sonu olabilirdi. Neyse ki \u00c7in&#8217;de bir da\u011f<span class=\"excerpt-hellip\"> [\u2026]<\/span><\/p>\n","protected":false},"featured_media":0,"template":"","meta":{"_monsterinsights_skip_tracking":false,"_monsterinsights_sitenote_active":false,"_monsterinsights_sitenote_note":"","_monsterinsights_sitenote_category":0},"product_brand":[],"product_cat":[12275,12274],"product_tag":[],"class_list":{"0":"post-732971","1":"product","2":"type-product","3":"status-publish","5":"product_cat-6-12-yas-kitaplari","6":"product_cat-cocuk-ve-genclik-kitaplari","7":"pa_cilt-ciltsiz","8":"pa_tur-kitap","9":"pa_yayinevi-epsilon-ozel-urun","10":"pa_yazar-banu-bozdemir","12":"first","13":"instock","14":"sale","15":"shipping-taxable","16":"purchasable","17":"product-type-simple"},"_links":{"self":[{"href":"https:\/\/roveyayinevi.com.tr\/index.php\/wp-json\/wp\/v2\/product\/732971","targetHints":{"allow":["GET"]}}],"collection":[{"href":"https:\/\/roveyayinevi.com.tr\/index.php\/wp-json\/wp\/v2\/product"}],"about":[{"href":"https:\/\/roveyayinevi.com.tr\/index.php\/wp-json\/wp\/v2\/types\/product"}],"wp:attachment":[{"href":"https:\/\/roveyayinevi.com.tr\/index.php\/wp-json\/wp\/v2\/media?parent=732971"}],"wp:term":[{"taxonomy":"product_brand","embeddable":true,"href":"https:\/\/roveyayinevi.com.tr\/index.php\/wp-json\/wp\/v2\/product_brand?post=732971"},{"taxonomy":"product_cat","embeddable":true,"href":"https:\/\/roveyayinevi.com.tr\/index.php\/wp-json\/wp\/v2\/product_cat?post=732971"},{"taxonomy":"product_tag","embeddable":true,"href":"https:\/\/roveyayinevi.com.tr\/index.php\/wp-json\/wp\/v2\/product_tag?post=732971"}],"curies":[{"name":"wp","href":"https:\/\/api.w.org\/{rel}","templated":true}]}}