{"id":732970,"date":"2025-08-27T22:00:41","date_gmt":"2025-08-27T19:00:41","guid":{"rendered":"https:\/\/roveyayinevi.com.tr\/index.php\/urun\/citi-piti-bir-kedi-olmak-istemiyorum\/"},"modified":"2026-04-16T02:40:47","modified_gmt":"2026-04-15T23:40:47","slug":"citi-piti-bir-kedi-olmak-istemiyorum","status":"publish","type":"product","link":"https:\/\/roveyayinevi.com.tr\/index.php\/urun\/citi-piti-bir-kedi-olmak-istemiyorum\/","title":{"rendered":"\u00c7\u0131t\u0131 P\u0131t\u0131 Bir Kedi Olmak \u0130stemiyorum"},"content":{"rendered":"<p>Ayla Han\u0131m&#8217;la Selin&#8217;in kedisi \u00c7\u0131t\u0131, tam bir ev kedisi hayat\u0131 ya\u015famaktad\u0131r. Yedi\u011fi \u00f6n\u00fcnde yemedi\u011fi ard\u0131ndad\u0131r, rahat\u0131 yerindedir. Ancak \u00c7\u0131t\u0131&#8217;n\u0131n \u00e7ok b\u00fcy\u00fck kusuru vard\u0131r: \u00c7\u0131t\u0131, kedi oldu\u011funun bile fark\u0131nda olmayacak kadar bilgisiz ve saft\u0131r! Ayla Han\u0131m&#8217;la Selin&#8217;in, kendisinin hizmet\u00e7ileri oldu\u011funu zanneder; d\u0131\u015far\u0131da bir hayat oldu\u011funu, hatta ve hatta kendisi gibi ba\u015fka kedilerin oldu\u011funu da bilmez. Ama bir g\u00fcn, evinin balkonuna Nit isimli bir karga konar ve \u00c7\u0131t\u0131&#8217;y\u0131 bu bilgisizli\u011finden kurtar\u0131r. \u00c7\u0131t\u0131, daha \u00e7ok \u015fey bilmek isteyen bir kedidir ve d\u0131\u015far\u0131daki hayat\u0131 tan\u0131maya kararl\u0131d\u0131r. \u00c7\u0131t\u0131, \u00e7\u0131t\u0131 p\u0131t\u0131 bir ev kedisi oldu\u011fu g\u00fcnleri geride b\u0131rakacakt\u0131r!     &#8220;Bir kedi oldu\u011funuzu hayal edin. Evet, evet bir kedi; hem de bir ev kedisi. Korunakl\u0131 s\u0131cak bir ev, \u00e7e\u015fit \u00e7e\u015fit mamalar, yumu\u015fak minderler, sizi seven insanlar, kucaktan inmiyorsunuz.Hayattan daha ne istersiniz de\u011fil mi? \u00c7al\u0131\u015fmak yok, yorulmak yok, sorumluluklar yok. \u015eimdi tekrar d\u00fc\u015f\u00fcn\u00fcn l\u00fctfen. Hayat sizin i\u00e7in belirlenenler midir, yoksa sizin se\u00e7imleriniz mi olu\u015fturur hayat\u0131? Kedi \u00c7\u0131t\u0131, \u00e7\u0131t\u0131 p\u0131t\u0131 bir kedi olmak istemiyor. Peki ya siz, siz ne olmak istiyorsunuz?&#8221; &#8211;      Hafize \u00c7\u0131nar G\u00fcner-Yarat\u0131c\u0131 Drama \u00d6\u011fretmeni <\/p>\n","protected":false},"excerpt":{"rendered":"<p>Ayla Han\u0131m&#8217;la Selin&#8217;in kedisi \u00c7\u0131t\u0131, tam bir ev kedisi hayat\u0131 ya\u015famaktad\u0131r. Yedi\u011fi \u00f6n\u00fcnde yemedi\u011fi ard\u0131ndad\u0131r, rahat\u0131 yerindedir. Ancak \u00c7\u0131t\u0131&#8217;n\u0131n \u00e7ok b\u00fcy\u00fck kusuru vard\u0131r: \u00c7\u0131t\u0131, kedi oldu\u011funun<span class=\"excerpt-hellip\"> [\u2026]<\/span><\/p>\n","protected":false},"featured_media":0,"template":"","meta":{"_monsterinsights_skip_tracking":false,"_monsterinsights_sitenote_active":false,"_monsterinsights_sitenote_note":"","_monsterinsights_sitenote_category":0},"product_brand":[],"product_cat":[12275,12274],"product_tag":[],"class_list":{"0":"post-732970","1":"product","2":"type-product","3":"status-publish","5":"product_cat-6-12-yas-kitaplari","6":"product_cat-cocuk-ve-genclik-kitaplari","7":"pa_cilt-ciltsiz","8":"pa_tur-kitap","9":"pa_yayinevi-epsilon-ozel-urun","10":"pa_yazar-renan-ozdemir","12":"first","13":"instock","14":"sale","15":"shipping-taxable","16":"purchasable","17":"product-type-simple"},"_links":{"self":[{"href":"https:\/\/roveyayinevi.com.tr\/index.php\/wp-json\/wp\/v2\/product\/732970","targetHints":{"allow":["GET"]}}],"collection":[{"href":"https:\/\/roveyayinevi.com.tr\/index.php\/wp-json\/wp\/v2\/product"}],"about":[{"href":"https:\/\/roveyayinevi.com.tr\/index.php\/wp-json\/wp\/v2\/types\/product"}],"wp:attachment":[{"href":"https:\/\/roveyayinevi.com.tr\/index.php\/wp-json\/wp\/v2\/media?parent=732970"}],"wp:term":[{"taxonomy":"product_brand","embeddable":true,"href":"https:\/\/roveyayinevi.com.tr\/index.php\/wp-json\/wp\/v2\/product_brand?post=732970"},{"taxonomy":"product_cat","embeddable":true,"href":"https:\/\/roveyayinevi.com.tr\/index.php\/wp-json\/wp\/v2\/product_cat?post=732970"},{"taxonomy":"product_tag","embeddable":true,"href":"https:\/\/roveyayinevi.com.tr\/index.php\/wp-json\/wp\/v2\/product_tag?post=732970"}],"curies":[{"name":"wp","href":"https:\/\/api.w.org\/{rel}","templated":true}]}}